{"id":706,"date":"2022-11-16T21:10:31","date_gmt":"2022-11-16T21:10:31","guid":{"rendered":"https:\/\/demo.creativethemes.com\/elementor\/photo-studio\/?page_id=706"},"modified":"2023-04-26T21:48:58","modified_gmt":"2023-04-26T14:48:58","slug":"about","status":"publish","type":"page","link":"https:\/\/nguyenthanhvu.com\/en\/about\/","title":{"rendered":"About"},"content":{"rendered":"<div data-elementor-type=\"wp-page\" data-elementor-id=\"706\" class=\"elementor elementor-706\">\n\t\t\t\t<div class=\"elementor-element elementor-element-f2eb0d6 e-flex e-con-boxed e-con e-parent\" data-id=\"f2eb0d6\" data-element_type=\"container\" data-settings=\"{&quot;background_background&quot;:&quot;classic&quot;}\">\n\t\t\t\t\t<div class=\"e-con-inner\">\n\t\t<div class=\"elementor-element elementor-element-a0b40b5 e-con-full e-flex elementor-invisible e-con e-child\" data-id=\"a0b40b5\" data-element_type=\"container\" data-settings=\"{&quot;animation&quot;:&quot;fadeIn&quot;}\">\n\t\t\t\t<div class=\"elementor-element elementor-element-817d4a9 elementor-widget elementor-widget-heading\" data-id=\"817d4a9\" data-element_type=\"widget\" data-widget_type=\"heading.default\">\n\t\t\t\t<div class=\"elementor-widget-container\">\n\t\t\t\t\t<h2 class=\"elementor-heading-title elementor-size-default\">About V\u0169's Studio<\/h2>\t\t\t\t<\/div>\n\t\t\t\t<\/div>\n\t\t\t\t<div class=\"elementor-element elementor-element-38fb435 elementor-widget elementor-widget-text-editor\" data-id=\"38fb435\" data-element_type=\"widget\" data-widget_type=\"text-editor.default\">\n\t\t\t\t<div class=\"elementor-widget-container\">\n\t\t\t\t\t\t\t\t\t<p>The studio was created as a place for V\u0169 to focus on his work, as a gallery of V\u0169's works, as a place to interact with viewers and collectors, and as a sharing space. knowledge, teaching for those who are passionate about painting and oil painting materials.<\/p><p>Experiencing with V\u0169's Studio is an experience with\u00a0<strong>dithering<\/strong>,\u00a0<strong>facing oneself<\/strong>,\u00a0<strong>playing colors<\/strong>,\u00a0<strong>feeling materials<\/strong>, thereby\u00a0<strong>creating a connection between oneself and the work.<\/strong><\/p><p>Painting is essentially\u00a0<strong>his own inner feelings<\/strong>\u00a0, V\u0169 does not direct people to the predefind patterns of painting (drawing people must be in the right proportions, drawing objects must be in the correct shape, ...) V\u0169 does not direct 100 people to create 100 identical pictures. Each person is a unique personality, V\u0169's job is to help people\u00a0<strong>put their ego and self-concept into their work<\/strong>\u00a0based on basic theories about composition, about dithering, about all the knowledge that people have. a painter needed.<\/p><p>Therefore, painting is no longer a problem for those who do not know anything, but the problem here is\u00a0<strong>whether you dare to face yourself<\/strong>, put your energy, ideas, and emotions into painting, and\u00a0<strong>dare to set aside the frameworks<\/strong>and things that we inherently assume are obviously right to\u00a0<strong>do something completely new<\/strong>, even wrong, that people call it creativity, or not.<\/p><p>With painting, everything becomes possible.<\/p>\t\t\t\t\t\t\t\t<\/div>\n\t\t\t\t<\/div>\n\t\t\t\t<\/div>\n\t\t<div class=\"elementor-element elementor-element-6e339ef e-flex e-con-boxed e-con e-child\" data-id=\"6e339ef\" data-element_type=\"container\">\n\t\t\t\t\t<div class=\"e-con-inner\">\n\t\t\t\t<div class=\"elementor-element elementor-element-62e63bd elementor-widget elementor-widget-image\" data-id=\"62e63bd\" data-element_type=\"widget\" data-widget_type=\"image.default\">\n\t\t\t\t<div class=\"elementor-widget-container\">\n\t\t\t\t\t\t\t\t\t\t\t\t\t\t\t<img fetchpriority=\"high\" decoding=\"async\" width=\"738\" height=\"985\" src=\"https:\/\/nguyenthanhvu.com\/wp-content\/uploads\/2023\/04\/dfsdfg.jpg\" class=\"attachment-medium_large size-medium_large wp-image-1263\" alt=\"\" srcset=\"https:\/\/nguyenthanhvu.com\/wp-content\/uploads\/2023\/04\/dfsdfg.jpg 738w, https:\/\/nguyenthanhvu.com\/wp-content\/uploads\/2023\/04\/dfsdfg-225x300.jpg 225w, https:\/\/nguyenthanhvu.com\/wp-content\/uploads\/2023\/04\/dfsdfg-9x12.jpg 9w, https:\/\/nguyenthanhvu.com\/wp-content\/uploads\/2023\/04\/dfsdfg-300x400.jpg 300w, https:\/\/nguyenthanhvu.com\/wp-content\/uploads\/2023\/04\/dfsdfg-600x801.jpg 600w\" sizes=\"(max-width: 738px) 100vw, 738px\" \/>\t\t\t\t\t\t\t\t\t\t\t\t\t\t\t<\/div>\n\t\t\t\t<\/div>\n\t\t\t\t\t<\/div>\n\t\t\t\t<\/div>\n\t\t\t\t\t<\/div>\n\t\t\t\t<\/div>\n\t\t<div class=\"elementor-element elementor-element-d2680ec e-flex e-con-boxed e-con e-parent\" data-id=\"d2680ec\" data-element_type=\"container\" data-settings=\"{&quot;background_background&quot;:&quot;classic&quot;}\">\n\t\t\t\t\t<div class=\"e-con-inner\">\n\t\t\t\t<div class=\"elementor-element elementor-element-0c1f437 elementor-invisible elementor-widget elementor-widget-heading\" data-id=\"0c1f437\" data-element_type=\"widget\" data-settings=\"{&quot;_animation&quot;:&quot;fadeInUp&quot;}\" data-widget_type=\"heading.default\">\n\t\t\t\t<div class=\"elementor-widget-container\">\n\t\t\t\t\t<h2 class=\"elementor-heading-title elementor-size-default\">About V\u0169<\/h2>\t\t\t\t<\/div>\n\t\t\t\t<\/div>\n\t\t<div class=\"elementor-element elementor-element-ce66ebe e-flex e-con-boxed e-con e-child\" data-id=\"ce66ebe\" data-element_type=\"container\">\n\t\t\t\t\t<div class=\"e-con-inner\">\n\t\t\t\t<div class=\"elementor-element elementor-element-08c3a0f elementor-widget__width-initial elementor-widget-tablet__width-inherit elementor-invisible elementor-widget elementor-widget-image\" data-id=\"08c3a0f\" data-element_type=\"widget\" data-settings=\"{&quot;_animation&quot;:&quot;fadeInLeft&quot;}\" data-widget_type=\"image.default\">\n\t\t\t\t<div class=\"elementor-widget-container\">\n\t\t\t\t\t\t\t\t\t\t\t\t\t\t\t<img decoding=\"async\" width=\"1024\" height=\"881\" src=\"https:\/\/nguyenthanhvu.com\/wp-content\/uploads\/2023\/04\/483fced6c46701395876-1024x881.jpg\" class=\"attachment-large size-large wp-image-822\" alt=\"\" srcset=\"https:\/\/nguyenthanhvu.com\/wp-content\/uploads\/2023\/04\/483fced6c46701395876-1024x881.jpg 1024w, https:\/\/nguyenthanhvu.com\/wp-content\/uploads\/2023\/04\/483fced6c46701395876-600x516.jpg 600w, https:\/\/nguyenthanhvu.com\/wp-content\/uploads\/2023\/04\/483fced6c46701395876-300x258.jpg 300w, https:\/\/nguyenthanhvu.com\/wp-content\/uploads\/2023\/04\/483fced6c46701395876-768x661.jpg 768w, https:\/\/nguyenthanhvu.com\/wp-content\/uploads\/2023\/04\/483fced6c46701395876-1536x1322.jpg 1536w, https:\/\/nguyenthanhvu.com\/wp-content\/uploads\/2023\/04\/483fced6c46701395876-14x12.jpg 14w, https:\/\/nguyenthanhvu.com\/wp-content\/uploads\/2023\/04\/483fced6c46701395876.jpg 2048w\" sizes=\"(max-width: 1024px) 100vw, 1024px\" \/>\t\t\t\t\t\t\t\t\t\t\t\t\t\t\t<\/div>\n\t\t\t\t<\/div>\n\t\t\t\t<div class=\"elementor-element elementor-element-bdcebfa elementor-invisible elementor-widget elementor-widget-text-editor\" data-id=\"bdcebfa\" data-element_type=\"widget\" data-settings=\"{&quot;_animation&quot;:&quot;fadeInRight&quot;}\" data-widget_type=\"text-editor.default\">\n\t\t\t\t<div class=\"elementor-widget-container\">\n\t\t\t\t\t\t\t\t\t<p style=\"margin-bottom: 1rem; color: var(--p-color); font-size: var(--p-font-size); font-weight: var(--font-weight-light); letter-spacing: 0.5px; text-align: start;\">V\u0169 is practicing freelance painting in Ho Chi Minh City. HCM. V\u0169 has just released his first collection called Vietnamese Mystery in March 2022 in Ho Chi Minh City and May 2022 in Hanoi.<\/p><p style=\"margin-bottom: 1rem; color: var(--p-color); font-size: var(--p-font-size); font-weight: var(--font-weight-light); letter-spacing: 0.5px; text-align: start;\">V\u0169 believes that painting is also a culture, reflecting the true nature of the times. Pursuing post-impressionism, Vu focuses on the emotions, internal forces of color and work, and is often known for his energy paintings.<\/p><p style=\"margin-bottom: 1rem; color: var(--p-color); font-size: var(--p-font-size); font-weight: var(--font-weight-light); letter-spacing: 0.5px; text-align: start;\">V\u0169 hopes that his paintings can convey new, positive, vitality and peaceful energies to the viewers.<\/p>\t\t\t\t\t\t\t\t<\/div>\n\t\t\t\t<\/div>\n\t\t\t\t\t<\/div>\n\t\t\t\t<\/div>\n\t\t\t\t\t<\/div>\n\t\t\t\t<\/div>\n\t\t\t\t<\/div>","protected":false},"excerpt":{"rendered":"<p>V\u1ec1 V\u0169&#8217;s Studio Studio \u0111\u01b0\u1ee3c l\u1eadp ra nh\u01b0 m\u1ed9t n\u01a1i \u0111\u1ec3 V\u0169 t\u1eadp trung v\u00e0o c\u00f4ng vi\u1ec7c s\u00e1ng t\u00e1c c\u1ee7a m\u00ecnh, l\u00e0 m\u1ed9t ph\u00f2ng tr\u01b0ng b\u00e0y c\u00e1c t\u00e1c ph\u1ea9m c\u1ee7a V\u0169, l\u00e0 n\u01a1i giao l\u01b0u v\u1edbi ng\u01b0\u1eddi xem v\u00e0 nh\u00e0 s\u01b0u t\u1eadp, v\u00e0 c\u0169ng l\u00e0 m\u1ed9t kh\u00f4ng gian chia s\u1ebb ki\u1ebfn th\u1ee9c, d\u1ea1y h\u1ecdc cho [&hellip;]<\/p>","protected":false},"author":1,"featured_media":0,"parent":0,"menu_order":0,"comment_status":"closed","ping_status":"closed","template":"","meta":{"_eb_attr":"","footnotes":""},"class_list":["post-706","page","type-page","status-publish","hentry"],"blocksy_meta":{"page_title_panel":"","has_hero_section":"disabled","da7a78337464ae346af2bb1b3950828a":"","hero_section":"type-1","hero_elements":[{"id":"custom_title","enabled":true,"heading_tag":"h1","title":"Home"},{"id":"custom_description","enabled":true,"description_visibility":{"desktop":true,"tablet":true,"mobile":false}},{"id":"custom_meta","enabled":false,"meta_elements":[{"id":"author","enabled":true,"label":"By","has_author_avatar":"yes","avatar_size":25},{"id":"post_date","enabled":true,"label":"On","date_format_source":"default","date_format":"M j, Y"},{"id":"updated_date","enabled":false,"label":"On","date_format_source":"default","date_format":"M j, Y"},{"id":"categories","enabled":false,"label":"In","style":"simple"},{"id":"comments","enabled":true}],"page_meta_elements":{"joined":true,"articles_count":true,"comments":true}},{"id":"breadcrumbs","enabled":false}],"7a0a987a00944aac8d1821345babdcc1":"","hero_alignment1":"CT_CSS_SKIP_RULE","hero_margin":40,"hero_alignment2":"center","hero_vertical_alignment":"center","b95d2d873142337528c19ad49a078ba2":"","hero_structure":"narrow","dc7cd05ba1d6151924a41e43ebf1d09c":"","page_title_bg_type":"featured_image","custom_hero_background":{"attachment_id":null},"page_title_image_size":"full","parallax":{"desktop":false,"tablet":false,"mobile":false},"757ffe7c04742a82aa4c244eda39e0a1":"","hero_height":"250px","pageTitleFont":{"family":"Default","variation":"Default","size":"30px","line-height":"CT_CSS_SKIP_RULE","letter-spacing":"CT_CSS_SKIP_RULE","text-transform":"CT_CSS_SKIP_RULE","text-decoration":"CT_CSS_SKIP_RULE"},"pageTitleFontColor":{"default":{"color":"CT_CSS_SKIP_RULEDEFAULT"}},"pageMetaFont":{"family":"Default","variation":"n6","size":"12px","line-height":"1.3","letter-spacing":"CT_CSS_SKIP_RULE","text-transform":"uppercase","text-decoration":"CT_CSS_SKIP_RULE"},"pageMetaFontColor":{"default":{"color":"CT_CSS_SKIP_RULEDEFAULT"},"hover":{"color":"CT_CSS_SKIP_RULEDEFAULT"}},"page_meta_button_type_font_colors":{"default":{"color":"CT_CSS_SKIP_RULEDEFAULT"},"hover":{"color":"CT_CSS_SKIP_RULEDEFAULT"}},"page_meta_button_type_background_colors":{"default":{"color":"CT_CSS_SKIP_RULEDEFAULT"},"hover":{"color":"CT_CSS_SKIP_RULEDEFAULT"}},"pageExcerptFont":{"family":"Default","variation":"Default","size":"CT_CSS_SKIP_RULE","line-height":"CT_CSS_SKIP_RULE","letter-spacing":"CT_CSS_SKIP_RULE","text-transform":"CT_CSS_SKIP_RULE","text-decoration":"CT_CSS_SKIP_RULE"},"pageExcerptColor":{"default":{"color":"CT_CSS_SKIP_RULEDEFAULT"}},"breadcrumbsFont":{"family":"Default","variation":"Default","size":"CT_CSS_SKIP_RULE","line-height":"CT_CSS_SKIP_RULE","letter-spacing":"CT_CSS_SKIP_RULE","text-transform":"CT_CSS_SKIP_RULE","text-decoration":"CT_CSS_SKIP_RULE"},"breadcrumbsFontColor":{"default":{"color":"CT_CSS_SKIP_RULEDEFAULT"},"initial":{"color":"CT_CSS_SKIP_RULEDEFAULT"},"hover":{"color":"CT_CSS_SKIP_RULEDEFAULT"}},"pageTitleOverlay":{"background_type":"color","background_pattern":"type-1","background_image":{"attachment_id":null,"x":0,"y":0},"gradient":"linear-gradient(135deg,rgba(6,147,227,1) 0%,rgb(155,81,224) 100%)","background_repeat":"repeat","background_size":"auto","background_attachment":"scroll","patternColor":{"default":{"color":"#e5e7ea"}},"overlayColor":{"default":{"color":"CT_CSS_SKIP_RULE"}},"backgroundColor":{"default":{"color":"CT_CSS_SKIP_RULE"}}},"pageTitleBackground":{"background_type":"color","background_pattern":"type-1","background_image":{"attachment_id":null,"x":0,"y":0},"gradient":"linear-gradient(135deg,rgba(6,147,227,1) 0%,rgb(155,81,224) 100%)","background_repeat":"repeat","background_size":"auto","background_attachment":"scroll","patternColor":{"default":{"color":"#e5e7ea"}},"overlayColor":{"default":{"color":"CT_CSS_SKIP_RULE"}},"backgroundColor":{"default":{"color":"var(--theme-palette-color-6)"}}},"pageTitlePadding":{"top":"50px","bottom":"50px","left":"auto","right":"auto","linked":true},"b24ac5b792b148c11a6c70da46c29ed3":"","page_structure_type":"default","9a7617dee84785aef869931d2843949a":"","content_style_source":"inherit","content_style":"wide","vertical_spacing_source":"custom","content_area_spacing":"none","background":{"background_type":"color","background_pattern":"type-1","background_image":{"attachment_id":null,"x":0,"y":0},"gradient":"linear-gradient(135deg,rgba(6,147,227,1) 0%,rgb(155,81,224) 100%)","background_repeat":"repeat","background_size":"auto","background_attachment":"scroll","patternColor":{"default":{"color":"#e5e7ea"}},"overlayColor":{"default":{"color":"CT_CSS_SKIP_RULE"}},"backgroundColor":{"default":{"color":"CT_CSS_SKIP_RULE"}}},"content_background":{"background_type":"color","background_pattern":"type-1","background_image":{"attachment_id":null,"x":0,"y":0},"gradient":"linear-gradient(135deg,rgba(6,147,227,1) 0%,rgb(155,81,224) 100%)","background_repeat":"repeat","background_size":"auto","background_attachment":"scroll","patternColor":{"default":{"color":"#e5e7ea"}},"overlayColor":{"default":{"color":"CT_CSS_SKIP_RULE"}},"backgroundColor":{"default":{"color":"var(--theme-palette-color-8)"}}},"content_boxed_shadow":{"inherit":false,"blur":18,"spread":-6,"v_offset":12,"h_offset":0,"inset":false,"enable":true,"color":{"color":"rgba(34, 56, 101, 0.04)"}},"content_boxed_border":{"width":1,"style":"none","color":{"color":"rgba(44,62,80,0.2)"}},"content_boxed_radius":{"top":"3px","bottom":"3px","left":"3px","right":"3px","linked":true},"boxed_content_spacing":{"desktop":{"top":"40px","bottom":"40px","left":"40px","right":"40px","linked":true},"tablet":{"top":"35px","bottom":"35px","left":"35px","right":"35px","linked":true},"mobile":{"top":"20px","bottom":"20px","left":"20px","right":"20px","linked":true}},"c12008a9b20d2ccb47a110975e95b336":"","disable_featured_image":"no","disable_share_box":"no","disable_header":"no","disable_footer":"no","styles_descriptor":{"styles":{"desktop":"","tablet":"","mobile":""},"google_fonts":[],"version":6}},"jetpack_sharing_enabled":true,"_links":{"self":[{"href":"https:\/\/nguyenthanhvu.com\/en\/wp-json\/wp\/v2\/pages\/706","targetHints":{"allow":["GET"]}}],"collection":[{"href":"https:\/\/nguyenthanhvu.com\/en\/wp-json\/wp\/v2\/pages"}],"about":[{"href":"https:\/\/nguyenthanhvu.com\/en\/wp-json\/wp\/v2\/types\/page"}],"author":[{"embeddable":true,"href":"https:\/\/nguyenthanhvu.com\/en\/wp-json\/wp\/v2\/users\/1"}],"replies":[{"embeddable":true,"href":"https:\/\/nguyenthanhvu.com\/en\/wp-json\/wp\/v2\/comments?post=706"}],"version-history":[{"count":0,"href":"https:\/\/nguyenthanhvu.com\/en\/wp-json\/wp\/v2\/pages\/706\/revisions"}],"wp:attachment":[{"href":"https:\/\/nguyenthanhvu.com\/en\/wp-json\/wp\/v2\/media?parent=706"}],"curies":[{"name":"wp","href":"https:\/\/api.w.org\/{rel}","templated":true}]}}