{"id":923,"date":"2023-04-05T13:00:48","date_gmt":"2023-04-05T06:00:48","guid":{"rendered":"http:\/\/127.0.0.1\/?page_id=923"},"modified":"2024-06-14T21:31:07","modified_gmt":"2024-06-14T14:31:07","slug":"class","status":"publish","type":"page","link":"https:\/\/nguyenthanhvu.com\/en\/class\/","title":{"rendered":"Class"},"content":{"rendered":"<div data-elementor-type=\"wp-page\" data-elementor-id=\"923\" class=\"elementor elementor-923\">\n\t\t\t\t<div class=\"elementor-element elementor-element-f2eb0d6 e-flex e-con-boxed e-con e-parent\" data-id=\"f2eb0d6\" data-element_type=\"container\" data-settings=\"{&quot;background_background&quot;:&quot;classic&quot;}\">\n\t\t\t\t\t<div class=\"e-con-inner\">\n\t\t<div class=\"elementor-element elementor-element-a0b40b5 e-con-full e-flex elementor-invisible e-con e-child\" data-id=\"a0b40b5\" data-element_type=\"container\" data-settings=\"{&quot;animation&quot;:&quot;fadeIn&quot;}\">\n\t\t\t\t<\/div>\n\t\t\t\t\t<\/div>\n\t\t\t\t<\/div>\n\t\t<div class=\"elementor-element elementor-element-164d051 e-flex e-con-boxed e-con e-parent\" data-id=\"164d051\" data-element_type=\"container\">\n\t\t\t\t\t<div class=\"e-con-inner\">\n\t\t\t\t<div class=\"elementor-element elementor-element-18124c9 elementor-widget elementor-widget-text-editor\" data-id=\"18124c9\" data-element_type=\"widget\" data-widget_type=\"text-editor.default\">\n\t\t\t\t<div class=\"elementor-widget-container\">\n\t\t\t\t\t\t\t\t\t<p>V\u1ebd tranh v\u1edbi V\u0169 l\u00e0 c\u00e1ch \u0111\u1ec3 th\u1ec3 hi\u1ec7n c\u00e1i t\u00f4i r\u00f5 n\u00e9t v\u00e0 ch\u00e2n th\u1ef1c nh\u1ea5t, th\u1ebf n\u00ean m\u1ed7i b\u1ee9c tranh s\u1ebd mang m\u1ed9t lo\u1ea1i n\u0103ng l\u01b0\u1ee3ng, v\u00e0 d\u00f9 ch\u00e9p c\u00f9ng m\u1ed9t b\u1ee9c m\u1eabu th\u00ec c\u00e1c s\u1ea3n ph\u1ea9m t\u1eeb nhi\u1ec1u ng\u01b0\u1eddi kh\u00e1c nhau c\u0169ng s\u1ebd kh\u00e1c nhau.<br class=\"html-br\" \/><br class=\"html-br\" \/>Khi m\u1ea1nh tay nh\u1ea5n \u0111\u1ea7u c\u1ecd, khi bu\u00f4ng l\u01a1i v\u00ec m\u1ec7t m\u1ecfi, khi run r\u1ea9y, khi th\u1ecfa m\u00e1i, khi b\u1ea5t bi\u1ebfn \u0111\u1ec1u s\u1ebd th\u1ec3 hi\u1ec7n h\u1ebft tr\u00ean t\u1eebng \u0111\u01b0\u1eddng c\u1ecd, bay\u2026m\u00ecnh g\u1ecdi \u0111\u00f3 l\u00e0 b\u00fat l\u1ef1c.<br class=\"html-br\" \/><br class=\"html-br\" \/>M\u00e0u s\u1eafc, \u0111\u01b0\u1eddng n\u00e9t, b\u00fat l\u1ef1c s\u1ebd l\u00e0 nh\u1eefng y\u1ebfu t\u1ed1 \u0111\u1ec3 \u0111\u00e1nh gi\u00e1 n\u0103ng l\u01b0\u1ee3ng c\u1ee7a m\u1ed9t b\u1ee9c tranh, b\u00ean c\u1ea1nh nh\u1eefng quy chu\u1ea9n th\u1eabm m\u0129 c\u0103n b\u1ea3n l\u00e0 b\u1ed1 c\u1ee5c, \u00e1nh s\u00e1ng; s\u00e2u h\u01a1n l\u00e0 c\u00e1c y\u1ebfu t\u1ed1 t\u01b0\u01a1ng ph\u1ea3n, nh\u1ecbp \u0111i\u1ec7u, m\u1ea1ch d\u1eabn chuy\u1ec7n,\u2026<br class=\"html-br\" \/><br class=\"html-br\" \/>V\u00e0 \u0111\u1ec3 d\u1eabn \u0111\u1ebfn \u0111\u01b0\u1ee3c c\u00e1c giai \u0111o\u1ea1n ph\u00e2n t\u00edch tr\u00ean th\u00ec b\u1ee9c tranh tr\u01b0\u1edbc h\u1ebft ph\u1ea3i th\u1eadt \u201c \u1ea5n t\u01b0\u1ee3ng \u201c \u0111\u1ec3 n\u00edu ch\u00e2n ng\u01b0\u1eddi xem tr\u01b0\u1edbc \u0111\u00e3.<br class=\"html-br\" \/><br class=\"html-br\" \/>Ngh\u1ec7 thu\u1eadt l\u00e0 v\u00f4 t\u1eadn v\u00e0 kh\u00f4ng b\u00e0n \u0111\u1eb9p x\u1ea5u, m\u1ed7i b\u1ee9c tranh hay m\u1ed7i ng\u01b0\u1eddi v\u1ebd s\u1ebd c\u00f3 nh\u1eefng \u0111\u1ed1i t\u01b0\u1ee3ng ng\u01b0\u1eddi xem ph\u00f9 h\u1ee3p v\u00e0 h\u1ecd s\u1ebd t\u1ef1 \u0111\u1ed9ng k\u1ebft n\u1ed1i v\u1edbi nhau.<br class=\"html-br\" \/><br class=\"html-br\" \/>V\u0169 c\u0169ng v\u1eady, g\u1ea7n 2 n\u0103m \u0111\u1ed3ng h\u00e0nh v\u1edbi c\u00f4ng vi\u1ec7c chia s\u1ebb ki\u1ebfn th\u1ee9c v\u1ebd tranh v\u1edbi c\u00e1c h\u1ecdc vi\u00ean, V\u0169 c\u0169ng \u0111\u00e3 t\u00edch g\u00f3p cho m\u00ecnh kh\u00e1 nhi\u1ec1u b\u00e0i h\u1ecdc v\u00e0 tr\u1ea3i nghi\u1ec7m, nay V\u0169 xin l\u1ea5y h\u1ebft can \u0111\u1ea3m c\u1ee7a m\u1ed9t ng\u01b0\u1eddi h\u01b0\u1edbng n\u1ed9i \u0111\u00edch th\u1ef1c \u0111\u1ec3 m\u1eddi nh\u1eefng ng\u01b0\u1eddi ph\u00f9 h\u1ee3p ho\u1eb7c th\u00edch tr\u1ea3i nghi\u1ec7m v\u1ebd tranh v\u1ec1 v\u1edbi team V\u0169.<br class=\"html-br\" \/><br class=\"html-br\" \/>H\u00e3y \u0111\u1ebfn v\u00e0 tr\u1ea3i nghi\u1ec7m xem v\u1ebd tranh \u00e1p l\u1ef1c c\u1ee1 n\u00e0o\u00a0<span class=\"html-span xexx8yu x4uap5 x18d9i69 xkhd6sd x1hl2dhg x16tdsg8 x1vvkbs x3nfvp2 x1j61x8r x1fcty0u xdj266r xat24cr xgzva0m xhhsvwb xxymvpz xlup9mm x1kky2od\"><img decoding=\"async\" class=\"xz74otr\" src=\"https:\/\/static.xx.fbcdn.net\/images\/emoji.php\/v9\/t4c\/1\/16\/1f642.png\" alt=\"\ud83d\ude42\" width=\"16\" height=\"16\" \/><\/span><\/p>\t\t\t\t\t\t\t\t<\/div>\n\t\t\t\t<\/div>\n\t\t\t\t<div class=\"elementor-element elementor-element-981c4ec elementor-widget elementor-widget-image\" data-id=\"981c4ec\" data-element_type=\"widget\" data-widget_type=\"image.default\">\n\t\t\t\t<div class=\"elementor-widget-container\">\n\t\t\t\t\t\t\t\t\t\t\t\t\t\t\t<img fetchpriority=\"high\" decoding=\"async\" width=\"1920\" height=\"2560\" src=\"https:\/\/nguyenthanhvu.com\/wp-content\/uploads\/2024\/06\/a85b7def-bf13-476e-8d64-bd4877f5ddd4.jpg\" class=\"attachment-full size-full wp-image-1543\" alt=\"\" srcset=\"https:\/\/nguyenthanhvu.com\/wp-content\/uploads\/2024\/06\/a85b7def-bf13-476e-8d64-bd4877f5ddd4.jpg 1920w, https:\/\/nguyenthanhvu.com\/wp-content\/uploads\/2024\/06\/a85b7def-bf13-476e-8d64-bd4877f5ddd4-225x300.jpg 225w, https:\/\/nguyenthanhvu.com\/wp-content\/uploads\/2024\/06\/a85b7def-bf13-476e-8d64-bd4877f5ddd4-768x1024.jpg 768w, https:\/\/nguyenthanhvu.com\/wp-content\/uploads\/2024\/06\/a85b7def-bf13-476e-8d64-bd4877f5ddd4-1152x1536.jpg 1152w, https:\/\/nguyenthanhvu.com\/wp-content\/uploads\/2024\/06\/a85b7def-bf13-476e-8d64-bd4877f5ddd4-1536x2048.jpg 1536w, https:\/\/nguyenthanhvu.com\/wp-content\/uploads\/2024\/06\/a85b7def-bf13-476e-8d64-bd4877f5ddd4-9x12.jpg 9w, https:\/\/nguyenthanhvu.com\/wp-content\/uploads\/2024\/06\/a85b7def-bf13-476e-8d64-bd4877f5ddd4-300x400.jpg 300w, https:\/\/nguyenthanhvu.com\/wp-content\/uploads\/2024\/06\/a85b7def-bf13-476e-8d64-bd4877f5ddd4-1320x1760.jpg 1320w, https:\/\/nguyenthanhvu.com\/wp-content\/uploads\/2024\/06\/a85b7def-bf13-476e-8d64-bd4877f5ddd4-600x800.jpg 600w\" sizes=\"(max-width: 1920px) 100vw, 1920px\" \/>\t\t\t\t\t\t\t\t\t\t\t\t\t\t\t<\/div>\n\t\t\t\t<\/div>\n\t\t\t\t<div class=\"elementor-element elementor-element-450e33f elementor-arrows-position-inside elementor-pagination-position-outside elementor-widget elementor-widget-image-carousel\" data-id=\"450e33f\" data-element_type=\"widget\" data-settings=\"{&quot;slides_to_show&quot;:&quot;1&quot;,&quot;speed&quot;:750,&quot;navigation&quot;:&quot;both&quot;,&quot;autoplay&quot;:&quot;yes&quot;,&quot;pause_on_hover&quot;:&quot;yes&quot;,&quot;pause_on_interaction&quot;:&quot;yes&quot;,&quot;autoplay_speed&quot;:5000,&quot;infinite&quot;:&quot;yes&quot;,&quot;effect&quot;:&quot;slide&quot;}\" data-widget_type=\"image-carousel.default\">\n\t\t\t\t<div class=\"elementor-widget-container\">\n\t\t\t\t\t\t\t<div class=\"elementor-image-carousel-wrapper swiper\" role=\"region\" aria-roledescription=\"carousel\" aria-label=\"Image Carousel\" dir=\"ltr\" data-no-translation-aria-label=\"\">\n\t\t\t<div class=\"elementor-image-carousel swiper-wrapper swiper-image-stretch\" aria-live=\"off\">\n\t\t\t\t\t\t\t\t<div class=\"swiper-slide\" role=\"group\" aria-roledescription=\"slide\" aria-label=\"1 of 4\" data-no-translation-aria-label=\"\"><figure class=\"swiper-slide-inner\"><img decoding=\"async\" class=\"swiper-slide-image\" src=\"https:\/\/nguyenthanhvu.com\/wp-content\/uploads\/elementor\/thumbs\/433126521_2743530319135536_6296764124573289872_n-qpnfx8fxubfcpjk9c39dqx2w87nmj1dujfpg8w2m1s.jpg\" alt=\"433126521_2743530319135536_6296764124573289872_n\" \/><\/figure><\/div><div class=\"swiper-slide\" role=\"group\" aria-roledescription=\"slide\" aria-label=\"2 of 4\" data-no-translation-aria-label=\"\"><figure class=\"swiper-slide-inner\"><img decoding=\"async\" class=\"swiper-slide-image\" src=\"https:\/\/nguyenthanhvu.com\/wp-content\/uploads\/elementor\/thumbs\/34bfa94b-02cd-4256-8d5c-ee7f0f55eac4-e1718374789106-qpngrqbfkt69e39j99tmn81a29cc9igc2doks2us68.jpg\" alt=\"34bfa94b-02cd-4256-8d5c-ee7f0f55eac4\" \/><\/figure><\/div><div class=\"swiper-slide\" role=\"group\" aria-roledescription=\"slide\" aria-label=\"3 of 4\" data-no-translation-aria-label=\"\"><figure class=\"swiper-slide-inner\"><img decoding=\"async\" class=\"swiper-slide-image\" src=\"https:\/\/nguyenthanhvu.com\/wp-content\/uploads\/elementor\/thumbs\/d691df9a-deba-478a-924c-56173fb5d7f8-e1718374931889-qpngveuocg7ov3x0rd40wsl9tl73eu2hklo1g3e9sw.jpg\" alt=\"d691df9a-deba-478a-924c-56173fb5d7f8\" \/><\/figure><\/div><div class=\"swiper-slide\" role=\"group\" aria-roledescription=\"slide\" aria-label=\"4 of 4\" data-no-translation-aria-label=\"\"><figure class=\"swiper-slide-inner\"><img decoding=\"async\" class=\"swiper-slide-image\" src=\"https:\/\/nguyenthanhvu.com\/wp-content\/uploads\/elementor\/thumbs\/701f8d07-57bc-47c5-8523-b38adffe1f7f-e1718374746552-qpngqkyj83ln78xlyry1ligzxb06utw58oz7nwk3s0.jpg\" alt=\"701f8d07-57bc-47c5-8523-b38adffe1f7f\" \/><\/figure><\/div>\t\t\t<\/div>\n\t\t\t\t\t\t\t\t\t\t\t\t<div class=\"elementor-swiper-button elementor-swiper-button-prev\" role=\"button\" tabindex=\"0\">\n\t\t\t\t\t\t<i aria-hidden=\"true\" class=\"eicon-chevron-left\"><\/i>\t\t\t\t\t<\/div>\n\t\t\t\t\t<div class=\"elementor-swiper-button elementor-swiper-button-next\" role=\"button\" tabindex=\"0\">\n\t\t\t\t\t\t<i aria-hidden=\"true\" class=\"eicon-chevron-right\"><\/i>\t\t\t\t\t<\/div>\n\t\t\t\t\n\t\t\t\t\t\t\t\t\t<div class=\"swiper-pagination\"><\/div>\n\t\t\t\t\t\t\t\t\t<\/div>\n\t\t\t\t\t\t<\/div>\n\t\t\t\t<\/div>\n\t\t\t\t\t<\/div>\n\t\t\t\t<\/div>\n\t\t<div class=\"elementor-element elementor-element-f7f7ed8 e-flex e-con-boxed e-con e-parent\" data-id=\"f7f7ed8\" data-element_type=\"container\">\n\t\t\t\t\t<div class=\"e-con-inner\">\n\t\t\t\t\t<\/div>\n\t\t\t\t<\/div>\n\t\t\t\t<\/div>","protected":false},"excerpt":{"rendered":"<p>V\u1ebd tranh v\u1edbi V\u0169 l\u00e0 c\u00e1ch \u0111\u1ec3 th\u1ec3 hi\u1ec7n c\u00e1i t\u00f4i r\u00f5 n\u00e9t v\u00e0 ch\u00e2n th\u1ef1c nh\u1ea5t, th\u1ebf n\u00ean m\u1ed7i b\u1ee9c tranh s\u1ebd mang m\u1ed9t lo\u1ea1i n\u0103ng l\u01b0\u1ee3ng, v\u00e0 d\u00f9 ch\u00e9p c\u00f9ng m\u1ed9t b\u1ee9c m\u1eabu th\u00ec c\u00e1c s\u1ea3n ph\u1ea9m t\u1eeb nhi\u1ec1u ng\u01b0\u1eddi kh\u00e1c nhau c\u0169ng s\u1ebd kh\u00e1c nhau. Khi m\u1ea1nh tay nh\u1ea5n \u0111\u1ea7u c\u1ecd, khi [&hellip;]<\/p>","protected":false},"author":1,"featured_media":1534,"parent":0,"menu_order":0,"comment_status":"closed","ping_status":"closed","template":"","meta":{"_eb_attr":"","footnotes":""},"class_list":["post-923","page","type-page","status-publish","has-post-thumbnail","hentry"],"blocksy_meta":{"page_title_panel":"","has_hero_section":"disabled","da7a78337464ae346af2bb1b3950828a":"","hero_section":"type-1","hero_elements":[{"id":"custom_title","enabled":true,"heading_tag":"h1","title":"Home"},{"id":"custom_description","enabled":true,"description_visibility":{"desktop":true,"tablet":true,"mobile":false}},{"id":"custom_meta","enabled":false,"meta_elements":[{"id":"author","enabled":true,"label":"By","has_author_avatar":"yes","avatar_size":25},{"id":"post_date","enabled":true,"label":"On","date_format_source":"default","date_format":"M j, Y"},{"id":"updated_date","enabled":false,"label":"On","date_format_source":"default","date_format":"M j, Y"},{"id":"categories","enabled":false,"label":"In","style":"simple"},{"id":"comments","enabled":true}],"page_meta_elements":{"joined":true,"articles_count":true,"comments":true}},{"id":"breadcrumbs","enabled":false}],"7a0a987a00944aac8d1821345babdcc1":"","hero_alignment1":"CT_CSS_SKIP_RULE","hero_margin":40,"hero_alignment2":"center","hero_vertical_alignment":"center","b95d2d873142337528c19ad49a078ba2":"","hero_structure":"narrow","dc7cd05ba1d6151924a41e43ebf1d09c":"","page_title_bg_type":"featured_image","custom_hero_background":{"attachment_id":null},"page_title_image_size":"full","parallax":{"desktop":false,"tablet":false,"mobile":false},"757ffe7c04742a82aa4c244eda39e0a1":"","hero_height":"250px","pageTitleFont":{"family":"Default","variation":"Default","size":"30px","line-height":"CT_CSS_SKIP_RULE","letter-spacing":"CT_CSS_SKIP_RULE","text-transform":"CT_CSS_SKIP_RULE","text-decoration":"CT_CSS_SKIP_RULE"},"pageTitleFontColor":{"default":{"color":"CT_CSS_SKIP_RULEDEFAULT"}},"pageMetaFont":{"family":"Default","variation":"n6","size":"12px","line-height":"1.3","letter-spacing":"CT_CSS_SKIP_RULE","text-transform":"uppercase","text-decoration":"CT_CSS_SKIP_RULE"},"pageMetaFontColor":{"default":{"color":"CT_CSS_SKIP_RULEDEFAULT"},"hover":{"color":"CT_CSS_SKIP_RULEDEFAULT"}},"page_meta_button_type_font_colors":{"default":{"color":"CT_CSS_SKIP_RULEDEFAULT"},"hover":{"color":"CT_CSS_SKIP_RULEDEFAULT"}},"page_meta_button_type_background_colors":{"default":{"color":"CT_CSS_SKIP_RULEDEFAULT"},"hover":{"color":"CT_CSS_SKIP_RULEDEFAULT"}},"pageExcerptFont":{"family":"Default","variation":"Default","size":"CT_CSS_SKIP_RULE","line-height":"CT_CSS_SKIP_RULE","letter-spacing":"CT_CSS_SKIP_RULE","text-transform":"CT_CSS_SKIP_RULE","text-decoration":"CT_CSS_SKIP_RULE"},"pageExcerptColor":{"default":{"color":"CT_CSS_SKIP_RULEDEFAULT"}},"breadcrumbsFont":{"family":"Default","variation":"Default","size":"CT_CSS_SKIP_RULE","line-height":"CT_CSS_SKIP_RULE","letter-spacing":"CT_CSS_SKIP_RULE","text-transform":"CT_CSS_SKIP_RULE","text-decoration":"CT_CSS_SKIP_RULE"},"breadcrumbsFontColor":{"default":{"color":"CT_CSS_SKIP_RULEDEFAULT"},"initial":{"color":"CT_CSS_SKIP_RULEDEFAULT"},"hover":{"color":"CT_CSS_SKIP_RULEDEFAULT"}},"pageTitleOverlay":{"background_type":"color","background_pattern":"type-1","background_image":{"attachment_id":null,"x":0,"y":0},"gradient":"linear-gradient(135deg,rgba(6,147,227,1) 0%,rgb(155,81,224) 100%)","background_repeat":"repeat","background_size":"auto","background_attachment":"scroll","patternColor":{"default":{"color":"#e5e7ea"}},"overlayColor":{"default":{"color":"CT_CSS_SKIP_RULE"}},"backgroundColor":{"default":{"color":"CT_CSS_SKIP_RULE"}}},"pageTitleBackground":{"background_type":"color","background_pattern":"type-1","background_image":{"attachment_id":null,"x":0,"y":0},"gradient":"linear-gradient(135deg,rgba(6,147,227,1) 0%,rgb(155,81,224) 100%)","background_repeat":"repeat","background_size":"auto","background_attachment":"scroll","patternColor":{"default":{"color":"#e5e7ea"}},"overlayColor":{"default":{"color":"CT_CSS_SKIP_RULE"}},"backgroundColor":{"default":{"color":"var(--theme-palette-color-6)"}}},"pageTitlePadding":{"top":"50px","bottom":"50px","left":"auto","right":"auto","linked":true},"b24ac5b792b148c11a6c70da46c29ed3":"","page_structure_type":"default","9a7617dee84785aef869931d2843949a":"","content_style_source":"inherit","content_style":"wide","vertical_spacing_source":"custom","content_area_spacing":"none","background":{"background_type":"color","background_pattern":"type-1","background_image":{"attachment_id":null,"x":0,"y":0},"gradient":"linear-gradient(135deg,rgba(6,147,227,1) 0%,rgb(155,81,224) 100%)","background_repeat":"repeat","background_size":"auto","background_attachment":"scroll","patternColor":{"default":{"color":"#e5e7ea"}},"overlayColor":{"default":{"color":"CT_CSS_SKIP_RULE"}},"backgroundColor":{"default":{"color":"CT_CSS_SKIP_RULE"}}},"content_background":{"background_type":"color","background_pattern":"type-1","background_image":{"attachment_id":null,"x":0,"y":0},"gradient":"linear-gradient(135deg,rgba(6,147,227,1) 0%,rgb(155,81,224) 100%)","background_repeat":"repeat","background_size":"auto","background_attachment":"scroll","patternColor":{"default":{"color":"#e5e7ea"}},"overlayColor":{"default":{"color":"CT_CSS_SKIP_RULE"}},"backgroundColor":{"default":{"color":"var(--theme-palette-color-8)"}}},"content_boxed_shadow":{"inherit":false,"blur":18,"spread":-6,"v_offset":12,"h_offset":0,"inset":false,"enable":true,"color":{"color":"rgba(34, 56, 101, 0.04)"}},"content_boxed_border":{"width":1,"style":"none","color":{"color":"rgba(44,62,80,0.2)"}},"content_boxed_radius":{"top":"3px","bottom":"3px","left":"3px","right":"3px","linked":true},"boxed_content_spacing":{"desktop":{"top":"40px","bottom":"40px","left":"40px","right":"40px","linked":true},"tablet":{"top":"35px","bottom":"35px","left":"35px","right":"35px","linked":true},"mobile":{"top":"20px","bottom":"20px","left":"20px","right":"20px","linked":true}},"c12008a9b20d2ccb47a110975e95b336":"","disable_featured_image":"no","disable_share_box":"no","disable_header":"no","disable_footer":"no","styles_descriptor":{"styles":{"desktop":"","tablet":"","mobile":""},"google_fonts":[],"version":6}},"jetpack_sharing_enabled":true,"_links":{"self":[{"href":"https:\/\/nguyenthanhvu.com\/en\/wp-json\/wp\/v2\/pages\/923","targetHints":{"allow":["GET"]}}],"collection":[{"href":"https:\/\/nguyenthanhvu.com\/en\/wp-json\/wp\/v2\/pages"}],"about":[{"href":"https:\/\/nguyenthanhvu.com\/en\/wp-json\/wp\/v2\/types\/page"}],"author":[{"embeddable":true,"href":"https:\/\/nguyenthanhvu.com\/en\/wp-json\/wp\/v2\/users\/1"}],"replies":[{"embeddable":true,"href":"https:\/\/nguyenthanhvu.com\/en\/wp-json\/wp\/v2\/comments?post=923"}],"version-history":[{"count":0,"href":"https:\/\/nguyenthanhvu.com\/en\/wp-json\/wp\/v2\/pages\/923\/revisions"}],"wp:featuredmedia":[{"embeddable":true,"href":"https:\/\/nguyenthanhvu.com\/en\/wp-json\/wp\/v2\/media\/1534"}],"wp:attachment":[{"href":"https:\/\/nguyenthanhvu.com\/en\/wp-json\/wp\/v2\/media?parent=923"}],"curies":[{"name":"wp","href":"https:\/\/api.w.org\/{rel}","templated":true}]}}