{"id":1222,"date":"2023-04-19T21:46:11","date_gmt":"2023-04-19T14:46:11","guid":{"rendered":"https:\/\/nguyenthanhvu.com\/?post_type=product&#038;p=1222"},"modified":"2026-01-10T21:40:08","modified_gmt":"2026-01-10T14:40:08","slug":"hoang-thanh-thang-long","status":"publish","type":"product","link":"https:\/\/nguyenthanhvu.com\/en\/product\/hoang-thanh-thang-long\/","title":{"rendered":"Ho\u00e0ng th\u00e0nh Th\u0103ng Long"},"content":{"rendered":"<div class=\"pvc_clear\"><\/div>\n<p id=\"pvc_stats_1222\" class=\"pvc_stats total_only\" data-element-id=\"1222\" style=\"\"><i class=\"pvc-stats-icon medium\" aria-hidden=\"true\"><svg xmlns=\"http:\/\/www.w3.org\/2000\/svg\" version=\"1.0\" viewbox=\"0 0 502 315\" preserveaspectratio=\"xMidYMid meet\"><g transform=\"translate(0,332) scale(0.1,-0.1)\" fill=\"\" stroke=\"none\"><path d=\"M2394 3279 l-29 -30 -3 -207 c-2 -182 0 -211 15 -242 39 -76 157 -76 196 0 15 31 17 60 15 243 l-3 209 -33 29 c-26 23 -41 29 -80 29 -41 0 -53 -5 -78 -31z\"\/><path d=\"M3085 3251 c-45 -19 -58 -50 -96 -229 -47 -217 -49 -260 -13 -295 52 -53 146 -42 177 20 16 31 87 366 87 410 0 70 -86 122 -155 94z\"\/><path d=\"M1751 3234 c-13 -9 -29 -31 -37 -50 -12 -29 -10 -49 21 -204 19 -94 39 -189 45 -210 14 -50 54 -80 110 -80 34 0 48 6 76 34 21 21 34 44 34 59 0 14 -18 113 -40 219 -37 178 -43 195 -70 221 -36 32 -101 37 -139 11z\"\/><path d=\"M1163 3073 c-36 -7 -73 -59 -73 -102 0 -56 133 -378 171 -413 34 -32 83 -37 129 -13 70 36 67 87 -16 290 -86 209 -89 214 -129 231 -35 14 -42 15 -82 7z\"\/><path d=\"M3689 3066 c-15 -9 -33 -30 -42 -48 -48 -103 -147 -355 -147 -375 0 -98 131 -148 192 -74 13 15 57 108 97 206 80 196 84 226 37 273 -30 30 -99 39 -137 18z\"\/><path d=\"M583 2784 c-38 -19 -67 -74 -58 -113 9 -42 211 -354 242 -373 16 -10 45 -18 66 -18 51 0 107 52 107 100 0 39 -1 41 -124 234 -80 126 -108 162 -133 173 -41 17 -61 16 -100 -3z\"\/><path d=\"M4250 2784 c-14 -9 -74 -91 -133 -183 -95 -150 -107 -173 -107 -213 0 -55 33 -94 87 -104 67 -13 90 8 211 198 130 202 137 225 78 284 -27 27 -42 34 -72 34 -22 0 -50 -8 -64 -16z\"\/><path d=\"M2275 2693 c-553 -48 -1095 -270 -1585 -649 -135 -104 -459 -423 -483 -476 -23 -49 -22 -139 2 -186 73 -142 361 -457 571 -626 285 -228 642 -407 990 -497 242 -63 336 -73 660 -74 310 0 370 5 595 52 535 111 1045 392 1455 803 122 121 250 273 275 326 19 41 19 137 0 174 -41 79 -309 363 -465 492 -447 370 -946 591 -1479 653 -113 14 -422 18 -536 8z m395 -428 c171 -34 330 -124 456 -258 112 -119 167 -219 211 -378 27 -96 24 -300 -5 -401 -72 -255 -236 -447 -474 -557 -132 -62 -201 -76 -368 -76 -167 0 -236 14 -368 76 -213 98 -373 271 -451 485 -162 444 86 934 547 1084 153 49 292 57 452 25z m909 -232 c222 -123 408 -262 593 -441 76 -74 138 -139 138 -144 0 -16 -233 -242 -330 -319 -155 -123 -309 -223 -461 -299 l-81 -41 32 46 c18 26 49 83 70 128 143 306 141 649 -6 957 -25 52 -61 116 -79 142 l-34 47 45 -20 c26 -10 76 -36 113 -56z m-2057 25 c-40 -58 -105 -190 -130 -263 -110 -324 -59 -707 132 -981 25 -35 42 -64 37 -64 -19 0 -241 119 -326 174 -188 122 -406 314 -532 468 l-58 71 108 103 c185 178 428 349 672 473 66 33 121 60 123 61 2 0 -10 -19 -26 -42z\"\/><path d=\"M2375 1950 c-198 -44 -350 -190 -395 -379 -18 -76 -8 -221 19 -290 114 -284 457 -406 731 -260 98 52 188 154 231 260 27 69 37 214 19 290 -38 163 -166 304 -326 360 -67 23 -215 33 -279 19z\"\/><\/g><\/svg><\/i> <img decoding=\"async\" width=\"16\" height=\"16\" alt=\"Loading\" src=\"https:\/\/nguyenthanhvu.com\/wp-content\/plugins\/page-views-count\/ajax-loader-2x.gif\" border=\"0\" \/><\/p>\n<div class=\"pvc_clear\"><\/div>\n<ul>\n<li><strong>Material:<\/strong> Oil painting<\/li>\n<li><strong>Size:<\/strong> 150 x 150 cm<\/li>\n<li><strong>Creation year:<\/strong> 2025<\/li>\n<\/ul>\n<div class=\"x14z9mp xat24cr x1lziwak x1vvkbs xtlvy1s x126k92a\">\n<div dir=\"auto\">Ho\u00e0ng Th\u00e0nh l\u00e0 b\u1ee9c tranh v\u1ebd \u0110oan M\u00f4n ( Ho\u00e0ng th\u00e0nh Th\u0103ng Long ) v\u00e0 Ho\u00e0ng th\u00e0nh Hu\u1ebf ( m\u1eb7t b\u1eb1ng nh\u00ecn t\u1eeb tr\u00ean cao ) k\u1ebft h\u1ee3p l\u1ea1i v\u1edbi nhau v\u1eeba kh\u1eb3ng \u0111\u1ecbnh d\u1ea5u \u1ea5n tri\u1ec1u \u0111\u1ea1i, v\u1eeba th\u1ec3 hi\u1ec7n s\u1ef1 chuy\u1ec3n giao quy\u1ec1n l\u1ef1c v\u00e0 v\u0103n h\u00f3a gi\u1eefa c\u00e1c tri\u1ec1u \u0111\u1ea1i phong ki\u1ebfn Vi\u1ec7t Nam cho th\u1ea5y s\u1ef1 ti\u1ebfp n\u1ed1i v\u1ec1 m\u1eb7t ki\u1ebfn tr\u00fac v\u00e0 bi\u1ec3u t\u01b0\u1ee3ng c\u1ee7a v\u01b0\u01a1ng quy\u1ec1n, \u0111\u00e1nh d\u1ea5u m\u1ed9t k\u1ef7 nguy\u00ean m\u1edbi.<\/div>\n<\/div>\n<div class=\"x14z9mp xat24cr x1lziwak x1vvkbs xtlvy1s x126k92a\">\n<div dir=\"auto\">M\u1ed9t mang t\u1eeb v\u1ebb \u0111\u1eb9p ph\u00f3ng kho\u00e1ng v\u00e0 c\u1ea3m h\u1ee9ng t\u1eeb thi\u00ean nhi\u00ean; m\u1ed9t mang s\u1ef1 nghi\u00eam c\u1ea9n, quy c\u1ee7 trong nguy\u00ean t\u1eafc phong th\u1ee7y ph\u01b0\u01a1ng \u0110\u00f4ng v\u00e0 s\u1ef1 \u1ea3nh h\u01b0\u1edfng c\u1ee7a k\u1ef9 thu\u1eadt x\u00e2y d\u1ef1ng ph\u01b0\u01a1ng T\u00e2y.<\/div>\n<div dir=\"auto\">M\u1ed9t n\u01a1i sinh ra v\u00e0 ph\u00e1t tri\u1ec3n n\u1ec1n \u0111\u1ed9c l\u1eadp d\u00e2n t\u1ed9c, m\u1ed9t n\u01a1i l\u00e0 k\u1ebft th\u00fac c\u1ee7a m\u1ed9t ch\u1ebf \u0111\u1ed9 phong ki\u1ebfn, m\u1ed7i n\u01a1i mang m\u1ed9t gi\u00e1 tr\u1ecb l\u1ecbch s\u1eed v\u00e0 v\u0103n h\u00f3a ri\u00eang bi\u1ec7t.<\/div>\n<\/div>\n<div class=\"x14z9mp xat24cr x1lziwak x1vvkbs xtlvy1s x126k92a\">\n<div dir=\"auto\">\u0110\u00e2y l\u00e0 s\u1ef1 k\u1ebft h\u1ee3p c\u1ee7a 1 d\u00f2ng ch\u1ea3y g\u1ea7n 1000 n\u0103m l\u1ecbch s\u1eed (1010 &#8211; 1945), c\u00f9ng h\u00f2a nh\u1eadp tr\u00ean b\u1ea3n s\u1eafc c\u1ee7a t\u1eebng di s\u1ea3n. B\u1ee9c tranh ch\u1ecdn m\u00e0u v\u00e0ng c\u1ee7a ho\u00e0ng gia nh\u01b0ng \u0111\u00e3 ng\u1ea3 m\u00e0u th\u1eddi gian, ng\u1ee5 \u00fd v\u0103n h\u00f3a n\u00f3i chung v\u00e0 2 bi\u1ec3u t\u01b0\u1ee3ng n\u00e0y n\u00f3i ri\u00eang, ch\u00ednh l\u00e0 g\u1ed1c r\u1ec5 ti\u1ebfp t\u1ee5c b\u1ed3i d\u01b0\u1ee1ng s\u1ef1 ti\u1ebfp n\u1ed1i hi\u1ec7n h\u1eefu trong th\u1eddi \u0111\u1ea1i v\u01b0\u01a1n m\u00ecnh v\u00e0 h\u1ed9i nh\u1eadp c\u1ee7a Vi\u1ec7t Nam ng\u00e0y nay.<\/div>\n<\/div>","protected":false},"excerpt":{"rendered":"<p>Ch\u1ea5t li\u1ec7u: S\u01a1n d\u1ea7u K\u00edch th\u01b0\u1edbc: 150 x 150 cm N\u0103m s\u00e1ng t\u00e1c: 2025 Ho\u00e0ng Th\u00e0nh l\u00e0 b\u1ee9c tranh v\u1ebd \u0110oan M\u00f4n ( Ho\u00e0ng th\u00e0nh Th\u0103ng Long ) v\u00e0 Ho\u00e0ng th\u00e0nh Hu\u1ebf ( m\u1eb7t b\u1eb1ng nh\u00ecn t\u1eeb tr\u00ean cao ) k\u1ebft h\u1ee3p l\u1ea1i v\u1edbi nhau v\u1eeba kh\u1eb3ng \u0111\u1ecbnh d\u1ea5u \u1ea5n tri\u1ec1u \u0111\u1ea1i, v\u1eeba th\u1ec3 hi\u1ec7n [&hellip;]<\/p>","protected":false},"featured_media":1880,"comment_status":"open","ping_status":"closed","template":"","meta":{"_eb_attr":""},"product_brand":[],"product_cat":[35],"product_tag":[],"class_list":{"0":"post-1222","1":"product","2":"type-product","3":"status-publish","4":"has-post-thumbnail","6":"product_cat-ky-an-viet-nam","8":"first","9":"instock","10":"shipping-taxable","11":"product-type-simple"},"jetpack_sharing_enabled":true,"_links":{"self":[{"href":"https:\/\/nguyenthanhvu.com\/en\/wp-json\/wp\/v2\/product\/1222","targetHints":{"allow":["GET"]}}],"collection":[{"href":"https:\/\/nguyenthanhvu.com\/en\/wp-json\/wp\/v2\/product"}],"about":[{"href":"https:\/\/nguyenthanhvu.com\/en\/wp-json\/wp\/v2\/types\/product"}],"replies":[{"embeddable":true,"href":"https:\/\/nguyenthanhvu.com\/en\/wp-json\/wp\/v2\/comments?post=1222"}],"wp:featuredmedia":[{"embeddable":true,"href":"https:\/\/nguyenthanhvu.com\/en\/wp-json\/wp\/v2\/media\/1880"}],"wp:attachment":[{"href":"https:\/\/nguyenthanhvu.com\/en\/wp-json\/wp\/v2\/media?parent=1222"}],"wp:term":[{"taxonomy":"product_brand","embeddable":true,"href":"https:\/\/nguyenthanhvu.com\/en\/wp-json\/wp\/v2\/product_brand?post=1222"},{"taxonomy":"product_cat","embeddable":true,"href":"https:\/\/nguyenthanhvu.com\/en\/wp-json\/wp\/v2\/product_cat?post=1222"},{"taxonomy":"product_tag","embeddable":true,"href":"https:\/\/nguyenthanhvu.com\/en\/wp-json\/wp\/v2\/product_tag?post=1222"}],"curies":[{"name":"wp","href":"https:\/\/api.w.org\/{rel}","templated":true}]}}