{"id":1387,"date":"2024-02-19T21:59:52","date_gmt":"2024-02-19T14:59:52","guid":{"rendered":"https:\/\/nguyenthanhvu.com\/?post_type=product&#038;p=1387"},"modified":"2024-12-18T21:20:49","modified_gmt":"2024-12-18T14:20:49","slug":"cuu-long","status":"publish","type":"product","link":"https:\/\/nguyenthanhvu.com\/en\/product\/cuu-long\/","title":{"rendered":"The Nine Dragons"},"content":{"rendered":"<div class=\"pvc_clear\"><\/div>\n<p id=\"pvc_stats_1387\" class=\"pvc_stats total_only\" data-element-id=\"1387\" style=\"\"><i class=\"pvc-stats-icon medium\" aria-hidden=\"true\"><svg xmlns=\"http:\/\/www.w3.org\/2000\/svg\" version=\"1.0\" viewbox=\"0 0 502 315\" preserveaspectratio=\"xMidYMid meet\"><g transform=\"translate(0,332) scale(0.1,-0.1)\" fill=\"\" stroke=\"none\"><path d=\"M2394 3279 l-29 -30 -3 -207 c-2 -182 0 -211 15 -242 39 -76 157 -76 196 0 15 31 17 60 15 243 l-3 209 -33 29 c-26 23 -41 29 -80 29 -41 0 -53 -5 -78 -31z\"\/><path d=\"M3085 3251 c-45 -19 -58 -50 -96 -229 -47 -217 -49 -260 -13 -295 52 -53 146 -42 177 20 16 31 87 366 87 410 0 70 -86 122 -155 94z\"\/><path d=\"M1751 3234 c-13 -9 -29 -31 -37 -50 -12 -29 -10 -49 21 -204 19 -94 39 -189 45 -210 14 -50 54 -80 110 -80 34 0 48 6 76 34 21 21 34 44 34 59 0 14 -18 113 -40 219 -37 178 -43 195 -70 221 -36 32 -101 37 -139 11z\"\/><path d=\"M1163 3073 c-36 -7 -73 -59 -73 -102 0 -56 133 -378 171 -413 34 -32 83 -37 129 -13 70 36 67 87 -16 290 -86 209 -89 214 -129 231 -35 14 -42 15 -82 7z\"\/><path d=\"M3689 3066 c-15 -9 -33 -30 -42 -48 -48 -103 -147 -355 -147 -375 0 -98 131 -148 192 -74 13 15 57 108 97 206 80 196 84 226 37 273 -30 30 -99 39 -137 18z\"\/><path d=\"M583 2784 c-38 -19 -67 -74 -58 -113 9 -42 211 -354 242 -373 16 -10 45 -18 66 -18 51 0 107 52 107 100 0 39 -1 41 -124 234 -80 126 -108 162 -133 173 -41 17 -61 16 -100 -3z\"\/><path d=\"M4250 2784 c-14 -9 -74 -91 -133 -183 -95 -150 -107 -173 -107 -213 0 -55 33 -94 87 -104 67 -13 90 8 211 198 130 202 137 225 78 284 -27 27 -42 34 -72 34 -22 0 -50 -8 -64 -16z\"\/><path d=\"M2275 2693 c-553 -48 -1095 -270 -1585 -649 -135 -104 -459 -423 -483 -476 -23 -49 -22 -139 2 -186 73 -142 361 -457 571 -626 285 -228 642 -407 990 -497 242 -63 336 -73 660 -74 310 0 370 5 595 52 535 111 1045 392 1455 803 122 121 250 273 275 326 19 41 19 137 0 174 -41 79 -309 363 -465 492 -447 370 -946 591 -1479 653 -113 14 -422 18 -536 8z m395 -428 c171 -34 330 -124 456 -258 112 -119 167 -219 211 -378 27 -96 24 -300 -5 -401 -72 -255 -236 -447 -474 -557 -132 -62 -201 -76 -368 -76 -167 0 -236 14 -368 76 -213 98 -373 271 -451 485 -162 444 86 934 547 1084 153 49 292 57 452 25z m909 -232 c222 -123 408 -262 593 -441 76 -74 138 -139 138 -144 0 -16 -233 -242 -330 -319 -155 -123 -309 -223 -461 -299 l-81 -41 32 46 c18 26 49 83 70 128 143 306 141 649 -6 957 -25 52 -61 116 -79 142 l-34 47 45 -20 c26 -10 76 -36 113 -56z m-2057 25 c-40 -58 -105 -190 -130 -263 -110 -324 -59 -707 132 -981 25 -35 42 -64 37 -64 -19 0 -241 119 -326 174 -188 122 -406 314 -532 468 l-58 71 108 103 c185 178 428 349 672 473 66 33 121 60 123 61 2 0 -10 -19 -26 -42z\"\/><path d=\"M2375 1950 c-198 -44 -350 -190 -395 -379 -18 -76 -8 -221 19 -290 114 -284 457 -406 731 -260 98 52 188 154 231 260 27 69 37 214 19 290 -38 163 -166 304 -326 360 -67 23 -215 33 -279 19z\"\/><\/g><\/svg><\/i> <img decoding=\"async\" width=\"16\" height=\"16\" alt=\"Loading\" src=\"https:\/\/nguyenthanhvu.com\/wp-content\/plugins\/page-views-count\/ajax-loader-2x.gif\" border=\"0\" \/><\/p>\n<div class=\"pvc_clear\"><\/div>\n<ul>\n<li><strong>Material:<\/strong> Oil painting<\/li>\n<li><strong>Size:<\/strong> 110 cm x 180 cm<\/li>\n<li><strong>Creation year:<\/strong> 2023<\/li>\n<\/ul>\n<p>Legend has it that a dragon has nine children (Long Sinh Cuu Pham), I drew nine dragons of the Ly, Tran, Le, and Nguyen dynasties, which had the development of culture and art in Vietnamese history.<\/p>\n<p>From left to right, the Ly dynasty dragon ranks first and the dragon holds a pearl, one is the largest and one is the most obscure, one symbolizes the pinnacle of art and also lays the foundation for the formation of art in Vietnam history, 1 faded into posterity as the few remaining documents and heritage. It is easy to find and see the traces of ancestors, but it is still difficult to penetrate and popularize them.<\/p>\n<p>Dragons of the Nguyen Dynasty stand at positions 2nd, 4th &amp; 5th, 6th in the painting. As the dynasty with the least reign time among the four dynasties, the road to establishing the country was also very arduous, ups and downs, when it was independent, it \"secluded the port\", when it asked for foreign aid, when it was strong. Strong like Minh Mang, infamous like Gia Long. No matter what the story is, whatever the truth is, to me history is the lessons, experiences, demonstrations, proofs of a glorious time and now strongly spread in posterity, that is a cultural success.<\/p>\n<p>The Dragon of the Tran Dynasty ranked 3rd, the Le ranked 7th and 8th. The art of the Tran Dynasty absorbed and developed from the Ly art. The art of Le So and Le Trung Hung developed and clearly formed its own mark, specifically sculpture and painting.<\/p>\n<p>The image of dragons wrapped around columns (each column represents the dynasties' patterns) pointing towards the Ly dynasty dragon holding pearls has the meaning that although the culture and art of the periods had changes and progress, they were all looking forward to it, wants to aim for the goodness, uniqueness and prosperity of the Vietnamese people.<\/p>\n<p>I use a series of similar colors in yellow tones, slightly pastel, with the purpose of both expressing admiration for our ancestors for their thousand-year history of civilization, as well as respect and nostalgia, trying to preserve and pass on the fire to the next person. Culture is like that, it will flow with the times, adapt and change continuously according to each person's way of thinking. And following nature is still the most subtainable experience for me.<\/p>","protected":false},"excerpt":{"rendered":"<p>Ch\u1ea5t li\u1ec7u: S\u01a1n d\u1ea7u K\u00edch th\u01b0\u1edbc: 110 cm x 180 cm N\u0103m s\u00e1ng t\u00e1c: 2023 T\u01b0\u01a1ng truy\u1ec1n r\u1ed3ng c\u00f3 chin \u0111\u1ee9a con ( Long sinh c\u1eedu ph\u1ea9m ), m\u00ecnh v\u1ebd chin con r\u1ed3ng c\u1ee7a c\u00e1c tri\u1ec1u \u0111\u1ea1i L\u00fd, Tr\u1ea7n, L\u00ea, v\u00e0 Nguy\u1ec5n, l\u00e0 nh\u1eefng tri\u1ec1u \u0111\u1ea1i c\u00f3 s\u1ef1 ph\u00e1t tri\u1ec3n v\u1ec1 v\u0103n h\u00f3a ngh\u1ec7 thu\u1eadt [&hellip;]<\/p>","protected":false},"featured_media":1388,"comment_status":"open","ping_status":"closed","template":"","meta":{"_eb_attr":""},"product_brand":[],"product_cat":[38],"product_tag":[],"class_list":{"0":"post-1387","1":"product","2":"type-product","3":"status-publish","4":"has-post-thumbnail","6":"product_cat-phat-ngu-tu-linh","8":"first","9":"outofstock","10":"shipping-taxable","11":"product-type-simple"},"jetpack_sharing_enabled":true,"_links":{"self":[{"href":"https:\/\/nguyenthanhvu.com\/en\/wp-json\/wp\/v2\/product\/1387","targetHints":{"allow":["GET"]}}],"collection":[{"href":"https:\/\/nguyenthanhvu.com\/en\/wp-json\/wp\/v2\/product"}],"about":[{"href":"https:\/\/nguyenthanhvu.com\/en\/wp-json\/wp\/v2\/types\/product"}],"replies":[{"embeddable":true,"href":"https:\/\/nguyenthanhvu.com\/en\/wp-json\/wp\/v2\/comments?post=1387"}],"wp:featuredmedia":[{"embeddable":true,"href":"https:\/\/nguyenthanhvu.com\/en\/wp-json\/wp\/v2\/media\/1388"}],"wp:attachment":[{"href":"https:\/\/nguyenthanhvu.com\/en\/wp-json\/wp\/v2\/media?parent=1387"}],"wp:term":[{"taxonomy":"product_brand","embeddable":true,"href":"https:\/\/nguyenthanhvu.com\/en\/wp-json\/wp\/v2\/product_brand?post=1387"},{"taxonomy":"product_cat","embeddable":true,"href":"https:\/\/nguyenthanhvu.com\/en\/wp-json\/wp\/v2\/product_cat?post=1387"},{"taxonomy":"product_tag","embeddable":true,"href":"https:\/\/nguyenthanhvu.com\/en\/wp-json\/wp\/v2\/product_tag?post=1387"}],"curies":[{"name":"wp","href":"https:\/\/api.w.org\/{rel}","templated":true}]}}