{"id":1676,"date":"2025-08-07T23:07:29","date_gmt":"2025-08-07T16:07:29","guid":{"rendered":"https:\/\/nguyenthanhvu.com\/?post_type=product&#038;p=1676"},"modified":"2025-09-21T17:07:33","modified_gmt":"2025-09-21T10:07:33","slug":"an-nhien","status":"publish","type":"product","link":"https:\/\/nguyenthanhvu.com\/en\/product\/an-nhien\/","title":{"rendered":"Peacefulness"},"content":{"rendered":"<div class=\"pvc_clear\"><\/div>\n<p id=\"pvc_stats_1676\" class=\"pvc_stats total_only\" data-element-id=\"1676\" style=\"\"><i class=\"pvc-stats-icon medium\" aria-hidden=\"true\"><svg xmlns=\"http:\/\/www.w3.org\/2000\/svg\" version=\"1.0\" viewbox=\"0 0 502 315\" preserveaspectratio=\"xMidYMid meet\"><g transform=\"translate(0,332) scale(0.1,-0.1)\" fill=\"\" stroke=\"none\"><path d=\"M2394 3279 l-29 -30 -3 -207 c-2 -182 0 -211 15 -242 39 -76 157 -76 196 0 15 31 17 60 15 243 l-3 209 -33 29 c-26 23 -41 29 -80 29 -41 0 -53 -5 -78 -31z\"\/><path d=\"M3085 3251 c-45 -19 -58 -50 -96 -229 -47 -217 -49 -260 -13 -295 52 -53 146 -42 177 20 16 31 87 366 87 410 0 70 -86 122 -155 94z\"\/><path d=\"M1751 3234 c-13 -9 -29 -31 -37 -50 -12 -29 -10 -49 21 -204 19 -94 39 -189 45 -210 14 -50 54 -80 110 -80 34 0 48 6 76 34 21 21 34 44 34 59 0 14 -18 113 -40 219 -37 178 -43 195 -70 221 -36 32 -101 37 -139 11z\"\/><path d=\"M1163 3073 c-36 -7 -73 -59 -73 -102 0 -56 133 -378 171 -413 34 -32 83 -37 129 -13 70 36 67 87 -16 290 -86 209 -89 214 -129 231 -35 14 -42 15 -82 7z\"\/><path d=\"M3689 3066 c-15 -9 -33 -30 -42 -48 -48 -103 -147 -355 -147 -375 0 -98 131 -148 192 -74 13 15 57 108 97 206 80 196 84 226 37 273 -30 30 -99 39 -137 18z\"\/><path d=\"M583 2784 c-38 -19 -67 -74 -58 -113 9 -42 211 -354 242 -373 16 -10 45 -18 66 -18 51 0 107 52 107 100 0 39 -1 41 -124 234 -80 126 -108 162 -133 173 -41 17 -61 16 -100 -3z\"\/><path d=\"M4250 2784 c-14 -9 -74 -91 -133 -183 -95 -150 -107 -173 -107 -213 0 -55 33 -94 87 -104 67 -13 90 8 211 198 130 202 137 225 78 284 -27 27 -42 34 -72 34 -22 0 -50 -8 -64 -16z\"\/><path d=\"M2275 2693 c-553 -48 -1095 -270 -1585 -649 -135 -104 -459 -423 -483 -476 -23 -49 -22 -139 2 -186 73 -142 361 -457 571 -626 285 -228 642 -407 990 -497 242 -63 336 -73 660 -74 310 0 370 5 595 52 535 111 1045 392 1455 803 122 121 250 273 275 326 19 41 19 137 0 174 -41 79 -309 363 -465 492 -447 370 -946 591 -1479 653 -113 14 -422 18 -536 8z m395 -428 c171 -34 330 -124 456 -258 112 -119 167 -219 211 -378 27 -96 24 -300 -5 -401 -72 -255 -236 -447 -474 -557 -132 -62 -201 -76 -368 -76 -167 0 -236 14 -368 76 -213 98 -373 271 -451 485 -162 444 86 934 547 1084 153 49 292 57 452 25z m909 -232 c222 -123 408 -262 593 -441 76 -74 138 -139 138 -144 0 -16 -233 -242 -330 -319 -155 -123 -309 -223 -461 -299 l-81 -41 32 46 c18 26 49 83 70 128 143 306 141 649 -6 957 -25 52 -61 116 -79 142 l-34 47 45 -20 c26 -10 76 -36 113 -56z m-2057 25 c-40 -58 -105 -190 -130 -263 -110 -324 -59 -707 132 -981 25 -35 42 -64 37 -64 -19 0 -241 119 -326 174 -188 122 -406 314 -532 468 l-58 71 108 103 c185 178 428 349 672 473 66 33 121 60 123 61 2 0 -10 -19 -26 -42z\"\/><path d=\"M2375 1950 c-198 -44 -350 -190 -395 -379 -18 -76 -8 -221 19 -290 114 -284 457 -406 731 -260 98 52 188 154 231 260 27 69 37 214 19 290 -38 163 -166 304 -326 360 -67 23 -215 33 -279 19z\"\/><\/g><\/svg><\/i> <img decoding=\"async\" width=\"16\" height=\"16\" alt=\"Loading\" src=\"https:\/\/nguyenthanhvu.com\/wp-content\/plugins\/page-views-count\/ajax-loader-2x.gif\" border=\"0\" \/><\/p>\n<div class=\"pvc_clear\"><\/div>\n<ul>\n<li><strong>Author:<\/strong> Nguy\u1ec5n Thanh V\u0169<\/li>\n<li><strong>Material:<\/strong> Oil painting<\/li>\n<li><strong>Size:<\/strong> 80 x 120cm<\/li>\n<li><strong>Creation year:<\/strong> 2025<\/li>\n<\/ul>\n<p>Trong chu\u1ed7i t\u01b0\u01a1ng quan 1 ng\u00e0y \u2013 1 \u0111\u1eddi ng\u01b0\u1eddi, An nhi\u00ean l\u00e0 b\u1ee9c tranh \u0111\u1ea1i di\u1ec7n kho\u1ea3ng th\u1eddi gian 7am \u2013 10am \u1ee9ng v\u1edbi giai \u0111o\u1ea1n Tu\u1ed5i thi\u1ebfu ni\u00ean v\u00e0 thanh ni\u00ean (10-20 tu\u1ed5i) \u0111\u1ea7y nhi\u1ec7t huy\u1ebft, \u01b0\u1edbc m\u01a1 v\u00e0 ho\u00e0i b\u00e3o. Thanh ni\u00ean b\u1eaft \u0111\u1ea7u x\u00e2y d\u1ef1ng s\u1ef1 nghi\u1ec7p, t\u00ecm ki\u1ebfm b\u1ea3n th\u00e2n v\u00e0 \u0111\u1ecbnh h\u01b0\u1edbng t\u01b0\u01a1ng lai.<\/p>\n<p>Cu\u1ed9c \u0111\u1eddi n\u00e0y kh\u00f4ng ph\u1ea3i ai sinh ra c\u0169ng c\u1ea7m s\u1eb5n b\u00e0i \u0111\u1eb9p. Ch\u1eb3ng th\u1ec3 v\u00ec v\u00e0i ng\u00e0y u \u00e1m m\u00e0 ngh\u0129 m\u00ecnh c\u1ea3 \u0111\u1eddi t\u0103m t\u1ed1i.<\/p>\n<p>Cu\u1ed9c s\u1ed1ng \u201cb\u00ecnh th\u01b0\u1eddng\u201d c\u1ee7a ng\u01b0\u1eddi n\u00e0y, l\u1ea1i l\u00e0 gi\u1ea5c m\u01a1 c\u1ee7a ng\u01b0\u1eddi kh\u00e1c.<\/p>\n<p>Kh\u00f4ng th\u1ec3 ch\u1ecdn xu\u1ea5t ph\u00e1t \u0111i\u1ec3m, nh\u01b0ng c\u00f3 th\u1ec3 ch\u1ecdn c\u00e1ch m\u00ecnh s\u1ed1ng t\u1eeb gi\u1edd tr\u1edf \u0111i.<\/p>\n<p>M\u00ecnh kh\u00f4ng c\u1ea7n ph\u1ea3i l\u00e0 ai kh\u00e1c. Ch\u1ec9 c\u1ea7n l\u00e0 phi\u00ean b\u1ea3n d\u0169ng c\u1ea3m v\u00e0 d\u1ecbu d\u00e0ng nh\u1ea5t c\u1ee7a ch\u00ednh m\u00ecnh th\u1ebf l\u00e0 \u0111\u1ee7 t\u1ed1t r\u1ed3i.<\/p>\n<p>B\u1ee9c tranh v\u1ebd h\u00ecnh \u1ea3nh Thi\u1ec1n th\u1ee7 \u1ea5n \u1ea9n hi\u1ec7n trong thinh kh\u00f4ng c\u00f9ng s\u00f3ng n\u01b0\u1edbc \u0111ang chuy\u1ec3n \u0111\u1ed9ng \u0111\u1ed3ng t\u00e2m th\u1ec3 hi\u1ec7n cho t\u00ednh \u201c \u0111\u1ecbnh\u201d c\u1ee7a c\u00e1i t\u00e2m, c\u00f9ng an tr\u00fa, c\u00f9ng t\u0129nh l\u1eb7ng, t\u1eeb \u0111\u00f3 \u00e1nh s\u00e1ng m\u1edbi xu\u1ea5t hi\u1ec7n, ch\u1ec9 \u0111\u01b0\u1eddng d\u1eabn l\u1ed1i tr\u01b0\u1edbc nh\u1eefng gi\u00f4ng t\u1ed1 c\u1ee7a cu\u1ed9c \u0111\u1eddi.<\/p>","protected":false},"excerpt":{"rendered":"<p>T\u00e1c gi\u1ea3: Nguy\u1ec5n Thanh V\u0169 Ch\u1ea5t li\u1ec7u: S\u01a1n d\u1ea7u tr\u00ean v\u1ea3i K\u00edch th\u01b0\u1edbc: 80 x 120cm N\u0103m s\u00e1ng t\u00e1c: 2025 Trong chu\u1ed7i t\u01b0\u01a1ng quan 1 ng\u00e0y \u2013 1 \u0111\u1eddi ng\u01b0\u1eddi, An nhi\u00ean l\u00e0 b\u1ee9c tranh \u0111\u1ea1i di\u1ec7n kho\u1ea3ng th\u1eddi gian 7am \u2013 10am \u1ee9ng v\u1edbi giai \u0111o\u1ea1n Tu\u1ed5i thi\u1ebfu ni\u00ean v\u00e0 thanh ni\u00ean (10-20 tu\u1ed5i) [&hellip;]<\/p>","protected":false},"featured_media":1677,"comment_status":"open","ping_status":"closed","template":"","meta":{"_eb_attr":""},"product_brand":[],"product_cat":[42],"product_tag":[],"class_list":{"0":"post-1676","1":"product","2":"type-product","3":"status-publish","4":"has-post-thumbnail","6":"product_cat-hieu-canh","8":"first","9":"instock","10":"shipping-taxable","11":"product-type-simple"},"jetpack_sharing_enabled":true,"_links":{"self":[{"href":"https:\/\/nguyenthanhvu.com\/en\/wp-json\/wp\/v2\/product\/1676","targetHints":{"allow":["GET"]}}],"collection":[{"href":"https:\/\/nguyenthanhvu.com\/en\/wp-json\/wp\/v2\/product"}],"about":[{"href":"https:\/\/nguyenthanhvu.com\/en\/wp-json\/wp\/v2\/types\/product"}],"replies":[{"embeddable":true,"href":"https:\/\/nguyenthanhvu.com\/en\/wp-json\/wp\/v2\/comments?post=1676"}],"wp:featuredmedia":[{"embeddable":true,"href":"https:\/\/nguyenthanhvu.com\/en\/wp-json\/wp\/v2\/media\/1677"}],"wp:attachment":[{"href":"https:\/\/nguyenthanhvu.com\/en\/wp-json\/wp\/v2\/media?parent=1676"}],"wp:term":[{"taxonomy":"product_brand","embeddable":true,"href":"https:\/\/nguyenthanhvu.com\/en\/wp-json\/wp\/v2\/product_brand?post=1676"},{"taxonomy":"product_cat","embeddable":true,"href":"https:\/\/nguyenthanhvu.com\/en\/wp-json\/wp\/v2\/product_cat?post=1676"},{"taxonomy":"product_tag","embeddable":true,"href":"https:\/\/nguyenthanhvu.com\/en\/wp-json\/wp\/v2\/product_tag?post=1676"}],"curies":[{"name":"wp","href":"https:\/\/api.w.org\/{rel}","templated":true}]}}