{"id":1686,"date":"2025-08-07T23:17:20","date_gmt":"2025-08-07T16:17:20","guid":{"rendered":"https:\/\/nguyenthanhvu.com\/?post_type=product&#038;p=1686"},"modified":"2025-09-21T17:07:02","modified_gmt":"2025-09-21T10:07:02","slug":"su-dong-cam","status":"publish","type":"product","link":"https:\/\/nguyenthanhvu.com\/en\/product\/su-dong-cam\/","title":{"rendered":"Empathy"},"content":{"rendered":"<div class=\"pvc_clear\"><\/div>\n<p id=\"pvc_stats_1686\" class=\"pvc_stats total_only\" data-element-id=\"1686\" style=\"\"><i class=\"pvc-stats-icon medium\" aria-hidden=\"true\"><svg xmlns=\"http:\/\/www.w3.org\/2000\/svg\" version=\"1.0\" viewbox=\"0 0 502 315\" preserveaspectratio=\"xMidYMid meet\"><g transform=\"translate(0,332) scale(0.1,-0.1)\" fill=\"\" stroke=\"none\"><path d=\"M2394 3279 l-29 -30 -3 -207 c-2 -182 0 -211 15 -242 39 -76 157 -76 196 0 15 31 17 60 15 243 l-3 209 -33 29 c-26 23 -41 29 -80 29 -41 0 -53 -5 -78 -31z\"\/><path d=\"M3085 3251 c-45 -19 -58 -50 -96 -229 -47 -217 -49 -260 -13 -295 52 -53 146 -42 177 20 16 31 87 366 87 410 0 70 -86 122 -155 94z\"\/><path d=\"M1751 3234 c-13 -9 -29 -31 -37 -50 -12 -29 -10 -49 21 -204 19 -94 39 -189 45 -210 14 -50 54 -80 110 -80 34 0 48 6 76 34 21 21 34 44 34 59 0 14 -18 113 -40 219 -37 178 -43 195 -70 221 -36 32 -101 37 -139 11z\"\/><path d=\"M1163 3073 c-36 -7 -73 -59 -73 -102 0 -56 133 -378 171 -413 34 -32 83 -37 129 -13 70 36 67 87 -16 290 -86 209 -89 214 -129 231 -35 14 -42 15 -82 7z\"\/><path d=\"M3689 3066 c-15 -9 -33 -30 -42 -48 -48 -103 -147 -355 -147 -375 0 -98 131 -148 192 -74 13 15 57 108 97 206 80 196 84 226 37 273 -30 30 -99 39 -137 18z\"\/><path d=\"M583 2784 c-38 -19 -67 -74 -58 -113 9 -42 211 -354 242 -373 16 -10 45 -18 66 -18 51 0 107 52 107 100 0 39 -1 41 -124 234 -80 126 -108 162 -133 173 -41 17 -61 16 -100 -3z\"\/><path d=\"M4250 2784 c-14 -9 -74 -91 -133 -183 -95 -150 -107 -173 -107 -213 0 -55 33 -94 87 -104 67 -13 90 8 211 198 130 202 137 225 78 284 -27 27 -42 34 -72 34 -22 0 -50 -8 -64 -16z\"\/><path d=\"M2275 2693 c-553 -48 -1095 -270 -1585 -649 -135 -104 -459 -423 -483 -476 -23 -49 -22 -139 2 -186 73 -142 361 -457 571 -626 285 -228 642 -407 990 -497 242 -63 336 -73 660 -74 310 0 370 5 595 52 535 111 1045 392 1455 803 122 121 250 273 275 326 19 41 19 137 0 174 -41 79 -309 363 -465 492 -447 370 -946 591 -1479 653 -113 14 -422 18 -536 8z m395 -428 c171 -34 330 -124 456 -258 112 -119 167 -219 211 -378 27 -96 24 -300 -5 -401 -72 -255 -236 -447 -474 -557 -132 -62 -201 -76 -368 -76 -167 0 -236 14 -368 76 -213 98 -373 271 -451 485 -162 444 86 934 547 1084 153 49 292 57 452 25z m909 -232 c222 -123 408 -262 593 -441 76 -74 138 -139 138 -144 0 -16 -233 -242 -330 -319 -155 -123 -309 -223 -461 -299 l-81 -41 32 46 c18 26 49 83 70 128 143 306 141 649 -6 957 -25 52 -61 116 -79 142 l-34 47 45 -20 c26 -10 76 -36 113 -56z m-2057 25 c-40 -58 -105 -190 -130 -263 -110 -324 -59 -707 132 -981 25 -35 42 -64 37 -64 -19 0 -241 119 -326 174 -188 122 -406 314 -532 468 l-58 71 108 103 c185 178 428 349 672 473 66 33 121 60 123 61 2 0 -10 -19 -26 -42z\"\/><path d=\"M2375 1950 c-198 -44 -350 -190 -395 -379 -18 -76 -8 -221 19 -290 114 -284 457 -406 731 -260 98 52 188 154 231 260 27 69 37 214 19 290 -38 163 -166 304 -326 360 -67 23 -215 33 -279 19z\"\/><\/g><\/svg><\/i> <img decoding=\"async\" width=\"16\" height=\"16\" alt=\"Loading\" src=\"https:\/\/nguyenthanhvu.com\/wp-content\/plugins\/page-views-count\/ajax-loader-2x.gif\" border=\"0\" \/><\/p>\n<div class=\"pvc_clear\"><\/div>\n<ul>\n<li><strong>Author:<\/strong> Nguy\u1ec5n Thanh V\u0169<\/li>\n<li><strong>Material:<\/strong> Oil painting<\/li>\n<li><strong>Size:<\/strong> 40 x 150cm<\/li>\n<li><strong>Creation year:<\/strong> 2025<\/li>\n<\/ul>\n<p>Trong chu\u1ed7i t\u01b0\u01a1ng quan 1 ng\u00e0y \u2013 1 \u0111\u1eddi ng\u01b0\u1eddi, Empathy l\u00e0 b\u1ee9c tranh \u0111\u1ea1i di\u1ec7n cho kho\u1ea3ng th\u1eddi gian x\u1ebf chi\u1ec1u ( 3pm \u2013 5pm) \u1ee9ng v\u1edbi giai \u0111o\u1ea1n tu\u1ed5i trung ni\u00ean ( 40 \u2013 60 tu\u1ed5i).<\/p>\n<p>\u0110\u00e2y l\u00e0 giai \u0111o\u1ea1n \u1ed5n \u0111\u1ecbnh trong cu\u1ed9c s\u1ed1ng, s\u1ef1 nghi\u1ec7p \u0111\u00e3 v\u1eefng ch\u1eafc, gia \u0111\u00ecnh \u00eam \u1ea5m. N\u0103ng l\u01b0\u1ee3ng kh\u00f4ng c\u00f2n d\u1ed3i d\u00e0o nh\u01b0 tu\u1ed5i tr\u1ebb, nh\u01b0ng kinh nghi\u1ec7m v\u00e0 s\u1ef1 ch\u00edn ch\u1eafn l\u1ea1i t\u0103ng l\u00ean. Th\u1eddi gian tr\u00f4i \u0111i v\u1edbi nh\u1ecbp \u0111\u1ed9 ch\u1eadm r\u00e3i h\u01a1n, t\u1eadp trung v\u00e0o vi\u1ec7c duy tr\u00ec nh\u1eefng g\u00ec \u0111\u00e3 c\u00f3, chi\u00eam nghi\u1ec7m v\u1ec1 cu\u1ed9c s\u1ed1ng v\u00e0 chu\u1ea9n b\u1ecb cho giai \u0111o\u1ea1n ti\u1ebfp theo.<\/p>\n<p>Nh\u01b0ng kh\u00f4ng ph\u1ea3i ai c\u0169ng \u0111\u1ea1t \u0111\u01b0\u1ee3c nh\u01b0 v\u1eady \u1edf giai \u0111o\u1ea1n n\u00e0y. \u1ede m\u1ed9t g\u00f3c nh\u00ecn kh\u00e1c, th\u1ebf gi\u1edbi ngo\u00e0i kia v\u1eabn c\u00f2n nhi\u1ec1u tr\u1eafc tr\u1edf, tr\u1eddi ch\u01b0a thu\u1eadn l\u00f2ng.<\/p>\n<p>B\u1ee9c tranh v\u1ebd h\u00ecnh d\u00e1ng m\u1ed9t ng\u01b0\u1eddi \u0111ang n\u1eb1m \u1ea9n hi\u1ec7n d\u01b0\u1edbi l\u1edbp lang s\u00f3ng n\u01b0\u1edbc, \u0111\u01b0\u1ee3c ngu\u1ed3n s\u00e1ng ph\u00eda tr\u00ean ( \u1ea9n hi\u1ec7n h\u00ecnh d\u00e1ng Th\u00ed nguy\u1ec7n th\u1ee7 \u1ea5n ) soi r\u1ecdi th\u1ec3 hi\u1ec7n s\u1ef1 t\u1eeb bi, bao dung \u00f4m l\u1ea5y nh\u1eefng suy t\u01b0, tr\u0103n tr\u1edf, th\u1eadm ch\u00ed l\u00e0 kh\u1ed5 \u0111au c\u1ee7a con ng\u01b0\u1eddi.<\/p>","protected":false},"excerpt":{"rendered":"<p>T\u00e1c gi\u1ea3: Nguy\u1ec5n Thanh V\u0169 Ch\u1ea5t li\u1ec7u: S\u01a1n d\u1ea7u tr\u00ean v\u1ea3i K\u00edch th\u01b0\u1edbc: 40 x 150cm N\u0103m s\u00e1ng t\u00e1c: 2025 Trong chu\u1ed7i t\u01b0\u01a1ng quan 1 ng\u00e0y \u2013 1 \u0111\u1eddi ng\u01b0\u1eddi, Empathy l\u00e0 b\u1ee9c tranh \u0111\u1ea1i di\u1ec7n cho kho\u1ea3ng th\u1eddi gian x\u1ebf chi\u1ec1u ( 3pm \u2013 5pm) \u1ee9ng v\u1edbi giai \u0111o\u1ea1n tu\u1ed5i trung ni\u00ean ( 40 [&hellip;]<\/p>","protected":false},"featured_media":1687,"comment_status":"open","ping_status":"closed","template":"","meta":{"_eb_attr":""},"product_brand":[],"product_cat":[42],"product_tag":[],"class_list":{"0":"post-1686","1":"product","2":"type-product","3":"status-publish","4":"has-post-thumbnail","6":"product_cat-hieu-canh","8":"first","9":"instock","10":"shipping-taxable","11":"product-type-simple"},"jetpack_sharing_enabled":true,"_links":{"self":[{"href":"https:\/\/nguyenthanhvu.com\/en\/wp-json\/wp\/v2\/product\/1686","targetHints":{"allow":["GET"]}}],"collection":[{"href":"https:\/\/nguyenthanhvu.com\/en\/wp-json\/wp\/v2\/product"}],"about":[{"href":"https:\/\/nguyenthanhvu.com\/en\/wp-json\/wp\/v2\/types\/product"}],"replies":[{"embeddable":true,"href":"https:\/\/nguyenthanhvu.com\/en\/wp-json\/wp\/v2\/comments?post=1686"}],"wp:featuredmedia":[{"embeddable":true,"href":"https:\/\/nguyenthanhvu.com\/en\/wp-json\/wp\/v2\/media\/1687"}],"wp:attachment":[{"href":"https:\/\/nguyenthanhvu.com\/en\/wp-json\/wp\/v2\/media?parent=1686"}],"wp:term":[{"taxonomy":"product_brand","embeddable":true,"href":"https:\/\/nguyenthanhvu.com\/en\/wp-json\/wp\/v2\/product_brand?post=1686"},{"taxonomy":"product_cat","embeddable":true,"href":"https:\/\/nguyenthanhvu.com\/en\/wp-json\/wp\/v2\/product_cat?post=1686"},{"taxonomy":"product_tag","embeddable":true,"href":"https:\/\/nguyenthanhvu.com\/en\/wp-json\/wp\/v2\/product_tag?post=1686"}],"curies":[{"name":"wp","href":"https:\/\/api.w.org\/{rel}","templated":true}]}}