{"id":1873,"date":"2026-01-10T21:26:10","date_gmt":"2026-01-10T14:26:10","guid":{"rendered":"https:\/\/nguyenthanhvu.com\/?post_type=product&#038;p=1873"},"modified":"2026-01-10T21:28:09","modified_gmt":"2026-01-10T14:28:09","slug":"du-day","status":"publish","type":"product","link":"https:\/\/nguyenthanhvu.com\/en\/product\/du-day\/","title":{"rendered":"\u0110\u1ee7 \u0111\u1ea7y"},"content":{"rendered":"<div class=\"pvc_clear\"><\/div>\n<p id=\"pvc_stats_1873\" class=\"pvc_stats total_only\" data-element-id=\"1873\" style=\"\"><i class=\"pvc-stats-icon medium\" aria-hidden=\"true\"><svg xmlns=\"http:\/\/www.w3.org\/2000\/svg\" version=\"1.0\" viewbox=\"0 0 502 315\" preserveaspectratio=\"xMidYMid meet\"><g transform=\"translate(0,332) scale(0.1,-0.1)\" fill=\"\" stroke=\"none\"><path d=\"M2394 3279 l-29 -30 -3 -207 c-2 -182 0 -211 15 -242 39 -76 157 -76 196 0 15 31 17 60 15 243 l-3 209 -33 29 c-26 23 -41 29 -80 29 -41 0 -53 -5 -78 -31z\"\/><path d=\"M3085 3251 c-45 -19 -58 -50 -96 -229 -47 -217 -49 -260 -13 -295 52 -53 146 -42 177 20 16 31 87 366 87 410 0 70 -86 122 -155 94z\"\/><path d=\"M1751 3234 c-13 -9 -29 -31 -37 -50 -12 -29 -10 -49 21 -204 19 -94 39 -189 45 -210 14 -50 54 -80 110 -80 34 0 48 6 76 34 21 21 34 44 34 59 0 14 -18 113 -40 219 -37 178 -43 195 -70 221 -36 32 -101 37 -139 11z\"\/><path d=\"M1163 3073 c-36 -7 -73 -59 -73 -102 0 -56 133 -378 171 -413 34 -32 83 -37 129 -13 70 36 67 87 -16 290 -86 209 -89 214 -129 231 -35 14 -42 15 -82 7z\"\/><path d=\"M3689 3066 c-15 -9 -33 -30 -42 -48 -48 -103 -147 -355 -147 -375 0 -98 131 -148 192 -74 13 15 57 108 97 206 80 196 84 226 37 273 -30 30 -99 39 -137 18z\"\/><path d=\"M583 2784 c-38 -19 -67 -74 -58 -113 9 -42 211 -354 242 -373 16 -10 45 -18 66 -18 51 0 107 52 107 100 0 39 -1 41 -124 234 -80 126 -108 162 -133 173 -41 17 -61 16 -100 -3z\"\/><path d=\"M4250 2784 c-14 -9 -74 -91 -133 -183 -95 -150 -107 -173 -107 -213 0 -55 33 -94 87 -104 67 -13 90 8 211 198 130 202 137 225 78 284 -27 27 -42 34 -72 34 -22 0 -50 -8 -64 -16z\"\/><path d=\"M2275 2693 c-553 -48 -1095 -270 -1585 -649 -135 -104 -459 -423 -483 -476 -23 -49 -22 -139 2 -186 73 -142 361 -457 571 -626 285 -228 642 -407 990 -497 242 -63 336 -73 660 -74 310 0 370 5 595 52 535 111 1045 392 1455 803 122 121 250 273 275 326 19 41 19 137 0 174 -41 79 -309 363 -465 492 -447 370 -946 591 -1479 653 -113 14 -422 18 -536 8z m395 -428 c171 -34 330 -124 456 -258 112 -119 167 -219 211 -378 27 -96 24 -300 -5 -401 -72 -255 -236 -447 -474 -557 -132 -62 -201 -76 -368 -76 -167 0 -236 14 -368 76 -213 98 -373 271 -451 485 -162 444 86 934 547 1084 153 49 292 57 452 25z m909 -232 c222 -123 408 -262 593 -441 76 -74 138 -139 138 -144 0 -16 -233 -242 -330 -319 -155 -123 -309 -223 -461 -299 l-81 -41 32 46 c18 26 49 83 70 128 143 306 141 649 -6 957 -25 52 -61 116 -79 142 l-34 47 45 -20 c26 -10 76 -36 113 -56z m-2057 25 c-40 -58 -105 -190 -130 -263 -110 -324 -59 -707 132 -981 25 -35 42 -64 37 -64 -19 0 -241 119 -326 174 -188 122 -406 314 -532 468 l-58 71 108 103 c185 178 428 349 672 473 66 33 121 60 123 61 2 0 -10 -19 -26 -42z\"\/><path d=\"M2375 1950 c-198 -44 -350 -190 -395 -379 -18 -76 -8 -221 19 -290 114 -284 457 -406 731 -260 98 52 188 154 231 260 27 69 37 214 19 290 -38 163 -166 304 -326 360 -67 23 -215 33 -279 19z\"\/><\/g><\/svg><\/i> <img decoding=\"async\" width=\"16\" height=\"16\" alt=\"Loading\" src=\"https:\/\/nguyenthanhvu.com\/wp-content\/plugins\/page-views-count\/ajax-loader-2x.gif\" border=\"0\" \/><\/p>\n<div class=\"pvc_clear\"><\/div>\n<ul>\n<li><strong>Material:<\/strong>\u00a0Oil painting<\/li>\n<li><strong>Size:<\/strong> 150 cm x 150 cm<\/li>\n<li><strong>Creation year:<\/strong> 2025<\/li>\n<li>M\u00ecnh l\u1edbn l\u00ean v\u1edbi \u0111\u1ed3ng ru\u1ed9ng, h\u1ea7u h\u1ebft qu\u00e3ng th\u1eddi gian tu\u1ed5i th\u01a1 v\u00e0 ni\u00ean thi\u1ebfu c\u1ee7a m\u00ecnh \u0111\u1ec1u g\u1eafn li\u1ec1n v\u1edbi c\u00e2y l\u00faa, m\u00e0 l\u00fac \u0111\u00f3 th\u00ec k c\u1ea3m nh\u1eadn \u0111\u01b0\u1ee3c v\u1ebb \u0111\u1eb9p c\u1ee7a nh\u1eefng c\u00e1nh \u0111\u1ed3ng \u0111\u00e2u, m\u00e3i \u0111\u1ebfn sau n\u00e0y \u0111i nhi\u1ec1u n\u01a1i, nh\u00ecn ng\u1eafm \u0111\u1ea5t n\u01b0\u1edbc, th\u1ebf gi\u1edbi, m\u00ecnh l\u1ea1i th\u1ea5y tr\u00e2n qu\u00fd v\u1ebb \u0111\u1eb9p c\u1ee7a nh\u1eefng c\u00e1nh \u0111\u1ed3ng n\u00e0y.\n<div class=\"x14z9mp xat24cr x1lziwak x1vvkbs xtlvy1s x126k92a\">\n<div dir=\"auto\">B\u1ee9c tranh l\u00e0 s\u1ef1 h\u1ed3i t\u01b0\u1edfng l\u1ea1i c\u00e1nh \u0111\u1ed3ng v\u00e0ng b\u1ea5t t\u1eadn \u1edf qu\u00ea nh\u00e0 trong 1 bu\u1ed5i tr\u01b0a h\u00e8 \u0111\u1ea7y gi\u00f3 m\u00e1t, gi\u00f3 l\u00f9a l\u00faa ng\u00e3 v\u1ec1 1 h\u01b0\u1edbng, trong khi \u0111\u00f3 m\u00e2y tr\u1eddi c\u0169ng v\u1edbi n\u1eafng v\u00e0 gi\u00f3 khi h\u00f2a quy\u1ec7n \u0111\u1ed3ng \u0111i\u1ec7u v\u1edbi nhau, khi h\u1ed7n lo\u1ea1n ph\u00e2n t\u00e1n t\u1ea1o th\u00e0nh nh\u1eefng h\u00ecnh th\u00e1i b\u1ea5t \u0111\u1ecbnh, gi\u00f3 th\u1ed5i m\u00e2y, m\u00e2y che n\u1eafng, n\u1eafng r\u01a1i tr\u00ean c\u00e1nh \u0111\u1ed3ng tu\u1ed5i th\u01a1.<\/div>\n<\/div>\n<div class=\"x14z9mp xat24cr x1lziwak x1vvkbs xtlvy1s x126k92a\">\n<div dir=\"auto\">T\u00e2m th\u1ebf n\u00e0y m\u00ecnh ch\u1ec9 mu\u1ed1n th\u1eadt s\u1ef1 mu\u1ed1n v\u00f4 lo v\u00f4 \u01b0u, t\u1ef1 do tr\u00e0n \u0111\u1ea7y, v\u00e0 \u0111\u00e2y c\u0169ng l\u00e0 th\u00f4ng \u0111i\u1ec7p m\u00e0 b\u1ee9c tranh mu\u1ed1n g\u1eedi g\u1eafm.<\/div>\n<\/div>\n<div class=\"x14z9mp xat24cr x1lziwak x1vvkbs xtlvy1s x126k92a\">\n<div dir=\"auto\">xin gi\u1edbi thi\u1ec7u v\u1edbi m\u1ecdi ng\u01b0\u1eddi<\/div>\n<\/div>\n<\/li>\n<\/ul>","protected":false},"excerpt":{"rendered":"<p>Ch\u1ea5t li\u1ec7u:\u00a0S\u01a1n d\u1ea7u K\u00edch th\u01b0\u1edbc: 150 cm x 150 cm N\u0103m s\u00e1ng t\u00e1c: 2025 M\u00ecnh l\u1edbn l\u00ean v\u1edbi \u0111\u1ed3ng ru\u1ed9ng, h\u1ea7u h\u1ebft qu\u00e3ng th\u1eddi gian tu\u1ed5i th\u01a1 v\u00e0 ni\u00ean thi\u1ebfu c\u1ee7a m\u00ecnh \u0111\u1ec1u g\u1eafn li\u1ec1n v\u1edbi c\u00e2y l\u00faa, m\u00e0 l\u00fac \u0111\u00f3 th\u00ec k c\u1ea3m nh\u1eadn \u0111\u01b0\u1ee3c v\u1ebb \u0111\u1eb9p c\u1ee7a nh\u1eefng c\u00e1nh \u0111\u1ed3ng \u0111\u00e2u, m\u00e3i \u0111\u1ebfn [&hellip;]<\/p>","protected":false},"featured_media":1875,"comment_status":"open","ping_status":"closed","template":"","meta":{"_eb_attr":""},"product_brand":[],"product_cat":[34],"product_tag":[],"class_list":{"0":"post-1873","1":"product","2":"type-product","3":"status-publish","4":"has-post-thumbnail","6":"product_cat-truc-hoa","8":"first","9":"outofstock","10":"shipping-taxable","11":"product-type-simple"},"jetpack_sharing_enabled":true,"_links":{"self":[{"href":"https:\/\/nguyenthanhvu.com\/en\/wp-json\/wp\/v2\/product\/1873","targetHints":{"allow":["GET"]}}],"collection":[{"href":"https:\/\/nguyenthanhvu.com\/en\/wp-json\/wp\/v2\/product"}],"about":[{"href":"https:\/\/nguyenthanhvu.com\/en\/wp-json\/wp\/v2\/types\/product"}],"replies":[{"embeddable":true,"href":"https:\/\/nguyenthanhvu.com\/en\/wp-json\/wp\/v2\/comments?post=1873"}],"wp:featuredmedia":[{"embeddable":true,"href":"https:\/\/nguyenthanhvu.com\/en\/wp-json\/wp\/v2\/media\/1875"}],"wp:attachment":[{"href":"https:\/\/nguyenthanhvu.com\/en\/wp-json\/wp\/v2\/media?parent=1873"}],"wp:term":[{"taxonomy":"product_brand","embeddable":true,"href":"https:\/\/nguyenthanhvu.com\/en\/wp-json\/wp\/v2\/product_brand?post=1873"},{"taxonomy":"product_cat","embeddable":true,"href":"https:\/\/nguyenthanhvu.com\/en\/wp-json\/wp\/v2\/product_cat?post=1873"},{"taxonomy":"product_tag","embeddable":true,"href":"https:\/\/nguyenthanhvu.com\/en\/wp-json\/wp\/v2\/product_tag?post=1873"}],"curies":[{"name":"wp","href":"https:\/\/api.w.org\/{rel}","templated":true}]}}