{"id":1877,"date":"2026-01-10T21:29:13","date_gmt":"2026-01-10T14:29:13","guid":{"rendered":"https:\/\/nguyenthanhvu.com\/?post_type=product&#038;p=1877"},"modified":"2026-01-10T21:31:30","modified_gmt":"2026-01-10T14:31:30","slug":"duoi-bong-sen","status":"publish","type":"product","link":"https:\/\/nguyenthanhvu.com\/en\/product\/duoi-bong-sen\/","title":{"rendered":"D\u01b0\u1edbi b\u00f3ng sen"},"content":{"rendered":"<div class=\"pvc_clear\"><\/div>\n<p id=\"pvc_stats_1877\" class=\"pvc_stats total_only\" data-element-id=\"1877\" style=\"\"><i class=\"pvc-stats-icon medium\" aria-hidden=\"true\"><svg xmlns=\"http:\/\/www.w3.org\/2000\/svg\" version=\"1.0\" viewbox=\"0 0 502 315\" preserveaspectratio=\"xMidYMid meet\"><g transform=\"translate(0,332) scale(0.1,-0.1)\" fill=\"\" stroke=\"none\"><path d=\"M2394 3279 l-29 -30 -3 -207 c-2 -182 0 -211 15 -242 39 -76 157 -76 196 0 15 31 17 60 15 243 l-3 209 -33 29 c-26 23 -41 29 -80 29 -41 0 -53 -5 -78 -31z\"\/><path d=\"M3085 3251 c-45 -19 -58 -50 -96 -229 -47 -217 -49 -260 -13 -295 52 -53 146 -42 177 20 16 31 87 366 87 410 0 70 -86 122 -155 94z\"\/><path d=\"M1751 3234 c-13 -9 -29 -31 -37 -50 -12 -29 -10 -49 21 -204 19 -94 39 -189 45 -210 14 -50 54 -80 110 -80 34 0 48 6 76 34 21 21 34 44 34 59 0 14 -18 113 -40 219 -37 178 -43 195 -70 221 -36 32 -101 37 -139 11z\"\/><path d=\"M1163 3073 c-36 -7 -73 -59 -73 -102 0 -56 133 -378 171 -413 34 -32 83 -37 129 -13 70 36 67 87 -16 290 -86 209 -89 214 -129 231 -35 14 -42 15 -82 7z\"\/><path d=\"M3689 3066 c-15 -9 -33 -30 -42 -48 -48 -103 -147 -355 -147 -375 0 -98 131 -148 192 -74 13 15 57 108 97 206 80 196 84 226 37 273 -30 30 -99 39 -137 18z\"\/><path d=\"M583 2784 c-38 -19 -67 -74 -58 -113 9 -42 211 -354 242 -373 16 -10 45 -18 66 -18 51 0 107 52 107 100 0 39 -1 41 -124 234 -80 126 -108 162 -133 173 -41 17 -61 16 -100 -3z\"\/><path d=\"M4250 2784 c-14 -9 -74 -91 -133 -183 -95 -150 -107 -173 -107 -213 0 -55 33 -94 87 -104 67 -13 90 8 211 198 130 202 137 225 78 284 -27 27 -42 34 -72 34 -22 0 -50 -8 -64 -16z\"\/><path d=\"M2275 2693 c-553 -48 -1095 -270 -1585 -649 -135 -104 -459 -423 -483 -476 -23 -49 -22 -139 2 -186 73 -142 361 -457 571 -626 285 -228 642 -407 990 -497 242 -63 336 -73 660 -74 310 0 370 5 595 52 535 111 1045 392 1455 803 122 121 250 273 275 326 19 41 19 137 0 174 -41 79 -309 363 -465 492 -447 370 -946 591 -1479 653 -113 14 -422 18 -536 8z m395 -428 c171 -34 330 -124 456 -258 112 -119 167 -219 211 -378 27 -96 24 -300 -5 -401 -72 -255 -236 -447 -474 -557 -132 -62 -201 -76 -368 -76 -167 0 -236 14 -368 76 -213 98 -373 271 -451 485 -162 444 86 934 547 1084 153 49 292 57 452 25z m909 -232 c222 -123 408 -262 593 -441 76 -74 138 -139 138 -144 0 -16 -233 -242 -330 -319 -155 -123 -309 -223 -461 -299 l-81 -41 32 46 c18 26 49 83 70 128 143 306 141 649 -6 957 -25 52 -61 116 -79 142 l-34 47 45 -20 c26 -10 76 -36 113 -56z m-2057 25 c-40 -58 -105 -190 -130 -263 -110 -324 -59 -707 132 -981 25 -35 42 -64 37 -64 -19 0 -241 119 -326 174 -188 122 -406 314 -532 468 l-58 71 108 103 c185 178 428 349 672 473 66 33 121 60 123 61 2 0 -10 -19 -26 -42z\"\/><path d=\"M2375 1950 c-198 -44 -350 -190 -395 -379 -18 -76 -8 -221 19 -290 114 -284 457 -406 731 -260 98 52 188 154 231 260 27 69 37 214 19 290 -38 163 -166 304 -326 360 -67 23 -215 33 -279 19z\"\/><\/g><\/svg><\/i> <img decoding=\"async\" width=\"16\" height=\"16\" alt=\"Loading\" src=\"https:\/\/nguyenthanhvu.com\/wp-content\/plugins\/page-views-count\/ajax-loader-2x.gif\" border=\"0\" \/><\/p>\n<div class=\"pvc_clear\"><\/div>\n<ul>\n<li><strong>Material:<\/strong>\u00a0Oil painting<\/li>\n<li><strong>Size:<\/strong> 120 cm x 170 cm<\/li>\n<li><strong>Creation year:<\/strong> 2025<\/li>\n<\/ul>\n<p>C\u0169ng n\u1eb1m trong BST Hoa soi b\u00f3ng tr\u1eddi, D\u01b0\u1edbi b\u00f3ng sen l\u00e0 b\u1ee9c tranh ti\u1ebfp t\u1ee5c th\u1ec3 hi\u1ec7n g\u00f3c nh\u00ecn sen t\u1eeb d\u01b0\u1edbi m\u1eb7t n\u01b0\u1edbc nh\u00ecn l\u00ean nh\u01b0ng \u1edf m\u1ed9t t\u1ea7ng \u00fd r\u1ed9ng m\u1edf h\u01a1n \u2013 gia \u0111\u00ecnh.<\/p>\n<p>V\u1ea1n v\u1eadt h\u01b0\u1edbng l\u00ean \u0111\u00f3n \u00e1nh n\u1eafng, con tr\u1ebb v\u01b0\u01a1n m\u00ecnh kh\u00e1m ph\u00e1 th\u1ebf gi\u1edbi. C\u00f3 khi hy v\u1ecdng, c\u00f3 khi chao \u0111\u1ea3o, c\u00f3 khi m\u1ea1nh m\u1ebd, c\u0169ng c\u00f3 khi y\u1ebfu m\u1ec1m,\u2026v\u00e0 \u0111\u1ec1u c\u1ea7n c\u00f3 trong m\u00ecnh b\u1ec7 \u0111\u1ee1 c\u1ee7a \u201cgia \u0111\u00ecnh\u201d.<\/p>\n<p>Sen soi b\u00f3ng n\u01b0\u1edbc khi r\u00f5 khi nh\u00f2e, c\u0169ng nh\u01b0 con ng\u01b0\u1eddi soi v\u00e0o ch\u00ednh m\u00ecnh, khi th\u1ea5u t\u1ecf khi m\u00f9 qu\u00e1ng. N\u01b0\u1edbc kh\u00f4ng \u0111\u1ed5i, tr\u1eddi kh\u00f4ng \u0111\u1ed5i, ch\u1ec9 c\u00f3 t\u00e2m m\u00ecnh thay \u0111\u1ed5i khi\u1ebfn c\u1ea3nh \u00fd thay \u0111\u1ed5i, v\u1eady th\u00ec \u201cgia \u0111\u00ecnh\u201d kh\u00f4ng c\u00f2n l\u00e0 d\u01b0\u1edbi 1 m\u00e1i nh\u00e0, \u0111\u00f3 ph\u1ea3i l\u00e0 s\u1ef1 hi\u1ec7n di\u1ec7n, l\u00e0 m\u1ea3nh k\u00ed \u1ee9c ngh\u0129 v\u1ec1, m\u1edf r\u1ed9ng ra khi \u201c\u00fd\u201d d\u00e0nh cho nhau th\u00ec \u201ct\u00e2m\u201d \u0111\u00e3 h\u00f3a \u201c gia \u0111\u00ecnh\u201d.<\/p>\n<p>Sen trong n\u01b0\u1edbc v\u1eabn l\u00e0 sen d\u1eabu kh\u00f4ng c\u00f9ng r\u1ec5, ng\u01b0\u1eddi trong hi\u1ec7n th\u1eddi c\u0169ng l\u00e0 ng\u01b0\u1eddi d\u00f9 c\u00f3 kh\u00e1c d\u00f2ng m\u00e1u. Sen c\u00f9ng nhau l\u1edbn l\u00ean, tu\u1ea7n ho\u00e0n hoa thay l\u00e1; con ng\u01b0\u1eddi c\u0169ng v\u1eady, d\u00f9 c\u00f3 l\u00fac tr\u1ea7m l\u1eafng nh\u01b0 b\u00f9n s\u00e2u, c\u00f3 l\u00fac \u00f3ng \u00e1nh nh\u01b0 m\u1eb7t n\u01b0\u1edbc nh\u01b0ng v\u1eabn c\u00f2n \u0111\u00f3 t\u00ecnh y\u00eau th\u01b0\u01a1ng v\u00e0 s\u1ef1 g\u1eafn k\u1ebft v\u1edbi nhau, c\u00f9ng nhau t\u1ea1o n\u00ean \u201cgia \u0111\u00ecnh\u201d.<\/p>","protected":false},"excerpt":{"rendered":"<p>Ch\u1ea5t li\u1ec7u:\u00a0S\u01a1n d\u1ea7u K\u00edch th\u01b0\u1edbc: 120 cm x 170 cm N\u0103m s\u00e1ng t\u00e1c: 2025 C\u0169ng n\u1eb1m trong BST Hoa soi b\u00f3ng tr\u1eddi, D\u01b0\u1edbi b\u00f3ng sen l\u00e0 b\u1ee9c tranh ti\u1ebfp t\u1ee5c th\u1ec3 hi\u1ec7n g\u00f3c nh\u00ecn sen t\u1eeb d\u01b0\u1edbi m\u1eb7t n\u01b0\u1edbc nh\u00ecn l\u00ean nh\u01b0ng \u1edf m\u1ed9t t\u1ea7ng \u00fd r\u1ed9ng m\u1edf h\u01a1n \u2013 gia \u0111\u00ecnh. V\u1ea1n v\u1eadt h\u01b0\u1edbng [&hellip;]<\/p>","protected":false},"featured_media":1876,"comment_status":"open","ping_status":"closed","template":"","meta":{"_eb_attr":""},"product_brand":[],"product_cat":[34],"product_tag":[],"class_list":{"0":"post-1877","1":"product","2":"type-product","3":"status-publish","4":"has-post-thumbnail","6":"product_cat-truc-hoa","8":"first","9":"outofstock","10":"shipping-taxable","11":"product-type-simple"},"jetpack_sharing_enabled":true,"_links":{"self":[{"href":"https:\/\/nguyenthanhvu.com\/en\/wp-json\/wp\/v2\/product\/1877","targetHints":{"allow":["GET"]}}],"collection":[{"href":"https:\/\/nguyenthanhvu.com\/en\/wp-json\/wp\/v2\/product"}],"about":[{"href":"https:\/\/nguyenthanhvu.com\/en\/wp-json\/wp\/v2\/types\/product"}],"replies":[{"embeddable":true,"href":"https:\/\/nguyenthanhvu.com\/en\/wp-json\/wp\/v2\/comments?post=1877"}],"wp:featuredmedia":[{"embeddable":true,"href":"https:\/\/nguyenthanhvu.com\/en\/wp-json\/wp\/v2\/media\/1876"}],"wp:attachment":[{"href":"https:\/\/nguyenthanhvu.com\/en\/wp-json\/wp\/v2\/media?parent=1877"}],"wp:term":[{"taxonomy":"product_brand","embeddable":true,"href":"https:\/\/nguyenthanhvu.com\/en\/wp-json\/wp\/v2\/product_brand?post=1877"},{"taxonomy":"product_cat","embeddable":true,"href":"https:\/\/nguyenthanhvu.com\/en\/wp-json\/wp\/v2\/product_cat?post=1877"},{"taxonomy":"product_tag","embeddable":true,"href":"https:\/\/nguyenthanhvu.com\/en\/wp-json\/wp\/v2\/product_tag?post=1877"}],"curies":[{"name":"wp","href":"https:\/\/api.w.org\/{rel}","templated":true}]}}