{"id":706,"date":"2022-11-16T21:10:31","date_gmt":"2022-11-16T21:10:31","guid":{"rendered":"https:\/\/demo.creativethemes.com\/elementor\/photo-studio\/?page_id=706"},"modified":"2023-04-26T21:48:58","modified_gmt":"2023-04-26T14:48:58","slug":"about","status":"publish","type":"page","link":"https:\/\/nguyenthanhvu.com\/vi\/about\/","title":{"rendered":"Gi\u1edbi thi\u1ec7u"},"content":{"rendered":"\t\t<div data-elementor-type=\"wp-page\" data-elementor-id=\"706\" class=\"elementor elementor-706\">\n\t\t\t\t<div class=\"elementor-element elementor-element-f2eb0d6 e-flex e-con-boxed e-con e-parent\" data-id=\"f2eb0d6\" data-element_type=\"container\" data-settings=\"{&quot;background_background&quot;:&quot;classic&quot;}\">\n\t\t\t\t\t<div class=\"e-con-inner\">\n\t\t<div class=\"elementor-element elementor-element-a0b40b5 e-con-full e-flex elementor-invisible e-con e-child\" data-id=\"a0b40b5\" data-element_type=\"container\" data-settings=\"{&quot;animation&quot;:&quot;fadeIn&quot;}\">\n\t\t\t\t<div class=\"elementor-element elementor-element-817d4a9 elementor-widget elementor-widget-heading\" data-id=\"817d4a9\" data-element_type=\"widget\" data-widget_type=\"heading.default\">\n\t\t\t\t<div class=\"elementor-widget-container\">\n\t\t\t\t\t<h2 class=\"elementor-heading-title elementor-size-default\">V\u1ec1 V\u0169's Studio<\/h2>\t\t\t\t<\/div>\n\t\t\t\t<\/div>\n\t\t\t\t<div class=\"elementor-element elementor-element-38fb435 elementor-widget elementor-widget-text-editor\" data-id=\"38fb435\" data-element_type=\"widget\" data-widget_type=\"text-editor.default\">\n\t\t\t\t<div class=\"elementor-widget-container\">\n\t\t\t\t\t\t\t\t\t<p>Studio \u0111\u01b0\u1ee3c l\u1eadp ra nh\u01b0 m\u1ed9t n\u01a1i \u0111\u1ec3 V\u0169 t\u1eadp trung v\u00e0o c\u00f4ng vi\u1ec7c s\u00e1ng t\u00e1c c\u1ee7a m\u00ecnh, l\u00e0 m\u1ed9t ph\u00f2ng tr\u01b0ng b\u00e0y c\u00e1c t\u00e1c ph\u1ea9m c\u1ee7a V\u0169, l\u00e0 n\u01a1i giao l\u01b0u v\u1edbi ng\u01b0\u1eddi xem v\u00e0 nh\u00e0 s\u01b0u t\u1eadp, v\u00e0 c\u0169ng l\u00e0 m\u1ed9t kh\u00f4ng gian chia s\u1ebb ki\u1ebfn th\u1ee9c, d\u1ea1y h\u1ecdc cho nh\u1eefng ng\u01b0\u1eddi \u0111am m\u00ea v\u1edbi l\u0129nh v\u1ef1c h\u1ed9i h\u1ecda v\u00e0 ch\u1ea5t li\u1ec7u s\u01a1n d\u1ea7u.<\/p><p>Tr\u1ea3i nghi\u1ec7m v\u1edbi V\u0169\u2019s Studio l\u00e0 tr\u1ea3i nghi\u1ec7m v\u1edbi\u00a0<strong>h\u00f2a s\u1eafc<\/strong>,\u00a0<strong>\u0111\u1ed1i di\u1ec7n v\u1edbi ch\u00ednh b\u1ea3n th\u00e2n<\/strong>, c\u00e1ch\u00a0<strong>ch\u01a1i m\u00e0u s\u1eafc<\/strong>, c\u00e1ch\u00a0<strong>c\u1ea3m ch\u1ea5t li\u1ec7u<\/strong>, t\u1eeb \u0111\u00f3 c\u00f3 th\u1ec3 t\u1ea1o\u00a0<strong>li\u00ean k\u1ebft gi\u1eefa b\u1ea3n th\u00e2n v\u00e0 t\u00e1c ph\u1ea9m.<\/strong><\/p><p>V\u1ebd tranh th\u1ef1c ch\u1ea5t l\u00e0\u00a0<strong>v\u1ebd l\u1ea1i c\u1ea3m x\u00fac n\u1ed9i t\u1ea1i<\/strong>\u00a0c\u1ee7a ch\u00ednh m\u00ecnh, V\u0169 kh\u00f4ng h\u01b0\u1edbng m\u1ecdi ng\u01b0\u1eddi theo nh\u1eefng khu\u00f4n m\u1eabu \u0111\u01b0\u1ee3c quy \u0111\u1ecbnh s\u1eb5n v\u1ec1 h\u1ed9i h\u1ecda ( v\u1ebd ng\u01b0\u1eddi ph\u1ea3i \u0111\u00fang t\u1ec9 l\u1ec7, v\u1ebd v\u1eadt ph\u1ea3i \u0111\u00fang h\u00ecnh th\u00f9 th\u1ef1c t\u1ebf,\u2026), V\u0169 kh\u00f4ng h\u01b0\u1edbng 100 ng\u01b0\u1eddi t\u1ea1o ra 100 b\u1ee9c tranh nh\u01b0 nhau. M\u1ed7i ng\u01b0\u1eddi l\u00e0 m\u1ed7i c\u00e1 t\u00ednh ri\u00eang bi\u1ec7t, c\u00f4ng vi\u1ec7c c\u1ee7a V\u0169 l\u00e0 gi\u00fap m\u1ecdi ng\u01b0\u1eddi\u00a0<strong>\u0111\u01b0a c\u00e1i t\u00f4i v\u00e0 \u00fd ni\u1ec7m b\u1ea3n th\u00e2n v\u00e0o t\u00e1c ph\u1ea9m<\/strong>\u00a0d\u1ef1a tr\u00ean nh\u1eefng l\u00fd thuy\u1ebft c\u0103n b\u1ea3n v\u1ec1 b\u1ed1 c\u1ee5c, v\u1ec1 h\u00f2a s\u1eafc, v\u1ec1 t\u1ea5t c\u1ea3 nh\u1eefng ki\u1ebfn th\u1ee9c m\u00e0 m\u1ed9t ng\u01b0\u1eddi v\u1ebd tranh c\u1ea7n c\u00f3.<\/p><p>Th\u00e0nh ra, v\u1ebd tranh kh\u00f4ng c\u00f2n l\u00e0 v\u1ea5n \u0111\u1ec1 \u0111\u1ed1i v\u1edbi nh\u1eefng ng\u01b0\u1eddi ch\u01b0a bi\u1ebft g\u00ec, m\u00e0 v\u1ea5n \u0111\u1ec1 \u1edf \u0111\u00e2y l\u00e0 b\u1ea3n th\u00e2n c\u00f3\u00a0<strong>d\u00e1m \u0111\u1ed1i di\u1ec7n v\u1edbi ch\u00ednh m\u00ecnh<\/strong>, \u0111\u1eb7t \u0111\u1ec3 n\u0103ng l\u01b0\u1ee3ng, \u00fd ni\u1ec7m, c\u1ea3m x\u00fac c\u1ee7a m\u00ecnh v\u00e0o trong tranh, v\u00e0\u00a0<strong>d\u00e1m g\u1ea1t b\u1ecf nh\u1eefng khu\u00f4n kh\u1ed5<\/strong>, nh\u1eefng \u0111i\u1ec1u m\u00e0 b\u1ea3n th\u00e2n v\u1ed1n m\u1eb7c \u0111\u1ecbnh hi\u1ec3n nhi\u00ean \u0111\u00fang \u0111\u1ec3\u00a0<strong>l\u00e0m m\u1ed9t \u0111i\u1ec1u ho\u00e0n to\u00e0n m\u1edbi m\u1ebb<\/strong>, th\u1eadm ch\u00ed sai, m\u00e0 ng\u01b0\u1eddi ta g\u1ecdi \u0111\u00f3 l\u00e0 s\u00e1ng t\u1ea1o, hay kh\u00f4ng.<\/p><p>V\u1edbi h\u1ed9i h\u1ecda, m\u1ecdi \u0111i\u1ec1u \u0111\u1ec1u tr\u1edf th\u00e0nh c\u00f3 th\u1ec3.<\/p>\t\t\t\t\t\t\t\t<\/div>\n\t\t\t\t<\/div>\n\t\t\t\t<\/div>\n\t\t<div class=\"elementor-element elementor-element-6e339ef e-flex e-con-boxed e-con e-child\" data-id=\"6e339ef\" data-element_type=\"container\">\n\t\t\t\t\t<div class=\"e-con-inner\">\n\t\t\t\t<div class=\"elementor-element elementor-element-62e63bd elementor-widget elementor-widget-image\" data-id=\"62e63bd\" data-element_type=\"widget\" data-widget_type=\"image.default\">\n\t\t\t\t<div class=\"elementor-widget-container\">\n\t\t\t\t\t\t\t\t\t\t\t\t\t\t\t<img fetchpriority=\"high\" decoding=\"async\" width=\"738\" height=\"985\" src=\"https:\/\/nguyenthanhvu.com\/wp-content\/uploads\/2023\/04\/dfsdfg.jpg\" class=\"attachment-medium_large size-medium_large wp-image-1263\" alt=\"\" srcset=\"https:\/\/nguyenthanhvu.com\/wp-content\/uploads\/2023\/04\/dfsdfg.jpg 738w, https:\/\/nguyenthanhvu.com\/wp-content\/uploads\/2023\/04\/dfsdfg-225x300.jpg 225w, https:\/\/nguyenthanhvu.com\/wp-content\/uploads\/2023\/04\/dfsdfg-9x12.jpg 9w, https:\/\/nguyenthanhvu.com\/wp-content\/uploads\/2023\/04\/dfsdfg-300x400.jpg 300w, https:\/\/nguyenthanhvu.com\/wp-content\/uploads\/2023\/04\/dfsdfg-600x801.jpg 600w\" sizes=\"(max-width: 738px) 100vw, 738px\" \/>\t\t\t\t\t\t\t\t\t\t\t\t\t\t\t<\/div>\n\t\t\t\t<\/div>\n\t\t\t\t\t<\/div>\n\t\t\t\t<\/div>\n\t\t\t\t\t<\/div>\n\t\t\t\t<\/div>\n\t\t<div class=\"elementor-element elementor-element-d2680ec e-flex e-con-boxed e-con e-parent\" data-id=\"d2680ec\" data-element_type=\"container\" data-settings=\"{&quot;background_background&quot;:&quot;classic&quot;}\">\n\t\t\t\t\t<div class=\"e-con-inner\">\n\t\t\t\t<div class=\"elementor-element elementor-element-0c1f437 elementor-invisible elementor-widget elementor-widget-heading\" data-id=\"0c1f437\" data-element_type=\"widget\" data-settings=\"{&quot;_animation&quot;:&quot;fadeInUp&quot;}\" data-widget_type=\"heading.default\">\n\t\t\t\t<div class=\"elementor-widget-container\">\n\t\t\t\t\t<h2 class=\"elementor-heading-title elementor-size-default\">V\u1ec1 V\u0169<\/h2>\t\t\t\t<\/div>\n\t\t\t\t<\/div>\n\t\t<div class=\"elementor-element elementor-element-ce66ebe e-flex e-con-boxed e-con e-child\" data-id=\"ce66ebe\" data-element_type=\"container\">\n\t\t\t\t\t<div class=\"e-con-inner\">\n\t\t\t\t<div class=\"elementor-element elementor-element-08c3a0f elementor-widget__width-initial elementor-widget-tablet__width-inherit elementor-invisible elementor-widget elementor-widget-image\" data-id=\"08c3a0f\" data-element_type=\"widget\" data-settings=\"{&quot;_animation&quot;:&quot;fadeInLeft&quot;}\" data-widget_type=\"image.default\">\n\t\t\t\t<div class=\"elementor-widget-container\">\n\t\t\t\t\t\t\t\t\t\t\t\t\t\t\t<img decoding=\"async\" width=\"1024\" height=\"881\" src=\"https:\/\/nguyenthanhvu.com\/wp-content\/uploads\/2023\/04\/483fced6c46701395876-1024x881.jpg\" class=\"attachment-large size-large wp-image-822\" alt=\"\" srcset=\"https:\/\/nguyenthanhvu.com\/wp-content\/uploads\/2023\/04\/483fced6c46701395876-1024x881.jpg 1024w, https:\/\/nguyenthanhvu.com\/wp-content\/uploads\/2023\/04\/483fced6c46701395876-600x516.jpg 600w, https:\/\/nguyenthanhvu.com\/wp-content\/uploads\/2023\/04\/483fced6c46701395876-300x258.jpg 300w, https:\/\/nguyenthanhvu.com\/wp-content\/uploads\/2023\/04\/483fced6c46701395876-768x661.jpg 768w, https:\/\/nguyenthanhvu.com\/wp-content\/uploads\/2023\/04\/483fced6c46701395876-1536x1322.jpg 1536w, https:\/\/nguyenthanhvu.com\/wp-content\/uploads\/2023\/04\/483fced6c46701395876-14x12.jpg 14w, https:\/\/nguyenthanhvu.com\/wp-content\/uploads\/2023\/04\/483fced6c46701395876.jpg 2048w\" sizes=\"(max-width: 1024px) 100vw, 1024px\" \/>\t\t\t\t\t\t\t\t\t\t\t\t\t\t\t<\/div>\n\t\t\t\t<\/div>\n\t\t\t\t<div class=\"elementor-element elementor-element-bdcebfa elementor-invisible elementor-widget elementor-widget-text-editor\" data-id=\"bdcebfa\" data-element_type=\"widget\" data-settings=\"{&quot;_animation&quot;:&quot;fadeInRight&quot;}\" data-widget_type=\"text-editor.default\">\n\t\t\t\t<div class=\"elementor-widget-container\">\n\t\t\t\t\t\t\t\t\t<p style=\"margin-bottom: 1rem; color: var(--p-color); font-size: var(--p-font-size); font-weight: var(--font-weight-light); letter-spacing: 0.5px; text-align: start;\">V\u0169 \u0111ang th\u1ef1c h\u00e0nh h\u1ed9i h\u1ecda t\u1ef1 do t\u1ea1i TP. HCM. V\u0169 v\u1eeba cho ra m\u1eaft BST \u0111\u1ea7u tay K\u1ef3 \u1ea9n Vi\u1ec7t Nam v\u00e0o th\u00e1ng 3\/2022 t\u1ea1i TP. HCM v\u00e0 th\u00e1ng 5\/2022 t\u1ea1i H\u00e0 N\u1ed9i.<\/p><p style=\"margin-bottom: 1rem; color: var(--p-color); font-size: var(--p-font-size); font-weight: var(--font-weight-light); letter-spacing: 0.5px; text-align: start;\">V\u0169 quan ni\u1ec7m h\u1ed9i h\u1ecda c\u0169ng l\u00e0 v\u0103n h\u00f3a, ph\u1ea3n \u00e1nh \u0111\u00fang t\u00ednh ch\u1ea5t c\u1ee7a th\u1eddi cu\u1ed9c. Theo \u0111u\u1ed5i tr\u01b0\u1eddng ph\u00e1i h\u1eadu \u1ea5n t\u01b0\u1ee3ng, V\u0169 t\u1eadp trung v\u00e0o c\u1ea3m x\u00fac, n\u1ed9i l\u1ef1c c\u1ee7a m\u00e0u s\u1eafc, c\u1ee7a t\u00e1c ph\u1ea9m v\u00e0 th\u01b0\u1eddng \u0111\u01b0\u1ee3c m\u1ecdi ng\u01b0\u1eddi bi\u1ebft \u0111\u1ebfn v\u1edbi d\u00f2ng tranh n\u0103ng l\u01b0\u1ee3ng.<\/p><p style=\"margin-bottom: 1rem; color: var(--p-color); font-size: var(--p-font-size); font-weight: var(--font-weight-light); letter-spacing: 0.5px; text-align: start;\">V\u0169 mong mu\u1ed1n nh\u1eefng b\u1ee9c tranh c\u1ee7a m\u00ecnh c\u00f3 th\u1ec3 truy\u1ec1n t\u1ea3i \u0111\u01b0\u1ee3c nh\u1eefng ngu\u1ed3n n\u0103ng l\u01b0\u1ee3ng m\u1edbi m\u1ebb, t\u00edch c\u1ef1c, gi\u00e0u s\u1ee9c s\u1ed1ng v\u00e0 s\u1ef1 y\u00ean b\u00ecnh \u0111\u1ed1i v\u1edbi ng\u01b0\u1eddi th\u01b0\u1edfng l\u00e3m.<\/p>\t\t\t\t\t\t\t\t<\/div>\n\t\t\t\t<\/div>\n\t\t\t\t\t<\/div>\n\t\t\t\t<\/div>\n\t\t\t\t\t<\/div>\n\t\t\t\t<\/div>\n\t\t\t\t<\/div>\n\t\t","protected":false},"excerpt":{"rendered":"<p>V\u1ec1 V\u0169&#8217;s Studio Studio \u0111\u01b0\u1ee3c l\u1eadp ra nh\u01b0 m\u1ed9t n\u01a1i \u0111\u1ec3 V\u0169 t\u1eadp trung v\u00e0o c\u00f4ng vi\u1ec7c s\u00e1ng t\u00e1c c\u1ee7a m\u00ecnh, l\u00e0 m\u1ed9t ph\u00f2ng tr\u01b0ng b\u00e0y c\u00e1c t\u00e1c ph\u1ea9m c\u1ee7a V\u0169, l\u00e0 n\u01a1i giao l\u01b0u v\u1edbi ng\u01b0\u1eddi xem v\u00e0 nh\u00e0 s\u01b0u t\u1eadp, v\u00e0 c\u0169ng l\u00e0 m\u1ed9t kh\u00f4ng gian chia s\u1ebb ki\u1ebfn th\u1ee9c, d\u1ea1y h\u1ecdc cho [&hellip;]<\/p>\n","protected":false},"author":1,"featured_media":0,"parent":0,"menu_order":0,"comment_status":"closed","ping_status":"closed","template":"","meta":{"_eb_attr":"","footnotes":""},"class_list":["post-706","page","type-page","status-publish","hentry"],"blocksy_meta":{"page_title_panel":"","has_hero_section":"disabled","da7a78337464ae346af2bb1b3950828a":"","hero_section":"type-1","hero_elements":[{"id":"custom_title","enabled":true,"heading_tag":"h1","title":"Home"},{"id":"custom_description","enabled":true,"description_visibility":{"desktop":true,"tablet":true,"mobile":false}},{"id":"custom_meta","enabled":false,"meta_elements":[{"id":"author","enabled":true,"label":"By","has_author_avatar":"yes","avatar_size":25},{"id":"post_date","enabled":true,"label":"On","date_format_source":"default","date_format":"M j, Y"},{"id":"updated_date","enabled":false,"label":"On","date_format_source":"default","date_format":"M j, Y"},{"id":"categories","enabled":false,"label":"In","style":"simple"},{"id":"comments","enabled":true}],"page_meta_elements":{"joined":true,"articles_count":true,"comments":true}},{"id":"breadcrumbs","enabled":false}],"7a0a987a00944aac8d1821345babdcc1":"","hero_alignment1":"CT_CSS_SKIP_RULE","hero_margin":40,"hero_alignment2":"center","hero_vertical_alignment":"center","b95d2d873142337528c19ad49a078ba2":"","hero_structure":"narrow","dc7cd05ba1d6151924a41e43ebf1d09c":"","page_title_bg_type":"featured_image","custom_hero_background":{"attachment_id":null},"page_title_image_size":"full","parallax":{"desktop":false,"tablet":false,"mobile":false},"757ffe7c04742a82aa4c244eda39e0a1":"","hero_height":"250px","pageTitleFont":{"family":"Default","variation":"Default","size":"30px","line-height":"CT_CSS_SKIP_RULE","letter-spacing":"CT_CSS_SKIP_RULE","text-transform":"CT_CSS_SKIP_RULE","text-decoration":"CT_CSS_SKIP_RULE"},"pageTitleFontColor":{"default":{"color":"CT_CSS_SKIP_RULEDEFAULT"}},"pageMetaFont":{"family":"Default","variation":"n6","size":"12px","line-height":"1.3","letter-spacing":"CT_CSS_SKIP_RULE","text-transform":"uppercase","text-decoration":"CT_CSS_SKIP_RULE"},"pageMetaFontColor":{"default":{"color":"CT_CSS_SKIP_RULEDEFAULT"},"hover":{"color":"CT_CSS_SKIP_RULEDEFAULT"}},"page_meta_button_type_font_colors":{"default":{"color":"CT_CSS_SKIP_RULEDEFAULT"},"hover":{"color":"CT_CSS_SKIP_RULEDEFAULT"}},"page_meta_button_type_background_colors":{"default":{"color":"CT_CSS_SKIP_RULEDEFAULT"},"hover":{"color":"CT_CSS_SKIP_RULEDEFAULT"}},"pageExcerptFont":{"family":"Default","variation":"Default","size":"CT_CSS_SKIP_RULE","line-height":"CT_CSS_SKIP_RULE","letter-spacing":"CT_CSS_SKIP_RULE","text-transform":"CT_CSS_SKIP_RULE","text-decoration":"CT_CSS_SKIP_RULE"},"pageExcerptColor":{"default":{"color":"CT_CSS_SKIP_RULEDEFAULT"}},"breadcrumbsFont":{"family":"Default","variation":"Default","size":"CT_CSS_SKIP_RULE","line-height":"CT_CSS_SKIP_RULE","letter-spacing":"CT_CSS_SKIP_RULE","text-transform":"CT_CSS_SKIP_RULE","text-decoration":"CT_CSS_SKIP_RULE"},"breadcrumbsFontColor":{"default":{"color":"CT_CSS_SKIP_RULEDEFAULT"},"initial":{"color":"CT_CSS_SKIP_RULEDEFAULT"},"hover":{"color":"CT_CSS_SKIP_RULEDEFAULT"}},"pageTitleOverlay":{"background_type":"color","background_pattern":"type-1","background_image":{"attachment_id":null,"x":0,"y":0},"gradient":"linear-gradient(135deg,rgba(6,147,227,1) 0%,rgb(155,81,224) 100%)","background_repeat":"repeat","background_size":"auto","background_attachment":"scroll","patternColor":{"default":{"color":"#e5e7ea"}},"overlayColor":{"default":{"color":"CT_CSS_SKIP_RULE"}},"backgroundColor":{"default":{"color":"CT_CSS_SKIP_RULE"}}},"pageTitleBackground":{"background_type":"color","background_pattern":"type-1","background_image":{"attachment_id":null,"x":0,"y":0},"gradient":"linear-gradient(135deg,rgba(6,147,227,1) 0%,rgb(155,81,224) 100%)","background_repeat":"repeat","background_size":"auto","background_attachment":"scroll","patternColor":{"default":{"color":"#e5e7ea"}},"overlayColor":{"default":{"color":"CT_CSS_SKIP_RULE"}},"backgroundColor":{"default":{"color":"var(--theme-palette-color-6)"}}},"pageTitlePadding":{"top":"50px","bottom":"50px","left":"auto","right":"auto","linked":true},"b24ac5b792b148c11a6c70da46c29ed3":"","page_structure_type":"default","9a7617dee84785aef869931d2843949a":"","content_style_source":"inherit","content_style":"wide","vertical_spacing_source":"custom","content_area_spacing":"none","background":{"background_type":"color","background_pattern":"type-1","background_image":{"attachment_id":null,"x":0,"y":0},"gradient":"linear-gradient(135deg,rgba(6,147,227,1) 0%,rgb(155,81,224) 100%)","background_repeat":"repeat","background_size":"auto","background_attachment":"scroll","patternColor":{"default":{"color":"#e5e7ea"}},"overlayColor":{"default":{"color":"CT_CSS_SKIP_RULE"}},"backgroundColor":{"default":{"color":"CT_CSS_SKIP_RULE"}}},"content_background":{"background_type":"color","background_pattern":"type-1","background_image":{"attachment_id":null,"x":0,"y":0},"gradient":"linear-gradient(135deg,rgba(6,147,227,1) 0%,rgb(155,81,224) 100%)","background_repeat":"repeat","background_size":"auto","background_attachment":"scroll","patternColor":{"default":{"color":"#e5e7ea"}},"overlayColor":{"default":{"color":"CT_CSS_SKIP_RULE"}},"backgroundColor":{"default":{"color":"var(--theme-palette-color-8)"}}},"content_boxed_shadow":{"inherit":false,"blur":18,"spread":-6,"v_offset":12,"h_offset":0,"inset":false,"enable":true,"color":{"color":"rgba(34, 56, 101, 0.04)"}},"content_boxed_border":{"width":1,"style":"none","color":{"color":"rgba(44,62,80,0.2)"}},"content_boxed_radius":{"top":"3px","bottom":"3px","left":"3px","right":"3px","linked":true},"boxed_content_spacing":{"desktop":{"top":"40px","bottom":"40px","left":"40px","right":"40px","linked":true},"tablet":{"top":"35px","bottom":"35px","left":"35px","right":"35px","linked":true},"mobile":{"top":"20px","bottom":"20px","left":"20px","right":"20px","linked":true}},"c12008a9b20d2ccb47a110975e95b336":"","disable_featured_image":"no","disable_share_box":"no","disable_header":"no","disable_footer":"no","styles_descriptor":{"styles":{"desktop":"","tablet":"","mobile":""},"google_fonts":[],"version":6}},"jetpack_sharing_enabled":true,"_links":{"self":[{"href":"https:\/\/nguyenthanhvu.com\/vi\/wp-json\/wp\/v2\/pages\/706","targetHints":{"allow":["GET"]}}],"collection":[{"href":"https:\/\/nguyenthanhvu.com\/vi\/wp-json\/wp\/v2\/pages"}],"about":[{"href":"https:\/\/nguyenthanhvu.com\/vi\/wp-json\/wp\/v2\/types\/page"}],"author":[{"embeddable":true,"href":"https:\/\/nguyenthanhvu.com\/vi\/wp-json\/wp\/v2\/users\/1"}],"replies":[{"embeddable":true,"href":"https:\/\/nguyenthanhvu.com\/vi\/wp-json\/wp\/v2\/comments?post=706"}],"version-history":[{"count":36,"href":"https:\/\/nguyenthanhvu.com\/vi\/wp-json\/wp\/v2\/pages\/706\/revisions"}],"predecessor-version":[{"id":1315,"href":"https:\/\/nguyenthanhvu.com\/vi\/wp-json\/wp\/v2\/pages\/706\/revisions\/1315"}],"wp:attachment":[{"href":"https:\/\/nguyenthanhvu.com\/vi\/wp-json\/wp\/v2\/media?parent=706"}],"curies":[{"name":"wp","href":"https:\/\/api.w.org\/{rel}","templated":true}]}}