{"id":1358,"date":"2024-02-18T10:56:38","date_gmt":"2024-02-18T03:56:38","guid":{"rendered":"https:\/\/nguyenthanhvu.com\/?post_type=product&#038;p=1358"},"modified":"2025-12-05T22:12:02","modified_gmt":"2025-12-05T15:12:02","slug":"voi-than-ganesha","status":"publish","type":"product","link":"https:\/\/nguyenthanhvu.com\/vi\/san-pham\/voi-than-ganesha\/","title":{"rendered":"Voi th\u1ea7n Ganesha"},"content":{"rendered":"<div class=\"pvc_clear\"><\/div>\n<p id=\"pvc_stats_1358\" class=\"pvc_stats total_only  \" data-element-id=\"1358\" style=\"\"><i class=\"pvc-stats-icon medium\" aria-hidden=\"true\"><svg xmlns=\"http:\/\/www.w3.org\/2000\/svg\" version=\"1.0\" viewBox=\"0 0 502 315\" preserveAspectRatio=\"xMidYMid meet\"><g transform=\"translate(0,332) scale(0.1,-0.1)\" fill=\"\" stroke=\"none\"><path d=\"M2394 3279 l-29 -30 -3 -207 c-2 -182 0 -211 15 -242 39 -76 157 -76 196 0 15 31 17 60 15 243 l-3 209 -33 29 c-26 23 -41 29 -80 29 -41 0 -53 -5 -78 -31z\"\/><path d=\"M3085 3251 c-45 -19 -58 -50 -96 -229 -47 -217 -49 -260 -13 -295 52 -53 146 -42 177 20 16 31 87 366 87 410 0 70 -86 122 -155 94z\"\/><path d=\"M1751 3234 c-13 -9 -29 -31 -37 -50 -12 -29 -10 -49 21 -204 19 -94 39 -189 45 -210 14 -50 54 -80 110 -80 34 0 48 6 76 34 21 21 34 44 34 59 0 14 -18 113 -40 219 -37 178 -43 195 -70 221 -36 32 -101 37 -139 11z\"\/><path d=\"M1163 3073 c-36 -7 -73 -59 -73 -102 0 -56 133 -378 171 -413 34 -32 83 -37 129 -13 70 36 67 87 -16 290 -86 209 -89 214 -129 231 -35 14 -42 15 -82 7z\"\/><path d=\"M3689 3066 c-15 -9 -33 -30 -42 -48 -48 -103 -147 -355 -147 -375 0 -98 131 -148 192 -74 13 15 57 108 97 206 80 196 84 226 37 273 -30 30 -99 39 -137 18z\"\/><path d=\"M583 2784 c-38 -19 -67 -74 -58 -113 9 -42 211 -354 242 -373 16 -10 45 -18 66 -18 51 0 107 52 107 100 0 39 -1 41 -124 234 -80 126 -108 162 -133 173 -41 17 -61 16 -100 -3z\"\/><path d=\"M4250 2784 c-14 -9 -74 -91 -133 -183 -95 -150 -107 -173 -107 -213 0 -55 33 -94 87 -104 67 -13 90 8 211 198 130 202 137 225 78 284 -27 27 -42 34 -72 34 -22 0 -50 -8 -64 -16z\"\/><path d=\"M2275 2693 c-553 -48 -1095 -270 -1585 -649 -135 -104 -459 -423 -483 -476 -23 -49 -22 -139 2 -186 73 -142 361 -457 571 -626 285 -228 642 -407 990 -497 242 -63 336 -73 660 -74 310 0 370 5 595 52 535 111 1045 392 1455 803 122 121 250 273 275 326 19 41 19 137 0 174 -41 79 -309 363 -465 492 -447 370 -946 591 -1479 653 -113 14 -422 18 -536 8z m395 -428 c171 -34 330 -124 456 -258 112 -119 167 -219 211 -378 27 -96 24 -300 -5 -401 -72 -255 -236 -447 -474 -557 -132 -62 -201 -76 -368 -76 -167 0 -236 14 -368 76 -213 98 -373 271 -451 485 -162 444 86 934 547 1084 153 49 292 57 452 25z m909 -232 c222 -123 408 -262 593 -441 76 -74 138 -139 138 -144 0 -16 -233 -242 -330 -319 -155 -123 -309 -223 -461 -299 l-81 -41 32 46 c18 26 49 83 70 128 143 306 141 649 -6 957 -25 52 -61 116 -79 142 l-34 47 45 -20 c26 -10 76 -36 113 -56z m-2057 25 c-40 -58 -105 -190 -130 -263 -110 -324 -59 -707 132 -981 25 -35 42 -64 37 -64 -19 0 -241 119 -326 174 -188 122 -406 314 -532 468 l-58 71 108 103 c185 178 428 349 672 473 66 33 121 60 123 61 2 0 -10 -19 -26 -42z\"\/><path d=\"M2375 1950 c-198 -44 -350 -190 -395 -379 -18 -76 -8 -221 19 -290 114 -284 457 -406 731 -260 98 52 188 154 231 260 27 69 37 214 19 290 -38 163 -166 304 -326 360 -67 23 -215 33 -279 19z\"\/><\/g><\/svg><\/i> <img decoding=\"async\" width=\"16\" height=\"16\" alt=\"Loading\" src=\"https:\/\/nguyenthanhvu.com\/wp-content\/plugins\/page-views-count\/ajax-loader-2x.gif\" border=0 \/><\/p>\n<div class=\"pvc_clear\"><\/div>\n<ul>\n<li><strong>Ch\u1ea5t li\u1ec7u:<\/strong> S\u01a1n d\u1ea7u<\/li>\n<li><strong>K\u00edch th\u01b0\u1edbc:<\/strong> 60 cm x 80 cm<\/li>\n<li><strong>N\u0103m s\u00e1ng t\u00e1c:<\/strong> 2024<\/li>\n<\/ul>\n<p>Ganesha (Ganapati) t\u01b0\u1ee3ng tr\u01b0ng \u201ccho s\u1ef1 h\u1ee3p nh\u1ea5t gi\u1eefa ti\u1ec3u v\u0169 tr\u1ee5 (con ng\u01b0\u1eddi) v\u00e0 \u0111\u1ea1i v\u0169 tr\u1ee5 ( v\u00f4 t\u1eadn )\u201d, l\u00e0 v\u1ecb th\u1ea7n h\u1ea1nh ph\u00fac, b\u1ea3o v\u1ec7 v\u00e0 lo\u1ea1i b\u1ecf nh\u1eefng tr\u1edf ng\u1ea1i, \u0111\u00e1p \u1ee9ng nh\u1eefng \u0111i\u1ec1u may m\u1eafn, c\u00e1t t\u01b0\u1eddng cho m\u1ecdi l\u1eddi c\u1ea7u nguy\u1ec7n.<\/p>\n<p>Ganesha c\u1ee7a Champa c\u00f3 th\u00e2n h\u00ecnh c\u00e2n \u0111\u1ed1i, v\u1ea1m v\u1ee1, tr\u00e1n b\u1eb1ng, tai nh\u1ecf, \u0111\u1ea7u \u0111\u1ed9i m\u0169 Kirita-Mukuta nh\u01b0ng n\u00e9t ch\u1ea1m kh\u1eafc \u0111\u01a1n gi\u1ea3n, kh\u00f4ng \u0111i s\u00e2u v\u00e0o th\u1ec3 hi\u1ec7n chi ti\u1ebft, \u0111\u01b0\u1eddng n\u00e9t, m\u00e0 thi\u00ean v\u1ec1 m\u1ef9 thu\u1eadt trang tr\u00ed, trang s\u1ee9c: M\u0169, \u0111\u1ed3 trang s\u1ee9c th\u1ea7n \u0111eo \u0111\u01b0\u1ee3c ch\u1ea1m n\u1ed5i c\u1ea7u k\u00ec, th\u1ec3 hi\u1ec7n r\u00f5 n\u00e9t, y ph\u1ee5c th\u1ec3 hi\u1ec7n theo ki\u1ec3u Sampot, t\u1eeb v\u1ecb tr\u00ed c\u1ee7a kh\u00f3a d\u00e2y n\u1ecbt c\u00f3 hai d\u1ea3i n\u01a1.<\/p>\n<p>Ganesha c\u1ee7a \u00d3c Eo th\u00ec c\u01a1 th\u1ec3 kh\u00e1 hi\u1ec7n th\u1ef1c v\u1edbi c\u00e1i b\u1ee5ng to tr\u00f2n, ph\u00ecnh l\u1edbn, l\u1ed7 r\u1ed1n s\u00e2u, tr\u00e1n d\u00f4. \u0110\u01b0\u1eddng n\u00e9t c\u1ee7a c\u00e1c chi ti\u1ebft \u0111\u1ea7u, v\u00f2i, tay, \u0111\u00f4i tai x\u00f2e r\u1ed9ng, \u0111\u00f4i vai ngang \u0111\u01b0\u1ee3c t\u1ea3 th\u1ef1c m\u1ec1m m\u1ea1i, m\u1eb7c sampot ng\u1eafn tr\u00ean g\u1ed1i, \u0111\u01b0\u1ee3c cu\u1ed1n l\u1ea1i v\u00e0 gi\u1eaft d\u01b0\u1edbi r\u1ed1n ph\u00eda tr\u01b0\u1edbc, t\u1ea1o th\u00e0nh m\u1ed9t tua rua h\u00ecnh \u0111u\u00f4i c\u00e1.<\/p>\n<p>Ganesha c\u1ee7a Ph\u1eadt ng\u1ef1 t\u1ee9 linh \u0111\u01b0\u1ee3c v\u1ebd d\u1ef1a tr\u00ean nguy\u00ean b\u1ea3n c\u1ee7a Champa v\u00e0 th\u1ea7n s\u1eafc khu\u00f4n m\u1eb7t theo quan ni\u1ec7m trong ngh\u1ec7 thu\u1eadt c\u1ee7a ng\u01b0\u1eddi Vi\u1ec7t \u2013 hi\u1ec1n h\u00f2a, g\u1ea7n g\u0169i. M\u00e0u s\u1eafc \u0111\u01b0\u01a1ng \u0111\u1ea1i, m\u1eaft nh\u1eafm, b\u1ed1 c\u1ee5c \u0111\u1ed1i x\u1ee9ng, \u0111i\u1ec3m nh\u1ea5n t\u1eadp trung \u1edf ngu\u1ed3n s\u00e1ng ph\u00eda sau t\u01b0\u1ee3ng v\u00e0 \u0111\u01b0\u1ee3c tr\u1ea3 l\u1ea1i \u1edf g\u01b0\u01a1ng m\u1eb7t, ch\u1ea1y theo v\u00f2i xu\u1ed1ng tay v\u00e0 ch\u00e2n.<\/p>\n","protected":false},"excerpt":{"rendered":"<p>Ch\u1ea5t li\u1ec7u: S\u01a1n d\u1ea7u K\u00edch th\u01b0\u1edbc: 60 cm x 80 cm N\u0103m s\u00e1ng t\u00e1c: 2024 Ganesha (Ganapati) t\u01b0\u1ee3ng tr\u01b0ng \u201ccho s\u1ef1 h\u1ee3p nh\u1ea5t gi\u1eefa ti\u1ec3u v\u0169 tr\u1ee5 (con ng\u01b0\u1eddi) v\u00e0 \u0111\u1ea1i v\u0169 tr\u1ee5 ( v\u00f4 t\u1eadn )\u201d, l\u00e0 v\u1ecb th\u1ea7n h\u1ea1nh ph\u00fac, b\u1ea3o v\u1ec7 v\u00e0 lo\u1ea1i b\u1ecf nh\u1eefng tr\u1edf ng\u1ea1i, \u0111\u00e1p \u1ee9ng nh\u1eefng \u0111i\u1ec1u may [&hellip;]<\/p>\n","protected":false},"featured_media":1359,"comment_status":"open","ping_status":"closed","template":"","meta":{"_eb_attr":""},"product_brand":[],"product_cat":[38],"product_tag":[],"class_list":{"0":"post-1358","1":"product","2":"type-product","3":"status-publish","4":"has-post-thumbnail","6":"product_cat-phat-ngu-tu-linh","8":"first","9":"outofstock","10":"shipping-taxable","11":"product-type-simple"},"jetpack_sharing_enabled":true,"_links":{"self":[{"href":"https:\/\/nguyenthanhvu.com\/vi\/wp-json\/wp\/v2\/product\/1358","targetHints":{"allow":["GET"]}}],"collection":[{"href":"https:\/\/nguyenthanhvu.com\/vi\/wp-json\/wp\/v2\/product"}],"about":[{"href":"https:\/\/nguyenthanhvu.com\/vi\/wp-json\/wp\/v2\/types\/product"}],"replies":[{"embeddable":true,"href":"https:\/\/nguyenthanhvu.com\/vi\/wp-json\/wp\/v2\/comments?post=1358"}],"wp:featuredmedia":[{"embeddable":true,"href":"https:\/\/nguyenthanhvu.com\/vi\/wp-json\/wp\/v2\/media\/1359"}],"wp:attachment":[{"href":"https:\/\/nguyenthanhvu.com\/vi\/wp-json\/wp\/v2\/media?parent=1358"}],"wp:term":[{"taxonomy":"product_brand","embeddable":true,"href":"https:\/\/nguyenthanhvu.com\/vi\/wp-json\/wp\/v2\/product_brand?post=1358"},{"taxonomy":"product_cat","embeddable":true,"href":"https:\/\/nguyenthanhvu.com\/vi\/wp-json\/wp\/v2\/product_cat?post=1358"},{"taxonomy":"product_tag","embeddable":true,"href":"https:\/\/nguyenthanhvu.com\/vi\/wp-json\/wp\/v2\/product_tag?post=1358"}],"curies":[{"name":"wp","href":"https:\/\/api.w.org\/{rel}","templated":true}]}}