{"id":1365,"date":"2024-02-19T20:06:48","date_gmt":"2024-02-19T13:06:48","guid":{"rendered":"https:\/\/nguyenthanhvu.com\/?post_type=product&#038;p=1365"},"modified":"2024-12-18T21:22:25","modified_gmt":"2024-12-18T14:22:25","slug":"ca-hoa-long","status":"publish","type":"product","link":"https:\/\/nguyenthanhvu.com\/vi\/san-pham\/ca-hoa-long\/","title":{"rendered":"C\u00e1 ho\u00e1 long"},"content":{"rendered":"<div class=\"pvc_clear\"><\/div>\n<p id=\"pvc_stats_1365\" class=\"pvc_stats total_only  \" data-element-id=\"1365\" style=\"\"><i class=\"pvc-stats-icon medium\" aria-hidden=\"true\"><svg xmlns=\"http:\/\/www.w3.org\/2000\/svg\" version=\"1.0\" viewBox=\"0 0 502 315\" preserveAspectRatio=\"xMidYMid meet\"><g transform=\"translate(0,332) scale(0.1,-0.1)\" fill=\"\" stroke=\"none\"><path d=\"M2394 3279 l-29 -30 -3 -207 c-2 -182 0 -211 15 -242 39 -76 157 -76 196 0 15 31 17 60 15 243 l-3 209 -33 29 c-26 23 -41 29 -80 29 -41 0 -53 -5 -78 -31z\"\/><path d=\"M3085 3251 c-45 -19 -58 -50 -96 -229 -47 -217 -49 -260 -13 -295 52 -53 146 -42 177 20 16 31 87 366 87 410 0 70 -86 122 -155 94z\"\/><path d=\"M1751 3234 c-13 -9 -29 -31 -37 -50 -12 -29 -10 -49 21 -204 19 -94 39 -189 45 -210 14 -50 54 -80 110 -80 34 0 48 6 76 34 21 21 34 44 34 59 0 14 -18 113 -40 219 -37 178 -43 195 -70 221 -36 32 -101 37 -139 11z\"\/><path d=\"M1163 3073 c-36 -7 -73 -59 -73 -102 0 -56 133 -378 171 -413 34 -32 83 -37 129 -13 70 36 67 87 -16 290 -86 209 -89 214 -129 231 -35 14 -42 15 -82 7z\"\/><path d=\"M3689 3066 c-15 -9 -33 -30 -42 -48 -48 -103 -147 -355 -147 -375 0 -98 131 -148 192 -74 13 15 57 108 97 206 80 196 84 226 37 273 -30 30 -99 39 -137 18z\"\/><path d=\"M583 2784 c-38 -19 -67 -74 -58 -113 9 -42 211 -354 242 -373 16 -10 45 -18 66 -18 51 0 107 52 107 100 0 39 -1 41 -124 234 -80 126 -108 162 -133 173 -41 17 -61 16 -100 -3z\"\/><path d=\"M4250 2784 c-14 -9 -74 -91 -133 -183 -95 -150 -107 -173 -107 -213 0 -55 33 -94 87 -104 67 -13 90 8 211 198 130 202 137 225 78 284 -27 27 -42 34 -72 34 -22 0 -50 -8 -64 -16z\"\/><path d=\"M2275 2693 c-553 -48 -1095 -270 -1585 -649 -135 -104 -459 -423 -483 -476 -23 -49 -22 -139 2 -186 73 -142 361 -457 571 -626 285 -228 642 -407 990 -497 242 -63 336 -73 660 -74 310 0 370 5 595 52 535 111 1045 392 1455 803 122 121 250 273 275 326 19 41 19 137 0 174 -41 79 -309 363 -465 492 -447 370 -946 591 -1479 653 -113 14 -422 18 -536 8z m395 -428 c171 -34 330 -124 456 -258 112 -119 167 -219 211 -378 27 -96 24 -300 -5 -401 -72 -255 -236 -447 -474 -557 -132 -62 -201 -76 -368 -76 -167 0 -236 14 -368 76 -213 98 -373 271 -451 485 -162 444 86 934 547 1084 153 49 292 57 452 25z m909 -232 c222 -123 408 -262 593 -441 76 -74 138 -139 138 -144 0 -16 -233 -242 -330 -319 -155 -123 -309 -223 -461 -299 l-81 -41 32 46 c18 26 49 83 70 128 143 306 141 649 -6 957 -25 52 -61 116 -79 142 l-34 47 45 -20 c26 -10 76 -36 113 -56z m-2057 25 c-40 -58 -105 -190 -130 -263 -110 -324 -59 -707 132 -981 25 -35 42 -64 37 -64 -19 0 -241 119 -326 174 -188 122 -406 314 -532 468 l-58 71 108 103 c185 178 428 349 672 473 66 33 121 60 123 61 2 0 -10 -19 -26 -42z\"\/><path d=\"M2375 1950 c-198 -44 -350 -190 -395 -379 -18 -76 -8 -221 19 -290 114 -284 457 -406 731 -260 98 52 188 154 231 260 27 69 37 214 19 290 -38 163 -166 304 -326 360 -67 23 -215 33 -279 19z\"\/><\/g><\/svg><\/i> <img decoding=\"async\" width=\"16\" height=\"16\" alt=\"Loading\" src=\"https:\/\/nguyenthanhvu.com\/wp-content\/plugins\/page-views-count\/ajax-loader-2x.gif\" border=0 \/><\/p>\n<div class=\"pvc_clear\"><\/div>\n<ul>\n<li><strong>Ch\u1ea5t li\u1ec7u:<\/strong> S\u01a1n d\u1ea7u<\/li>\n<li><strong>K\u00edch th\u01b0\u1edbc:<\/strong> 80 cm x 120 cm<\/li>\n<li><strong>N\u0103m s\u00e1ng t\u00e1c:<\/strong> 2023<\/li>\n<\/ul>\n<p>Bi\u1ec3u t\u01b0\u1ee3ng \u201ch\u00f3a\u201d ( bi\u1ebfn h\u00f3a ) l\u00e0 m\u1ed9t trong nh\u1eefng n\u00e9t \u0111\u1eb7c tr\u01b0ng c\u1ee7a trang tr\u00ed ki\u1ebfn tr\u00fac tri\u1ec1u Nguy\u1ec5n \u0111\u01b0\u1ee3c s\u1eed d\u1ee5ng \u0111\u1ec3 chuy\u1ec3n th\u1ec3 c\u00e1c h\u00ecnh t\u01b0\u1ee3ng th\u1ef1c v\u1eadt, \u0111\u1ed3 v\u1eadt, con ng\u01b0\u1eddi th\u00e0nh c\u00e1c h\u00ecnh t\u01b0\u1ee3ng linh thi\u00eang ( t\u1ee9 linh ) th\u1ec3 hi\u1ec7n mong mu\u1ed1n g\u1eedi g\u1eafm \u01b0\u1edbc nguy\u1ec7n c\u1ee7a con ng\u01b0\u1eddi, c\u1ee7a m\u1ed9t tri\u1ec1u \u0111\u1ea1i, c\u1ee7a m\u1ed9t x\u00e3 h\u1ed9i phong ki\u1ebfn: m\u01b0a thu\u1eadn \u2013 gi\u00f3 h\u00f2a, th\u00e1i b\u00ecnh \u2013 th\u1ecbnh tr\u1ecb,\u2026<\/p>\n<p>C\u00e1 h\u00f3a long l\u00e0 m\u1ed9t chi ti\u1ebft trang tr\u00ed ki\u1ebfn tr\u00fac ph\u1ed5 bi\u1ebfn, t\u01b0\u1ee3ng tr\u01b0ng v\u1ec1 vi\u1ec7c kh\u1ed5 luy\u1ec7n th\u00e0nh t\u00e0i, th\u0103ng ti\u1ebfn; t\u01b0\u1ee3ng tr\u01b0ng cho nh\u00e2n c\u00e1ch thanh cao d\u1ea1ng ti\u1ec1m \u1ea9n ho\u1eb7c h\u01b0\u1edbng \u0111\u1ebfn m\u1ed9t k\u1ebft qu\u1ea3 t\u1ed1t \u0111\u1eb9p.<\/p>\n<p>\u201c tr\u00ean tr\u1eddi c\u00f3 c\u00e2y h\u00f3a ki\u1ec3ng<\/p>\n<p>d\u01b0\u1edbi bi\u1ec3n c\u00f3 c\u00e1 h\u00f3a long.\u201d<\/p>\n<p>Xu\u1ea5t hi\u1ec7n \u1edf h\u1ea7u h\u1ebft c\u00e1c l\u0103ng t\u1ea9m, \u0111\u1ec1n mi\u1ebfu,\u2026h\u00ecnh \u1ea3nh C\u00e1 h\u00f3a long l\u00e0 m\u1ed9t ngh\u1ec7 thu\u1eadt trang tr\u00ed mang s\u1ef1 dung h\u00f2a c\u1ee7a tam gi\u00e1o \u0111\u1ed3ng nguy\u00ean: Ph\u1eadt, Nho, L\u00e3o ( do d\u00e2n c\u01b0 bao g\u1ed3m ng\u01b0\u1eddi Ch\u0103m b\u1ea3n \u0111\u1ecba, ng\u01b0\u1eddi Vi\u1ec7t v\u00e0 ng\u01b0\u1eddi Hoa nh\u1eadp c\u01b0 sau n\u00e0y ) \u0111\u00e1nh d\u1ea5u m\u1ed9t trong nh\u1eefng n\u00e9t \u0111\u1eb7c tr\u01b0ng c\u1ee7a ngh\u1ec7 thu\u1eadt tri\u1ec1u \u0111\u1ea1i n\u00e0y.<\/p>\n<p>Ng\u00e0y nay nh\u1eafc \u0111\u1ebfn \u0111i\u1ec3n t\u00edch c\u00e1 h\u00f3a long ng\u01b0\u1eddi ta s\u1ebd ngh\u0129 \u0111\u1ebfn th\u1ee7y danh Long M\u00f4n ( c\u1eeda r\u1ed3ng \u2013 m\u1ed9t \u0111o\u1ea1n c\u1ee7a s\u00f4ng \u0110\u00e0, t\u1ec9nh H\u00f2a B\u00ecnh ) b\u1edfi \u1edf \u0111\u00e2y sinh ra m\u1ed9t lo\u1ea1i c\u00e1 qu\u00fd, t\u00ean l\u00e0 Anh V\u0169, m\u1ed9t lo\u00e0i c\u00e1 v\u01b0\u1ee3t V\u0169 m\u00f4n ngo\u00e0i \u0111\u1eddi th\u1ef1c.<\/p>\n","protected":false},"excerpt":{"rendered":"<p>Ch\u1ea5t li\u1ec7u: S\u01a1n d\u1ea7u K\u00edch th\u01b0\u1edbc: 80 cm x 120 cm N\u0103m s\u00e1ng t\u00e1c: 2023 Bi\u1ec3u t\u01b0\u1ee3ng \u201ch\u00f3a\u201d ( bi\u1ebfn h\u00f3a ) l\u00e0 m\u1ed9t trong nh\u1eefng n\u00e9t \u0111\u1eb7c tr\u01b0ng c\u1ee7a trang tr\u00ed ki\u1ebfn tr\u00fac tri\u1ec1u Nguy\u1ec5n \u0111\u01b0\u1ee3c s\u1eed d\u1ee5ng \u0111\u1ec3 chuy\u1ec3n th\u1ec3 c\u00e1c h\u00ecnh t\u01b0\u1ee3ng th\u1ef1c v\u1eadt, \u0111\u1ed3 v\u1eadt, con ng\u01b0\u1eddi th\u00e0nh c\u00e1c h\u00ecnh t\u01b0\u1ee3ng [&hellip;]<\/p>\n","protected":false},"featured_media":1369,"comment_status":"open","ping_status":"closed","template":"","meta":{"_eb_attr":""},"product_brand":[],"product_cat":[38],"product_tag":[],"class_list":{"0":"post-1365","1":"product","2":"type-product","3":"status-publish","4":"has-post-thumbnail","6":"product_cat-phat-ngu-tu-linh","8":"first","9":"outofstock","10":"shipping-taxable","11":"product-type-simple"},"jetpack_sharing_enabled":true,"_links":{"self":[{"href":"https:\/\/nguyenthanhvu.com\/vi\/wp-json\/wp\/v2\/product\/1365","targetHints":{"allow":["GET"]}}],"collection":[{"href":"https:\/\/nguyenthanhvu.com\/vi\/wp-json\/wp\/v2\/product"}],"about":[{"href":"https:\/\/nguyenthanhvu.com\/vi\/wp-json\/wp\/v2\/types\/product"}],"replies":[{"embeddable":true,"href":"https:\/\/nguyenthanhvu.com\/vi\/wp-json\/wp\/v2\/comments?post=1365"}],"wp:featuredmedia":[{"embeddable":true,"href":"https:\/\/nguyenthanhvu.com\/vi\/wp-json\/wp\/v2\/media\/1369"}],"wp:attachment":[{"href":"https:\/\/nguyenthanhvu.com\/vi\/wp-json\/wp\/v2\/media?parent=1365"}],"wp:term":[{"taxonomy":"product_brand","embeddable":true,"href":"https:\/\/nguyenthanhvu.com\/vi\/wp-json\/wp\/v2\/product_brand?post=1365"},{"taxonomy":"product_cat","embeddable":true,"href":"https:\/\/nguyenthanhvu.com\/vi\/wp-json\/wp\/v2\/product_cat?post=1365"},{"taxonomy":"product_tag","embeddable":true,"href":"https:\/\/nguyenthanhvu.com\/vi\/wp-json\/wp\/v2\/product_tag?post=1365"}],"curies":[{"name":"wp","href":"https:\/\/api.w.org\/{rel}","templated":true}]}}