{"id":1384,"date":"2024-02-19T21:44:03","date_gmt":"2024-02-19T14:44:03","guid":{"rendered":"https:\/\/nguyenthanhvu.com\/?post_type=product&#038;p=1384"},"modified":"2024-12-18T21:21:10","modified_gmt":"2024-12-18T14:21:10","slug":"kim-lan","status":"publish","type":"product","link":"https:\/\/nguyenthanhvu.com\/vi\/san-pham\/kim-lan\/","title":{"rendered":"Kim l\u00e2n"},"content":{"rendered":"<div class=\"pvc_clear\"><\/div>\n<p id=\"pvc_stats_1384\" class=\"pvc_stats total_only  \" data-element-id=\"1384\" style=\"\"><i class=\"pvc-stats-icon medium\" aria-hidden=\"true\"><svg xmlns=\"http:\/\/www.w3.org\/2000\/svg\" version=\"1.0\" viewBox=\"0 0 502 315\" preserveAspectRatio=\"xMidYMid meet\"><g transform=\"translate(0,332) scale(0.1,-0.1)\" fill=\"\" stroke=\"none\"><path d=\"M2394 3279 l-29 -30 -3 -207 c-2 -182 0 -211 15 -242 39 -76 157 -76 196 0 15 31 17 60 15 243 l-3 209 -33 29 c-26 23 -41 29 -80 29 -41 0 -53 -5 -78 -31z\"\/><path d=\"M3085 3251 c-45 -19 -58 -50 -96 -229 -47 -217 -49 -260 -13 -295 52 -53 146 -42 177 20 16 31 87 366 87 410 0 70 -86 122 -155 94z\"\/><path d=\"M1751 3234 c-13 -9 -29 -31 -37 -50 -12 -29 -10 -49 21 -204 19 -94 39 -189 45 -210 14 -50 54 -80 110 -80 34 0 48 6 76 34 21 21 34 44 34 59 0 14 -18 113 -40 219 -37 178 -43 195 -70 221 -36 32 -101 37 -139 11z\"\/><path d=\"M1163 3073 c-36 -7 -73 -59 -73 -102 0 -56 133 -378 171 -413 34 -32 83 -37 129 -13 70 36 67 87 -16 290 -86 209 -89 214 -129 231 -35 14 -42 15 -82 7z\"\/><path d=\"M3689 3066 c-15 -9 -33 -30 -42 -48 -48 -103 -147 -355 -147 -375 0 -98 131 -148 192 -74 13 15 57 108 97 206 80 196 84 226 37 273 -30 30 -99 39 -137 18z\"\/><path d=\"M583 2784 c-38 -19 -67 -74 -58 -113 9 -42 211 -354 242 -373 16 -10 45 -18 66 -18 51 0 107 52 107 100 0 39 -1 41 -124 234 -80 126 -108 162 -133 173 -41 17 -61 16 -100 -3z\"\/><path d=\"M4250 2784 c-14 -9 -74 -91 -133 -183 -95 -150 -107 -173 -107 -213 0 -55 33 -94 87 -104 67 -13 90 8 211 198 130 202 137 225 78 284 -27 27 -42 34 -72 34 -22 0 -50 -8 -64 -16z\"\/><path d=\"M2275 2693 c-553 -48 -1095 -270 -1585 -649 -135 -104 -459 -423 -483 -476 -23 -49 -22 -139 2 -186 73 -142 361 -457 571 -626 285 -228 642 -407 990 -497 242 -63 336 -73 660 -74 310 0 370 5 595 52 535 111 1045 392 1455 803 122 121 250 273 275 326 19 41 19 137 0 174 -41 79 -309 363 -465 492 -447 370 -946 591 -1479 653 -113 14 -422 18 -536 8z m395 -428 c171 -34 330 -124 456 -258 112 -119 167 -219 211 -378 27 -96 24 -300 -5 -401 -72 -255 -236 -447 -474 -557 -132 -62 -201 -76 -368 -76 -167 0 -236 14 -368 76 -213 98 -373 271 -451 485 -162 444 86 934 547 1084 153 49 292 57 452 25z m909 -232 c222 -123 408 -262 593 -441 76 -74 138 -139 138 -144 0 -16 -233 -242 -330 -319 -155 -123 -309 -223 -461 -299 l-81 -41 32 46 c18 26 49 83 70 128 143 306 141 649 -6 957 -25 52 -61 116 -79 142 l-34 47 45 -20 c26 -10 76 -36 113 -56z m-2057 25 c-40 -58 -105 -190 -130 -263 -110 -324 -59 -707 132 -981 25 -35 42 -64 37 -64 -19 0 -241 119 -326 174 -188 122 -406 314 -532 468 l-58 71 108 103 c185 178 428 349 672 473 66 33 121 60 123 61 2 0 -10 -19 -26 -42z\"\/><path d=\"M2375 1950 c-198 -44 -350 -190 -395 -379 -18 -76 -8 -221 19 -290 114 -284 457 -406 731 -260 98 52 188 154 231 260 27 69 37 214 19 290 -38 163 -166 304 -326 360 -67 23 -215 33 -279 19z\"\/><\/g><\/svg><\/i> <img decoding=\"async\" width=\"16\" height=\"16\" alt=\"Loading\" src=\"https:\/\/nguyenthanhvu.com\/wp-content\/plugins\/page-views-count\/ajax-loader-2x.gif\" border=0 \/><\/p>\n<div class=\"pvc_clear\"><\/div>\n<ul>\n<li><strong>Ch\u1ea5t li\u1ec7u:<\/strong> S\u01a1n d\u1ea7u<\/li>\n<li><strong>K\u00edch th\u01b0\u1edbc:<\/strong> 80 cm x 120 cm<\/li>\n<li><strong>N\u0103m s\u00e1ng t\u00e1c:<\/strong> 2023<\/li>\n<\/ul>\n<p>Trong giao thoa, ti\u1ebfp bi\u1ebfn v\u0103n h\u00f3a, con l\u00e2n xu\u1ea5t hi\u1ec7n trong b\u1ed9 t\u1ee9 linh v\u00e0 \u0111\u00e3 tr\u1edf th\u00e0nh linh v\u1eadt c\u00f3 v\u1ecb tr\u00ed quan tr\u1ecdng trong m\u1ef9 thu\u1eadt phong ki\u1ebfn Vi\u1ec7t Nam.<\/p>\n<p>T\u01b0\u01a1ng truy\u1ec1n k\u00ec l\u00e2n c\u00f3 2 \u0111\u1ee9a con, l\u00e0 kim l\u00e2n v\u00e0 h\u1ecfa l\u00e2n, c\u00f9ng gi\u00e1ng th\u1ebf \u0111\u1ec3 b\u1ea3o v\u1ec7 h\u00f2a b\u00ecnh ch\u1ed1n nh\u00e2n gian.<\/p>\n<p>Kim L\u00e2n \u0111\u01b0\u1ee3c v\u1ebd theo m\u00f4 ph\u1ecfng c\u1ee7a con l\u00e2n ( ngh\u00ea ) th\u1eddi Tr\u1ea7n, h\u00ecnh d\u00e1ng uy m\u00e3nh th\u1ec3 hi\u1ec7n quy\u1ec1n uy c\u1ee7a tri\u1ec1u \u0111\u00ecnh, kh\u00e1c v\u1edbi con l\u00e2n tri\u1ec1u Nguy\u1ec5n c\u00f3 h\u00ecnh d\u00e1ng tinh t\u1ebf h\u01a1n.<\/p>\n<p>Kim l\u00e2n \u0111\u01b0\u1ee3c v\u1ebd d\u1ef1a tr\u00ean h\u00e0o kh\u00ed \u0110\u00f4ng A, k\u1ebf th\u1eeba ngh\u1ec7 thu\u1eadt tri\u1ec1u L\u00fd v\u1edbi ki\u1ebfn tr\u00fac v\u00e0 h\u1ecda ti\u1ebft trang tr\u00ed \u0111\u1eadm m\u00e0u s\u1eafc Ph\u1eadt gi\u00e1o.<\/p>\n","protected":false},"excerpt":{"rendered":"<p>Ch\u1ea5t li\u1ec7u: S\u01a1n d\u1ea7u K\u00edch th\u01b0\u1edbc: 80 cm x 120 cm N\u0103m s\u00e1ng t\u00e1c: 2023 Trong giao thoa, ti\u1ebfp bi\u1ebfn v\u0103n h\u00f3a, con l\u00e2n xu\u1ea5t hi\u1ec7n trong b\u1ed9 t\u1ee9 linh v\u00e0 \u0111\u00e3 tr\u1edf th\u00e0nh linh v\u1eadt c\u00f3 v\u1ecb tr\u00ed quan tr\u1ecdng trong m\u1ef9 thu\u1eadt phong ki\u1ebfn Vi\u1ec7t Nam. T\u01b0\u01a1ng truy\u1ec1n k\u00ec l\u00e2n c\u00f3 2 \u0111\u1ee9a [&hellip;]<\/p>\n","protected":false},"featured_media":1385,"comment_status":"open","ping_status":"closed","template":"","meta":{"_eb_attr":""},"product_brand":[],"product_cat":[38],"product_tag":[],"class_list":{"0":"post-1384","1":"product","2":"type-product","3":"status-publish","4":"has-post-thumbnail","6":"product_cat-phat-ngu-tu-linh","8":"first","9":"instock","10":"shipping-taxable","11":"product-type-simple"},"jetpack_sharing_enabled":true,"_links":{"self":[{"href":"https:\/\/nguyenthanhvu.com\/vi\/wp-json\/wp\/v2\/product\/1384","targetHints":{"allow":["GET"]}}],"collection":[{"href":"https:\/\/nguyenthanhvu.com\/vi\/wp-json\/wp\/v2\/product"}],"about":[{"href":"https:\/\/nguyenthanhvu.com\/vi\/wp-json\/wp\/v2\/types\/product"}],"replies":[{"embeddable":true,"href":"https:\/\/nguyenthanhvu.com\/vi\/wp-json\/wp\/v2\/comments?post=1384"}],"wp:featuredmedia":[{"embeddable":true,"href":"https:\/\/nguyenthanhvu.com\/vi\/wp-json\/wp\/v2\/media\/1385"}],"wp:attachment":[{"href":"https:\/\/nguyenthanhvu.com\/vi\/wp-json\/wp\/v2\/media?parent=1384"}],"wp:term":[{"taxonomy":"product_brand","embeddable":true,"href":"https:\/\/nguyenthanhvu.com\/vi\/wp-json\/wp\/v2\/product_brand?post=1384"},{"taxonomy":"product_cat","embeddable":true,"href":"https:\/\/nguyenthanhvu.com\/vi\/wp-json\/wp\/v2\/product_cat?post=1384"},{"taxonomy":"product_tag","embeddable":true,"href":"https:\/\/nguyenthanhvu.com\/vi\/wp-json\/wp\/v2\/product_tag?post=1384"}],"curies":[{"name":"wp","href":"https:\/\/api.w.org\/{rel}","templated":true}]}}