{"id":1387,"date":"2024-02-19T21:59:52","date_gmt":"2024-02-19T14:59:52","guid":{"rendered":"https:\/\/nguyenthanhvu.com\/?post_type=product&#038;p=1387"},"modified":"2024-12-18T21:20:49","modified_gmt":"2024-12-18T14:20:49","slug":"cuu-long","status":"publish","type":"product","link":"https:\/\/nguyenthanhvu.com\/vi\/san-pham\/cuu-long\/","title":{"rendered":"C\u1eedu long"},"content":{"rendered":"<div class=\"pvc_clear\"><\/div>\n<p id=\"pvc_stats_1387\" class=\"pvc_stats total_only  \" data-element-id=\"1387\" style=\"\"><i class=\"pvc-stats-icon medium\" aria-hidden=\"true\"><svg xmlns=\"http:\/\/www.w3.org\/2000\/svg\" version=\"1.0\" viewBox=\"0 0 502 315\" preserveAspectRatio=\"xMidYMid meet\"><g transform=\"translate(0,332) scale(0.1,-0.1)\" fill=\"\" stroke=\"none\"><path d=\"M2394 3279 l-29 -30 -3 -207 c-2 -182 0 -211 15 -242 39 -76 157 -76 196 0 15 31 17 60 15 243 l-3 209 -33 29 c-26 23 -41 29 -80 29 -41 0 -53 -5 -78 -31z\"\/><path d=\"M3085 3251 c-45 -19 -58 -50 -96 -229 -47 -217 -49 -260 -13 -295 52 -53 146 -42 177 20 16 31 87 366 87 410 0 70 -86 122 -155 94z\"\/><path d=\"M1751 3234 c-13 -9 -29 -31 -37 -50 -12 -29 -10 -49 21 -204 19 -94 39 -189 45 -210 14 -50 54 -80 110 -80 34 0 48 6 76 34 21 21 34 44 34 59 0 14 -18 113 -40 219 -37 178 -43 195 -70 221 -36 32 -101 37 -139 11z\"\/><path d=\"M1163 3073 c-36 -7 -73 -59 -73 -102 0 -56 133 -378 171 -413 34 -32 83 -37 129 -13 70 36 67 87 -16 290 -86 209 -89 214 -129 231 -35 14 -42 15 -82 7z\"\/><path d=\"M3689 3066 c-15 -9 -33 -30 -42 -48 -48 -103 -147 -355 -147 -375 0 -98 131 -148 192 -74 13 15 57 108 97 206 80 196 84 226 37 273 -30 30 -99 39 -137 18z\"\/><path d=\"M583 2784 c-38 -19 -67 -74 -58 -113 9 -42 211 -354 242 -373 16 -10 45 -18 66 -18 51 0 107 52 107 100 0 39 -1 41 -124 234 -80 126 -108 162 -133 173 -41 17 -61 16 -100 -3z\"\/><path d=\"M4250 2784 c-14 -9 -74 -91 -133 -183 -95 -150 -107 -173 -107 -213 0 -55 33 -94 87 -104 67 -13 90 8 211 198 130 202 137 225 78 284 -27 27 -42 34 -72 34 -22 0 -50 -8 -64 -16z\"\/><path d=\"M2275 2693 c-553 -48 -1095 -270 -1585 -649 -135 -104 -459 -423 -483 -476 -23 -49 -22 -139 2 -186 73 -142 361 -457 571 -626 285 -228 642 -407 990 -497 242 -63 336 -73 660 -74 310 0 370 5 595 52 535 111 1045 392 1455 803 122 121 250 273 275 326 19 41 19 137 0 174 -41 79 -309 363 -465 492 -447 370 -946 591 -1479 653 -113 14 -422 18 -536 8z m395 -428 c171 -34 330 -124 456 -258 112 -119 167 -219 211 -378 27 -96 24 -300 -5 -401 -72 -255 -236 -447 -474 -557 -132 -62 -201 -76 -368 -76 -167 0 -236 14 -368 76 -213 98 -373 271 -451 485 -162 444 86 934 547 1084 153 49 292 57 452 25z m909 -232 c222 -123 408 -262 593 -441 76 -74 138 -139 138 -144 0 -16 -233 -242 -330 -319 -155 -123 -309 -223 -461 -299 l-81 -41 32 46 c18 26 49 83 70 128 143 306 141 649 -6 957 -25 52 -61 116 -79 142 l-34 47 45 -20 c26 -10 76 -36 113 -56z m-2057 25 c-40 -58 -105 -190 -130 -263 -110 -324 -59 -707 132 -981 25 -35 42 -64 37 -64 -19 0 -241 119 -326 174 -188 122 -406 314 -532 468 l-58 71 108 103 c185 178 428 349 672 473 66 33 121 60 123 61 2 0 -10 -19 -26 -42z\"\/><path d=\"M2375 1950 c-198 -44 -350 -190 -395 -379 -18 -76 -8 -221 19 -290 114 -284 457 -406 731 -260 98 52 188 154 231 260 27 69 37 214 19 290 -38 163 -166 304 -326 360 -67 23 -215 33 -279 19z\"\/><\/g><\/svg><\/i> <img decoding=\"async\" width=\"16\" height=\"16\" alt=\"Loading\" src=\"https:\/\/nguyenthanhvu.com\/wp-content\/plugins\/page-views-count\/ajax-loader-2x.gif\" border=0 \/><\/p>\n<div class=\"pvc_clear\"><\/div>\n<ul>\n<li><strong>Ch\u1ea5t li\u1ec7u:<\/strong> S\u01a1n d\u1ea7u<\/li>\n<li><strong>K\u00edch th\u01b0\u1edbc:<\/strong> 110 cm x 180 cm<\/li>\n<li><strong>N\u0103m s\u00e1ng t\u00e1c:<\/strong> 2023<\/li>\n<\/ul>\n<p>T\u01b0\u01a1ng truy\u1ec1n r\u1ed3ng c\u00f3 chin \u0111\u1ee9a con ( Long sinh c\u1eedu ph\u1ea9m ), m\u00ecnh v\u1ebd chin con r\u1ed3ng c\u1ee7a c\u00e1c tri\u1ec1u \u0111\u1ea1i L\u00fd, Tr\u1ea7n, L\u00ea, v\u00e0 Nguy\u1ec5n, l\u00e0 nh\u1eefng tri\u1ec1u \u0111\u1ea1i c\u00f3 s\u1ef1 ph\u00e1t tri\u1ec3n v\u1ec1 v\u0103n h\u00f3a ngh\u1ec7 thu\u1eadt trong l\u1ecbch s\u1eed Vi\u1ec7t Nam.<\/p>\n<p>T\u1eeb tr\u00e1i sang, r\u1ed3ng th\u1eddi L\u00fd \u0111\u1ee9ng th\u1ee9 nh\u1ea5t v\u00e0 r\u1ed3ng ng\u1eadm ch\u00e2u, 1 l\u1edbn nh\u1ea5t v\u00e0 1 m\u1edd \u1ea3o nh\u1ea5t, 1 mang t\u01b0\u1ee3ng tr\u01b0ng cho s\u1ef1 \u0111\u1ec9nh cao v\u1ec1 ngh\u1ec7 thu\u1eadt v\u00e0 c\u0169ng l\u00e0 \u0111\u1eb7t n\u1ec1n m\u00f3ng cho s\u1ef1 h\u00ecnh th\u00e0nh ngh\u1ec7 thu\u1eadt trong l\u1ecbch s\u1eed Vi\u1ec7t Nam, 1 m\u1edf nh\u1ea1t trong h\u1eadu th\u1ebf nh\u01b0 nh\u1eefng t\u01b0 li\u1ec7u v\u00e0 di s\u1ea3n \u00edt \u1ecfi c\u00f2n s\u00f3t l\u1ea1i. Th\u1eadt d\u1ec5 \u0111\u1ec3 t\u00ecm v\u00e0 xem nh\u1eefng d\u1ea5u \u1ea5n ti\u1ec1n nh\u00e2n nh\u01b0ng th\u1ea9m th\u1ea5u v\u00e0 \u0111\u1ea1i ch\u00fang h\u00f3a th\u00ec c\u00f2n nhi\u1ec1u kh\u00f3 kh\u0103n.<\/p>\n<p>R\u1ed3ng th\u1eddi Nguy\u1ec5n \u0111\u1ee9ng \u1edf v\u1ecb tr\u00ed 2, 4 &amp; 5, 6 trong tranh. L\u00e0 tri\u1ec1u \u0111\u1ea1i c\u00f3 th\u1eddi gian tr\u1ecb v\u00ec \u00edt nh\u1ea5t trong 4 tri\u1ec1u \u0111\u1ea1i, con \u0111\u01b0\u1eddng l\u1eadp N\u01b0\u1edbc c\u0169ng gian tru\u00e2n v\u1ea5t v\u1ea3 l\u1eafm l\u1eafm, tr\u1ed3i l\u00ean s\u1ee5t xu\u1ed1ng, khi \u0111\u1ed9c l\u1eadp \u201cB\u1ebf quan t\u1ecfa c\u1ea3ng\u201d, khi c\u1ea7u vi\u1ec7n ngo\u1ea1i bang, th\u1eddi m\u1ea1nh m\u1ebd nh\u01b0 Minh M\u1ea1ng, th\u1eddi tai ti\u1ebfng nh\u01b0 Gia Long. D\u00f9 c\u00e2u chuy\u1ec7n l\u00e0 g\u00ec, s\u1ef1 th\u1eadt l\u00e0 g\u00ec, v\u1edbi m\u00ecnh l\u1ecbch s\u1eed v\u1ed1n l\u00e0 nh\u1eefng b\u00e0i h\u1ecdc, nh\u1eefng kinh nghi\u1ec7m, nh\u1eefng minh ch\u1ee9ng, ch\u1ee9ng minh v\u1ec1 m\u1ed9t th\u1eddi huy ho\u00e0ng v\u00e0 b\u00e2y gi\u1edd ph\u1ee7 s\u00f3ng m\u1ea1nh m\u1ebd trong h\u1eadu th\u1ebf, \u0111\u00f3 l\u00e0 1 s\u1ef1 th\u00e0nh c\u00f4ng v\u1ec1 m\u1eb7t v\u0103n h\u00f3a.<\/p>\n<p>R\u1ed3ng th\u1eddi Tr\u1ea7n \u0111\u1ee9ng v\u1ecb tr\u00ed 3, L\u00ea \u0111\u1ee9ng \u1edf 7 v\u00e0 8. Ngh\u1ec7 thu\u1eadt th\u1eddi Tr\u1ea7n ti\u1ebfp thu v\u00e0 ph\u00e1t tri\u1ec3n t\u1eeb ngh\u1ec7 thu\u1eadt L\u00fd. Ngh\u1ec7 thu\u1eadt L\u00ea S\u01a1, L\u00ea Trung H\u01b0ng ph\u00e1t tri\u1ec3n v\u00e0 h\u00ecnh th\u00e0nh r\u00f5 n\u00e9t d\u1ea5u \u1ea5n ri\u00eang, c\u1ee5 th\u1ec3 l\u00e0 \u0111i\u00eau kh\u1eafc, h\u1ed9i h\u1ecda.<\/p>\n<p>H\u00ecnh \u1ea3nh c\u00e1c con r\u1ed3ng qu\u1ea5n c\u1ed9t (m\u1ed7i c\u1ed9t th\u1ec3 hi\u1ec7n hoa v\u0103n c\u1ee7a c\u00e1c tri\u1ec1u \u0111\u1ea1i) c\u00f9ng h\u01b0\u1edbng \u0111\u1ebfn r\u1ed3ng th\u1eddi L\u00fd \u0111ang ng\u1eadm ch\u00e2u mang \u00fd ngh\u0129a V\u0103n h\u00f3a ngh\u1ec7 thu\u1eadt c\u1ee7a c\u00e1c th\u1eddi k\u00ec tuy c\u00f3 s\u1ef1 thay \u0111\u1ed5i v\u00e0 ti\u1ebfn b\u1ed9 song \u0111\u1ec1u mong mu\u1ed1n h\u01b0\u1edbng \u0111\u1ebfn s\u1ef1 t\u1ed1t \u0111\u1eb9p, \u0111\u1eb7c tr\u01b0ng v\u00e0 ph\u1ed3n th\u1ecbnh c\u1ee7a d\u00e2n t\u1ed9c Vi\u1ec7t Nam.<\/p>\n<p>M\u00ecnh s\u1eed d\u1ee5ng chu\u1ed7i m\u00e0u t\u01b0\u01a1ng \u0111\u1ed3ng theo gam v\u00e0ng, h\u01a1i h\u01b0\u1edbng pastel, m\u1ee5c \u0111\u00edch v\u1eeba b\u00e0y t\u1ecf s\u1ef1 ng\u01b0\u1ee1ng m\u1ed9 d\u00e0nh cho ti\u1ec1n nh\u00e2n v\u00ec l\u1ecbch s\u1eed ngh\u00ecn n\u0103m v\u0103n hi\u1ebfn, v\u1eeba tr\u00e2n tr\u1ecdng v\u00e0 ho\u00e0i ni\u1ec7m, c\u1ed1 g\u1eafng gi\u1eef g\u00ecn v\u00e0 truy\u1ec1n l\u1eeda cho ng\u01b0\u1eddi sau. V\u0103n h\u00f3a l\u00e0 v\u1eady, s\u1ebd xu\u00f4i theo d\u00f2ng th\u1eddi \u0111\u1ea1i, ti\u1ebfp bi\u1ebfn v\u00e0 thay \u0111\u1ed5i li\u00ean t\u1ee5c theo c\u00e1ch ngh\u0129 c\u1ee7a m\u1ed7i ng\u01b0\u1eddi. V\u00e0 thu\u1eadn theo t\u1ef1 nhi\u00ean v\u1edbi m\u00ecnh v\u1eabn l\u00e0 s\u1ef1 tr\u1ea3i nghi\u1ec7m v\u1eefng ch\u00e3i nh\u1ea5t.<\/p>\n","protected":false},"excerpt":{"rendered":"<p>Ch\u1ea5t li\u1ec7u: S\u01a1n d\u1ea7u K\u00edch th\u01b0\u1edbc: 110 cm x 180 cm N\u0103m s\u00e1ng t\u00e1c: 2023 T\u01b0\u01a1ng truy\u1ec1n r\u1ed3ng c\u00f3 chin \u0111\u1ee9a con ( Long sinh c\u1eedu ph\u1ea9m ), m\u00ecnh v\u1ebd chin con r\u1ed3ng c\u1ee7a c\u00e1c tri\u1ec1u \u0111\u1ea1i L\u00fd, Tr\u1ea7n, L\u00ea, v\u00e0 Nguy\u1ec5n, l\u00e0 nh\u1eefng tri\u1ec1u \u0111\u1ea1i c\u00f3 s\u1ef1 ph\u00e1t tri\u1ec3n v\u1ec1 v\u0103n h\u00f3a ngh\u1ec7 thu\u1eadt [&hellip;]<\/p>\n","protected":false},"featured_media":1388,"comment_status":"open","ping_status":"closed","template":"","meta":{"_eb_attr":""},"product_brand":[],"product_cat":[38],"product_tag":[],"class_list":{"0":"post-1387","1":"product","2":"type-product","3":"status-publish","4":"has-post-thumbnail","6":"product_cat-phat-ngu-tu-linh","8":"first","9":"outofstock","10":"shipping-taxable","11":"product-type-simple"},"jetpack_sharing_enabled":true,"_links":{"self":[{"href":"https:\/\/nguyenthanhvu.com\/vi\/wp-json\/wp\/v2\/product\/1387","targetHints":{"allow":["GET"]}}],"collection":[{"href":"https:\/\/nguyenthanhvu.com\/vi\/wp-json\/wp\/v2\/product"}],"about":[{"href":"https:\/\/nguyenthanhvu.com\/vi\/wp-json\/wp\/v2\/types\/product"}],"replies":[{"embeddable":true,"href":"https:\/\/nguyenthanhvu.com\/vi\/wp-json\/wp\/v2\/comments?post=1387"}],"wp:featuredmedia":[{"embeddable":true,"href":"https:\/\/nguyenthanhvu.com\/vi\/wp-json\/wp\/v2\/media\/1388"}],"wp:attachment":[{"href":"https:\/\/nguyenthanhvu.com\/vi\/wp-json\/wp\/v2\/media?parent=1387"}],"wp:term":[{"taxonomy":"product_brand","embeddable":true,"href":"https:\/\/nguyenthanhvu.com\/vi\/wp-json\/wp\/v2\/product_brand?post=1387"},{"taxonomy":"product_cat","embeddable":true,"href":"https:\/\/nguyenthanhvu.com\/vi\/wp-json\/wp\/v2\/product_cat?post=1387"},{"taxonomy":"product_tag","embeddable":true,"href":"https:\/\/nguyenthanhvu.com\/vi\/wp-json\/wp\/v2\/product_tag?post=1387"}],"curies":[{"name":"wp","href":"https:\/\/api.w.org\/{rel}","templated":true}]}}