{"id":1398,"date":"2024-02-19T23:30:15","date_gmt":"2024-02-19T16:30:15","guid":{"rendered":"https:\/\/nguyenthanhvu.com\/?post_type=product&#038;p=1398"},"modified":"2024-12-18T21:19:44","modified_gmt":"2024-12-18T14:19:44","slug":"ca-sau-vam-nao","status":"publish","type":"product","link":"https:\/\/nguyenthanhvu.com\/vi\/san-pham\/ca-sau-vam-nao\/","title":{"rendered":"C\u00e1 s\u1ea5u V\u00e0m Nao"},"content":{"rendered":"<div class=\"pvc_clear\"><\/div>\n<p id=\"pvc_stats_1398\" class=\"pvc_stats total_only  \" data-element-id=\"1398\" style=\"\"><i class=\"pvc-stats-icon medium\" aria-hidden=\"true\"><svg xmlns=\"http:\/\/www.w3.org\/2000\/svg\" version=\"1.0\" viewBox=\"0 0 502 315\" preserveAspectRatio=\"xMidYMid meet\"><g transform=\"translate(0,332) scale(0.1,-0.1)\" fill=\"\" stroke=\"none\"><path d=\"M2394 3279 l-29 -30 -3 -207 c-2 -182 0 -211 15 -242 39 -76 157 -76 196 0 15 31 17 60 15 243 l-3 209 -33 29 c-26 23 -41 29 -80 29 -41 0 -53 -5 -78 -31z\"\/><path d=\"M3085 3251 c-45 -19 -58 -50 -96 -229 -47 -217 -49 -260 -13 -295 52 -53 146 -42 177 20 16 31 87 366 87 410 0 70 -86 122 -155 94z\"\/><path d=\"M1751 3234 c-13 -9 -29 -31 -37 -50 -12 -29 -10 -49 21 -204 19 -94 39 -189 45 -210 14 -50 54 -80 110 -80 34 0 48 6 76 34 21 21 34 44 34 59 0 14 -18 113 -40 219 -37 178 -43 195 -70 221 -36 32 -101 37 -139 11z\"\/><path d=\"M1163 3073 c-36 -7 -73 -59 -73 -102 0 -56 133 -378 171 -413 34 -32 83 -37 129 -13 70 36 67 87 -16 290 -86 209 -89 214 -129 231 -35 14 -42 15 -82 7z\"\/><path d=\"M3689 3066 c-15 -9 -33 -30 -42 -48 -48 -103 -147 -355 -147 -375 0 -98 131 -148 192 -74 13 15 57 108 97 206 80 196 84 226 37 273 -30 30 -99 39 -137 18z\"\/><path d=\"M583 2784 c-38 -19 -67 -74 -58 -113 9 -42 211 -354 242 -373 16 -10 45 -18 66 -18 51 0 107 52 107 100 0 39 -1 41 -124 234 -80 126 -108 162 -133 173 -41 17 -61 16 -100 -3z\"\/><path d=\"M4250 2784 c-14 -9 -74 -91 -133 -183 -95 -150 -107 -173 -107 -213 0 -55 33 -94 87 -104 67 -13 90 8 211 198 130 202 137 225 78 284 -27 27 -42 34 -72 34 -22 0 -50 -8 -64 -16z\"\/><path d=\"M2275 2693 c-553 -48 -1095 -270 -1585 -649 -135 -104 -459 -423 -483 -476 -23 -49 -22 -139 2 -186 73 -142 361 -457 571 -626 285 -228 642 -407 990 -497 242 -63 336 -73 660 -74 310 0 370 5 595 52 535 111 1045 392 1455 803 122 121 250 273 275 326 19 41 19 137 0 174 -41 79 -309 363 -465 492 -447 370 -946 591 -1479 653 -113 14 -422 18 -536 8z m395 -428 c171 -34 330 -124 456 -258 112 -119 167 -219 211 -378 27 -96 24 -300 -5 -401 -72 -255 -236 -447 -474 -557 -132 -62 -201 -76 -368 -76 -167 0 -236 14 -368 76 -213 98 -373 271 -451 485 -162 444 86 934 547 1084 153 49 292 57 452 25z m909 -232 c222 -123 408 -262 593 -441 76 -74 138 -139 138 -144 0 -16 -233 -242 -330 -319 -155 -123 -309 -223 -461 -299 l-81 -41 32 46 c18 26 49 83 70 128 143 306 141 649 -6 957 -25 52 -61 116 -79 142 l-34 47 45 -20 c26 -10 76 -36 113 -56z m-2057 25 c-40 -58 -105 -190 -130 -263 -110 -324 -59 -707 132 -981 25 -35 42 -64 37 -64 -19 0 -241 119 -326 174 -188 122 -406 314 -532 468 l-58 71 108 103 c185 178 428 349 672 473 66 33 121 60 123 61 2 0 -10 -19 -26 -42z\"\/><path d=\"M2375 1950 c-198 -44 -350 -190 -395 -379 -18 -76 -8 -221 19 -290 114 -284 457 -406 731 -260 98 52 188 154 231 260 27 69 37 214 19 290 -38 163 -166 304 -326 360 -67 23 -215 33 -279 19z\"\/><\/g><\/svg><\/i> <img decoding=\"async\" width=\"16\" height=\"16\" alt=\"Loading\" src=\"https:\/\/nguyenthanhvu.com\/wp-content\/plugins\/page-views-count\/ajax-loader-2x.gif\" border=0 \/><\/p>\n<div class=\"pvc_clear\"><\/div>\n<ul>\n<li><strong>Ch\u1ea5t li\u1ec7u:<\/strong> S\u01a1n d\u1ea7u<\/li>\n<li><strong>K\u00edch th\u01b0\u1edbc:<\/strong> 80 cm x 100 cm<\/li>\n<li><strong>N\u0103m s\u00e1ng t\u00e1c:<\/strong> 2023<\/li>\n<\/ul>\n<p>Ng\u01b0\u1eddi Vi\u1ec7t x\u01b0a s\u1ed1ng t\u1ea1i v\u00f9ng s\u00f4ng n\u01b0\u1edbc n\u00ean ngo\u00e0i c\u00e1c lo\u00e0i chim, t\u1eeb x\u01b0a h\u1ecd \u0111\u00e3 t\u00f4n s\u00f9ng c\u00e1 s\u1ea5u nh\u01b0 m\u1ed9t con v\u1eadt linh thi\u00eang, v\u00ec ch\u00fang \u0111\u1ea1i di\u1ec7n cho s\u1ef1 tr\u00f9 ph\u00fa v\u00e0 s\u1ee9c m\u1ea1nh.<\/p>\n<p>V\u00e0m Nao, d\u00f2ng s\u00f4ng ng\u1eafn nh\u1ea5t Vi\u1ec7t Nam tr\u1ee9 danh v\u1edbi giai tho\u1ea1i v\u1ec1 \u00f4ng N\u0103m ch\u00e8o, c\u00e1 s\u1ea5u 5 ch\u00e2n \u2013 m\u0169i \u0111\u1ecf. B\u1ee9c tranh v\u1ebd l\u1ea1i c\u00e2u chuy\u1ec7n \u00f4ng N\u0103m ch\u00e8o d\u1eabn \u0111\u01b0\u1eddng cho qu\u00e2n d\u00e2n tr\u00ean s\u00f4ng V\u00e0m Nao trong cu\u1ed9c kh\u00e1ng chi\u1ebfn ch\u1ed1ng Ph\u00e1p.<\/p>\n<p>H\u00ecnh t\u01b0\u1ee3ng c\u00e1 s\u1ea5u kh\u00f4ng ho\u00e0n ch\u1ec9nh \u1edf ph\u1ea7n th\u00e2n v\u00e0 hai m\u1ea3ng m\u00e0u \u1edf ph\u1ea7n \u0111\u1ea7u, bi\u1ec3u tr\u01b0ng cho s\u1ef1 ki\u1ec7n nhu\u1ed1m m\u00e0u huy\u1ec1n tho\u1ea1i: 1 lo\u00e0i th\u1ee7y qu\u00e1i hi\u1ec3u \u0111\u01b0\u1ee3c thi\u00ean m\u1ec7nh, \u201c tr\u1edf m\u00ecnh\u201d h\u01b0\u1edbng thi\u1ec7n, gi\u00fap \u00edch cho \u0111\u1eddi.<\/p>\n<p>\u0110\u1ed1i v\u1edbi b\u1ea5t c\u1ee9 m\u1ed9t c\u00e2u chuy\u1ec7n gi\u1ea3 s\u1eed, lu\u00f4n c\u00f3 t\u00ednh \u201c truy\u1ec1n mi\u1ec7ng\u201d v\u00e0 ch\u1eafp v\u00e1, do \u0111\u00f3 b\u1ee9c tranh s\u1eed d\u1ee5ng l\u1ed3ng gh\u00e9p nh\u1eefng m\u1ea3ng mi\u1ebfng b\u1ea5t \u0111\u1ecbnh, tr\u00ean n\u1ec1n nh\u1eefng l\u1edbp lang \u0111an caro d\u00e0y \u0111\u1eb7t &#8211; bi\u1ec3u tr\u01b0ng h\u00ecnh \u1ea3nh l\u01b0\u1edbi b\u1eaft c\u00e1 c\u1ee7a ng\u01b0 d\u00e2n.<\/p>\n","protected":false},"excerpt":{"rendered":"<p>Ch\u1ea5t li\u1ec7u: S\u01a1n d\u1ea7u K\u00edch th\u01b0\u1edbc: 80 cm x 100 cm N\u0103m s\u00e1ng t\u00e1c: 2023 Ng\u01b0\u1eddi Vi\u1ec7t x\u01b0a s\u1ed1ng t\u1ea1i v\u00f9ng s\u00f4ng n\u01b0\u1edbc n\u00ean ngo\u00e0i c\u00e1c lo\u00e0i chim, t\u1eeb x\u01b0a h\u1ecd \u0111\u00e3 t\u00f4n s\u00f9ng c\u00e1 s\u1ea5u nh\u01b0 m\u1ed9t con v\u1eadt linh thi\u00eang, v\u00ec ch\u00fang \u0111\u1ea1i di\u1ec7n cho s\u1ef1 tr\u00f9 ph\u00fa v\u00e0 s\u1ee9c m\u1ea1nh. V\u00e0m Nao, [&hellip;]<\/p>\n","protected":false},"featured_media":1399,"comment_status":"open","ping_status":"closed","template":"","meta":{"_eb_attr":""},"product_brand":[],"product_cat":[38],"product_tag":[],"class_list":{"0":"post-1398","1":"product","2":"type-product","3":"status-publish","4":"has-post-thumbnail","6":"product_cat-phat-ngu-tu-linh","8":"first","9":"instock","10":"shipping-taxable","11":"product-type-simple"},"jetpack_sharing_enabled":true,"_links":{"self":[{"href":"https:\/\/nguyenthanhvu.com\/vi\/wp-json\/wp\/v2\/product\/1398","targetHints":{"allow":["GET"]}}],"collection":[{"href":"https:\/\/nguyenthanhvu.com\/vi\/wp-json\/wp\/v2\/product"}],"about":[{"href":"https:\/\/nguyenthanhvu.com\/vi\/wp-json\/wp\/v2\/types\/product"}],"replies":[{"embeddable":true,"href":"https:\/\/nguyenthanhvu.com\/vi\/wp-json\/wp\/v2\/comments?post=1398"}],"wp:featuredmedia":[{"embeddable":true,"href":"https:\/\/nguyenthanhvu.com\/vi\/wp-json\/wp\/v2\/media\/1399"}],"wp:attachment":[{"href":"https:\/\/nguyenthanhvu.com\/vi\/wp-json\/wp\/v2\/media?parent=1398"}],"wp:term":[{"taxonomy":"product_brand","embeddable":true,"href":"https:\/\/nguyenthanhvu.com\/vi\/wp-json\/wp\/v2\/product_brand?post=1398"},{"taxonomy":"product_cat","embeddable":true,"href":"https:\/\/nguyenthanhvu.com\/vi\/wp-json\/wp\/v2\/product_cat?post=1398"},{"taxonomy":"product_tag","embeddable":true,"href":"https:\/\/nguyenthanhvu.com\/vi\/wp-json\/wp\/v2\/product_tag?post=1398"}],"curies":[{"name":"wp","href":"https:\/\/api.w.org\/{rel}","templated":true}]}}