{"id":1404,"date":"2024-02-19T23:41:58","date_gmt":"2024-02-19T16:41:58","guid":{"rendered":"https:\/\/nguyenthanhvu.com\/?post_type=product&#038;p=1404"},"modified":"2026-02-05T17:15:08","modified_gmt":"2026-02-05T10:15:08","slug":"ho-tien","status":"publish","type":"product","link":"https:\/\/nguyenthanhvu.com\/vi\/san-pham\/ho-tien\/","title":{"rendered":"H\u1ed3 ti\u00ean"},"content":{"rendered":"<div class=\"pvc_clear\"><\/div>\n<p id=\"pvc_stats_1404\" class=\"pvc_stats total_only  \" data-element-id=\"1404\" style=\"\"><i class=\"pvc-stats-icon medium\" aria-hidden=\"true\"><svg xmlns=\"http:\/\/www.w3.org\/2000\/svg\" version=\"1.0\" viewBox=\"0 0 502 315\" preserveAspectRatio=\"xMidYMid meet\"><g transform=\"translate(0,332) scale(0.1,-0.1)\" fill=\"\" stroke=\"none\"><path d=\"M2394 3279 l-29 -30 -3 -207 c-2 -182 0 -211 15 -242 39 -76 157 -76 196 0 15 31 17 60 15 243 l-3 209 -33 29 c-26 23 -41 29 -80 29 -41 0 -53 -5 -78 -31z\"\/><path d=\"M3085 3251 c-45 -19 -58 -50 -96 -229 -47 -217 -49 -260 -13 -295 52 -53 146 -42 177 20 16 31 87 366 87 410 0 70 -86 122 -155 94z\"\/><path d=\"M1751 3234 c-13 -9 -29 -31 -37 -50 -12 -29 -10 -49 21 -204 19 -94 39 -189 45 -210 14 -50 54 -80 110 -80 34 0 48 6 76 34 21 21 34 44 34 59 0 14 -18 113 -40 219 -37 178 -43 195 -70 221 -36 32 -101 37 -139 11z\"\/><path d=\"M1163 3073 c-36 -7 -73 -59 -73 -102 0 -56 133 -378 171 -413 34 -32 83 -37 129 -13 70 36 67 87 -16 290 -86 209 -89 214 -129 231 -35 14 -42 15 -82 7z\"\/><path d=\"M3689 3066 c-15 -9 -33 -30 -42 -48 -48 -103 -147 -355 -147 -375 0 -98 131 -148 192 -74 13 15 57 108 97 206 80 196 84 226 37 273 -30 30 -99 39 -137 18z\"\/><path d=\"M583 2784 c-38 -19 -67 -74 -58 -113 9 -42 211 -354 242 -373 16 -10 45 -18 66 -18 51 0 107 52 107 100 0 39 -1 41 -124 234 -80 126 -108 162 -133 173 -41 17 -61 16 -100 -3z\"\/><path d=\"M4250 2784 c-14 -9 -74 -91 -133 -183 -95 -150 -107 -173 -107 -213 0 -55 33 -94 87 -104 67 -13 90 8 211 198 130 202 137 225 78 284 -27 27 -42 34 -72 34 -22 0 -50 -8 -64 -16z\"\/><path d=\"M2275 2693 c-553 -48 -1095 -270 -1585 -649 -135 -104 -459 -423 -483 -476 -23 -49 -22 -139 2 -186 73 -142 361 -457 571 -626 285 -228 642 -407 990 -497 242 -63 336 -73 660 -74 310 0 370 5 595 52 535 111 1045 392 1455 803 122 121 250 273 275 326 19 41 19 137 0 174 -41 79 -309 363 -465 492 -447 370 -946 591 -1479 653 -113 14 -422 18 -536 8z m395 -428 c171 -34 330 -124 456 -258 112 -119 167 -219 211 -378 27 -96 24 -300 -5 -401 -72 -255 -236 -447 -474 -557 -132 -62 -201 -76 -368 -76 -167 0 -236 14 -368 76 -213 98 -373 271 -451 485 -162 444 86 934 547 1084 153 49 292 57 452 25z m909 -232 c222 -123 408 -262 593 -441 76 -74 138 -139 138 -144 0 -16 -233 -242 -330 -319 -155 -123 -309 -223 -461 -299 l-81 -41 32 46 c18 26 49 83 70 128 143 306 141 649 -6 957 -25 52 -61 116 -79 142 l-34 47 45 -20 c26 -10 76 -36 113 -56z m-2057 25 c-40 -58 -105 -190 -130 -263 -110 -324 -59 -707 132 -981 25 -35 42 -64 37 -64 -19 0 -241 119 -326 174 -188 122 -406 314 -532 468 l-58 71 108 103 c185 178 428 349 672 473 66 33 121 60 123 61 2 0 -10 -19 -26 -42z\"\/><path d=\"M2375 1950 c-198 -44 -350 -190 -395 -379 -18 -76 -8 -221 19 -290 114 -284 457 -406 731 -260 98 52 188 154 231 260 27 69 37 214 19 290 -38 163 -166 304 -326 360 -67 23 -215 33 -279 19z\"\/><\/g><\/svg><\/i> <img decoding=\"async\" width=\"16\" height=\"16\" alt=\"Loading\" src=\"https:\/\/nguyenthanhvu.com\/wp-content\/plugins\/page-views-count\/ajax-loader-2x.gif\" border=0 \/><\/p>\n<div class=\"pvc_clear\"><\/div>\n<ul>\n<li><strong>Ch\u1ea5t li\u1ec7u:<\/strong> S\u01a1n d\u1ea7u<\/li>\n<li><strong>K\u00edch th\u01b0\u1edbc:<\/strong> 80 cm x 100 cm<\/li>\n<li><strong>N\u0103m s\u00e1ng t\u00e1c:<\/strong> 2023<\/li>\n<\/ul>\n<p>Trong v\u0103n h\u00f3a d\u00e2n gian Vi\u1ec7t Nam, c\u00e1o \u0111\u00e3 xu\u1ea5t hi\u1ec7n t\u1eeb thu\u1edf l\u1eadp N\u01b0\u1edbc nh\u1eefng ng\u00e0y \u0111\u1ea7u. Nh\u1eefng giai tho\u1ea1i v\u1ec1 c\u00e1o hay H\u1ed3 ti\u00ean ( c\u00e1o th\u00e0nh tinh ) \u0111\u00e3 kh\u00f4ng c\u00f2n xa l\u1ea1 v\u1edbi con ng\u01b0\u1eddi.<\/p>\n<p>X\u00e9t \u1edf m\u1ed9t v\u00e0i kh\u00eda c\u1ea1nh, h\u1ed3 ti\u00ean l\u00e0 th\u1ea7n b\u1ea3o tr\u1ee3 cho d\u00e2n l\u00e0ng khai hoang l\u1eadp nghi\u1ec7p v\u00e0 \u0111\u01b0\u1ee3c l\u1eadp mi\u1ebfu th\u1edd ph\u1ee5ng ( mi\u1ebfu H\u00e0m Trung, \u0110\u00e0 N\u1eb5ng ). C\u0169ng m\u1ed9t giai tho\u1ea1i kh\u00e1c, h\u1ed3 ti\u00ean g\u00f3p s\u1ee9c ph\u00f9 tr\u1ee3 cho binh t\u01b0\u1edbng nh\u00e0 Tr\u1ea7n ch\u1ed1ng gi\u1eb7c ngo\u1ea1i x\u00e2m, huy\u1ec1n thu\u1eadt hay vu thu\u1eadt ch\u1eb3ng ph\u1ea3i l\u00e0 m\u1ed9t \u0111i\u1ec1u xa l\u1ea1 l\u00fac b\u1ea5y gi\u1edd.<\/p>\n<p>B\u1ee9c tranh H\u1ed3 ti\u00ean \u0111\u01b0\u1ee3c v\u1ebd d\u1ef1a tr\u00ean truy\u1ec1n thuy\u1ebft c\u1eefu v\u1ef9 linh h\u1ed3, lu\u00f4n xu\u1ea5t hi\u1ec7n b\u00ean c\u1ea1nh ch\u00e2n long (c\u1ee5 th\u1ec3 nh\u00e0 Tr\u1ea7n ) nh\u01b0 m\u1ed9t c\u00e1nh tay \u0111\u1eafc l\u1ef1c trong binh chi\u1ebfn v\u00e0 l\u1eadp N\u01b0\u1edbc, v\u00ed nh\u01b0 d\u00e2n gian c\u00f3 c\u00e2u:<\/p>\n<p>\u0110\u1ea1o n\u00e0o b\u1eb1ng \u0111\u1ea1o phu th\u00ea<\/p>\n<p>Tay \u1ea5p, m\u00e1 k\u1ec1, sinh t\u1eed c\u00f3 nhau<\/p>\n","protected":false},"excerpt":{"rendered":"<p>Ch\u1ea5t li\u1ec7u: S\u01a1n d\u1ea7u K\u00edch th\u01b0\u1edbc: 80 cm x 100 cm N\u0103m s\u00e1ng t\u00e1c: 2023 Trong v\u0103n h\u00f3a d\u00e2n gian Vi\u1ec7t Nam, c\u00e1o \u0111\u00e3 xu\u1ea5t hi\u1ec7n t\u1eeb thu\u1edf l\u1eadp N\u01b0\u1edbc nh\u1eefng ng\u00e0y \u0111\u1ea7u. Nh\u1eefng giai tho\u1ea1i v\u1ec1 c\u00e1o hay H\u1ed3 ti\u00ean ( c\u00e1o th\u00e0nh tinh ) \u0111\u00e3 kh\u00f4ng c\u00f2n xa l\u1ea1 v\u1edbi con ng\u01b0\u1eddi. X\u00e9t [&hellip;]<\/p>\n","protected":false},"featured_media":1405,"comment_status":"open","ping_status":"closed","template":"","meta":{"_eb_attr":""},"product_brand":[],"product_cat":[38],"product_tag":[],"class_list":{"0":"post-1404","1":"product","2":"type-product","3":"status-publish","4":"has-post-thumbnail","6":"product_cat-phat-ngu-tu-linh","8":"first","9":"outofstock","10":"shipping-taxable","11":"product-type-simple"},"jetpack_sharing_enabled":true,"_links":{"self":[{"href":"https:\/\/nguyenthanhvu.com\/vi\/wp-json\/wp\/v2\/product\/1404","targetHints":{"allow":["GET"]}}],"collection":[{"href":"https:\/\/nguyenthanhvu.com\/vi\/wp-json\/wp\/v2\/product"}],"about":[{"href":"https:\/\/nguyenthanhvu.com\/vi\/wp-json\/wp\/v2\/types\/product"}],"replies":[{"embeddable":true,"href":"https:\/\/nguyenthanhvu.com\/vi\/wp-json\/wp\/v2\/comments?post=1404"}],"wp:featuredmedia":[{"embeddable":true,"href":"https:\/\/nguyenthanhvu.com\/vi\/wp-json\/wp\/v2\/media\/1405"}],"wp:attachment":[{"href":"https:\/\/nguyenthanhvu.com\/vi\/wp-json\/wp\/v2\/media?parent=1404"}],"wp:term":[{"taxonomy":"product_brand","embeddable":true,"href":"https:\/\/nguyenthanhvu.com\/vi\/wp-json\/wp\/v2\/product_brand?post=1404"},{"taxonomy":"product_cat","embeddable":true,"href":"https:\/\/nguyenthanhvu.com\/vi\/wp-json\/wp\/v2\/product_cat?post=1404"},{"taxonomy":"product_tag","embeddable":true,"href":"https:\/\/nguyenthanhvu.com\/vi\/wp-json\/wp\/v2\/product_tag?post=1404"}],"curies":[{"name":"wp","href":"https:\/\/api.w.org\/{rel}","templated":true}]}}