{"id":1505,"date":"2024-05-24T16:14:07","date_gmt":"2024-05-24T09:14:07","guid":{"rendered":"https:\/\/nguyenthanhvu.com\/?post_type=product&#038;p=1505"},"modified":"2024-12-18T20:46:05","modified_gmt":"2024-12-18T13:46:05","slug":"disengaged","status":"publish","type":"product","link":"https:\/\/nguyenthanhvu.com\/vi\/san-pham\/disengaged\/","title":{"rendered":"Disengaged"},"content":{"rendered":"<div class=\"pvc_clear\"><\/div>\n<p id=\"pvc_stats_1505\" class=\"pvc_stats total_only  \" data-element-id=\"1505\" style=\"\"><i class=\"pvc-stats-icon medium\" aria-hidden=\"true\"><svg xmlns=\"http:\/\/www.w3.org\/2000\/svg\" version=\"1.0\" viewBox=\"0 0 502 315\" preserveAspectRatio=\"xMidYMid meet\"><g transform=\"translate(0,332) scale(0.1,-0.1)\" fill=\"\" stroke=\"none\"><path d=\"M2394 3279 l-29 -30 -3 -207 c-2 -182 0 -211 15 -242 39 -76 157 -76 196 0 15 31 17 60 15 243 l-3 209 -33 29 c-26 23 -41 29 -80 29 -41 0 -53 -5 -78 -31z\"\/><path d=\"M3085 3251 c-45 -19 -58 -50 -96 -229 -47 -217 -49 -260 -13 -295 52 -53 146 -42 177 20 16 31 87 366 87 410 0 70 -86 122 -155 94z\"\/><path d=\"M1751 3234 c-13 -9 -29 -31 -37 -50 -12 -29 -10 -49 21 -204 19 -94 39 -189 45 -210 14 -50 54 -80 110 -80 34 0 48 6 76 34 21 21 34 44 34 59 0 14 -18 113 -40 219 -37 178 -43 195 -70 221 -36 32 -101 37 -139 11z\"\/><path d=\"M1163 3073 c-36 -7 -73 -59 -73 -102 0 -56 133 -378 171 -413 34 -32 83 -37 129 -13 70 36 67 87 -16 290 -86 209 -89 214 -129 231 -35 14 -42 15 -82 7z\"\/><path d=\"M3689 3066 c-15 -9 -33 -30 -42 -48 -48 -103 -147 -355 -147 -375 0 -98 131 -148 192 -74 13 15 57 108 97 206 80 196 84 226 37 273 -30 30 -99 39 -137 18z\"\/><path d=\"M583 2784 c-38 -19 -67 -74 -58 -113 9 -42 211 -354 242 -373 16 -10 45 -18 66 -18 51 0 107 52 107 100 0 39 -1 41 -124 234 -80 126 -108 162 -133 173 -41 17 -61 16 -100 -3z\"\/><path d=\"M4250 2784 c-14 -9 -74 -91 -133 -183 -95 -150 -107 -173 -107 -213 0 -55 33 -94 87 -104 67 -13 90 8 211 198 130 202 137 225 78 284 -27 27 -42 34 -72 34 -22 0 -50 -8 -64 -16z\"\/><path d=\"M2275 2693 c-553 -48 -1095 -270 -1585 -649 -135 -104 -459 -423 -483 -476 -23 -49 -22 -139 2 -186 73 -142 361 -457 571 -626 285 -228 642 -407 990 -497 242 -63 336 -73 660 -74 310 0 370 5 595 52 535 111 1045 392 1455 803 122 121 250 273 275 326 19 41 19 137 0 174 -41 79 -309 363 -465 492 -447 370 -946 591 -1479 653 -113 14 -422 18 -536 8z m395 -428 c171 -34 330 -124 456 -258 112 -119 167 -219 211 -378 27 -96 24 -300 -5 -401 -72 -255 -236 -447 -474 -557 -132 -62 -201 -76 -368 -76 -167 0 -236 14 -368 76 -213 98 -373 271 -451 485 -162 444 86 934 547 1084 153 49 292 57 452 25z m909 -232 c222 -123 408 -262 593 -441 76 -74 138 -139 138 -144 0 -16 -233 -242 -330 -319 -155 -123 -309 -223 -461 -299 l-81 -41 32 46 c18 26 49 83 70 128 143 306 141 649 -6 957 -25 52 -61 116 -79 142 l-34 47 45 -20 c26 -10 76 -36 113 -56z m-2057 25 c-40 -58 -105 -190 -130 -263 -110 -324 -59 -707 132 -981 25 -35 42 -64 37 -64 -19 0 -241 119 -326 174 -188 122 -406 314 -532 468 l-58 71 108 103 c185 178 428 349 672 473 66 33 121 60 123 61 2 0 -10 -19 -26 -42z\"\/><path d=\"M2375 1950 c-198 -44 -350 -190 -395 -379 -18 -76 -8 -221 19 -290 114 -284 457 -406 731 -260 98 52 188 154 231 260 27 69 37 214 19 290 -38 163 -166 304 -326 360 -67 23 -215 33 -279 19z\"\/><\/g><\/svg><\/i> <img decoding=\"async\" width=\"16\" height=\"16\" alt=\"Loading\" src=\"https:\/\/nguyenthanhvu.com\/wp-content\/plugins\/page-views-count\/ajax-loader-2x.gif\" border=0 \/><\/p>\n<div class=\"pvc_clear\"><\/div>\n<p><strong>Ch\u1ea5t li\u1ec7u:<\/strong> S\u01a1n d\u1ea7u<\/p>\n<p><strong>K\u00edch th\u01b0\u1edbc:<\/strong> 100 x 200 cm<\/p>\n<p><strong>N\u0103m s\u00e1ng t\u00e1c:<\/strong> 2024<\/p>\n<p>C\u0169ng \u0111\u00e3 m\u1ed9t th\u1eddi gian m\u00ecnh th\u1ef1c h\u00e0nh s\u1ef1 th\u1ea3nh th\u01a1i, \u0111\u1ec3 m\u1ecdi th\u1ee9 di\u1ec5n ra theo t\u1ef1 nhi\u00ean, v\u00e0 quan s\u00e1t, v\u00e0 c\u1ea3m nh\u1eadn t\u1eebng ch\u00fat t\u1eebng ch\u00fat.<\/p>\n<p>C\u0169ng \u0111\u00e3 m\u1ed9t th\u1eddi gian m\u00ecnh th\u1ef1c h\u00e0nh im l\u1eb7ng, \u0111\u1ec3 l\u1eafng nghe, \u0111\u1ec3 suy ngh\u0129, v\u00e0 vui hi\u1ec1n, v\u00e0 thong dong.<\/p>\n<p>Chia s\u1ebb &#8211; c\u00f3 \u0111\u00f4i khi ch\u01b0a k\u1ecbp n\u00f3i ra, \u0111\u00e3 th\u1ea5y nh\u1eb9 nh\u00e0ng \u0111i m\u1ea5t v\u00ec nh\u1edd c\u00f3 s\u1ef1 qu\u00e2n b\u00ecnh, v\u00ec nh\u1edd c\u00f3 tr\u1eddi v\u00e0 c\u00f3 m\u00e2y.<\/p>\n<p>M\u1ed7i giai \u0111o\u1ea1n, m\u00ecnh nh\u1eadn th\u1ea5y c\u1ea7n th\u00eam 1 \u0111i\u1ec1u th\u1ebf l\u00e0 l\u1ea1i ti\u1ebfp t\u1ee5c quan s\u00e1t v\u00e0 c\u1ea3m nh\u1eadn, s\u1ef1 th\u1ea3nh th\u01a1i c\u0169ng xu\u1ea5t hi\u1ec7n th\u01b0\u1eddng tr\u1ef1c h\u01a1n m\u00e0 ch\u1eb3ng c\u1ea7n g\u00e1n gh\u00e9p. M\u00ecnh l\u1ea1i bi\u1ebft th\u00eam 1 chuy\u1ec7n v\u00e0 b\u1edbt \u0111i nhi\u1ec1u \u01b0u phi\u1ec1n.<\/p>\n<p>L\u00fac n\u00e0o c\u0169ng v\u1eady, c\u1ee9 \u0111\u1ec3 m\u1ecdi th\u1ee9 thu\u1eadn theo t\u1ef1 nhi\u00ean.<\/p>\n","protected":false},"excerpt":{"rendered":"<p>Ch\u1ea5t li\u1ec7u: S\u01a1n d\u1ea7u K\u00edch th\u01b0\u1edbc: 100 x 200 cm N\u0103m s\u00e1ng t\u00e1c: 2024 C\u0169ng \u0111\u00e3 m\u1ed9t th\u1eddi gian m\u00ecnh th\u1ef1c h\u00e0nh s\u1ef1 th\u1ea3nh th\u01a1i, \u0111\u1ec3 m\u1ecdi th\u1ee9 di\u1ec5n ra theo t\u1ef1 nhi\u00ean, v\u00e0 quan s\u00e1t, v\u00e0 c\u1ea3m nh\u1eadn t\u1eebng ch\u00fat t\u1eebng ch\u00fat. C\u0169ng \u0111\u00e3 m\u1ed9t th\u1eddi gian m\u00ecnh th\u1ef1c h\u00e0nh im l\u1eb7ng, \u0111\u1ec3 l\u1eafng [&hellip;]<\/p>\n","protected":false},"featured_media":1508,"comment_status":"open","ping_status":"closed","template":"","meta":{"_eb_attr":""},"product_brand":[],"product_cat":[36],"product_tag":[],"class_list":{"0":"post-1505","1":"product","2":"type-product","3":"status-publish","4":"has-post-thumbnail","6":"product_cat-sunrise-and-sunset","8":"first","9":"instock","10":"shipping-taxable","11":"product-type-simple"},"jetpack_sharing_enabled":true,"_links":{"self":[{"href":"https:\/\/nguyenthanhvu.com\/vi\/wp-json\/wp\/v2\/product\/1505","targetHints":{"allow":["GET"]}}],"collection":[{"href":"https:\/\/nguyenthanhvu.com\/vi\/wp-json\/wp\/v2\/product"}],"about":[{"href":"https:\/\/nguyenthanhvu.com\/vi\/wp-json\/wp\/v2\/types\/product"}],"replies":[{"embeddable":true,"href":"https:\/\/nguyenthanhvu.com\/vi\/wp-json\/wp\/v2\/comments?post=1505"}],"wp:featuredmedia":[{"embeddable":true,"href":"https:\/\/nguyenthanhvu.com\/vi\/wp-json\/wp\/v2\/media\/1508"}],"wp:attachment":[{"href":"https:\/\/nguyenthanhvu.com\/vi\/wp-json\/wp\/v2\/media?parent=1505"}],"wp:term":[{"taxonomy":"product_brand","embeddable":true,"href":"https:\/\/nguyenthanhvu.com\/vi\/wp-json\/wp\/v2\/product_brand?post=1505"},{"taxonomy":"product_cat","embeddable":true,"href":"https:\/\/nguyenthanhvu.com\/vi\/wp-json\/wp\/v2\/product_cat?post=1505"},{"taxonomy":"product_tag","embeddable":true,"href":"https:\/\/nguyenthanhvu.com\/vi\/wp-json\/wp\/v2\/product_tag?post=1505"}],"curies":[{"name":"wp","href":"https:\/\/api.w.org\/{rel}","templated":true}]}}