{"id":1609,"date":"2024-12-03T09:32:58","date_gmt":"2024-12-03T02:32:58","guid":{"rendered":"https:\/\/nguyenthanhvu.com\/?post_type=product&#038;p=1609"},"modified":"2024-12-18T21:25:50","modified_gmt":"2024-12-18T14:25:50","slug":"awareness","status":"publish","type":"product","link":"https:\/\/nguyenthanhvu.com\/vi\/san-pham\/awareness\/","title":{"rendered":"Awareness"},"content":{"rendered":"<div class=\"pvc_clear\"><\/div>\n<p id=\"pvc_stats_1609\" class=\"pvc_stats total_only  \" data-element-id=\"1609\" style=\"\"><i class=\"pvc-stats-icon medium\" aria-hidden=\"true\"><svg xmlns=\"http:\/\/www.w3.org\/2000\/svg\" version=\"1.0\" viewBox=\"0 0 502 315\" preserveAspectRatio=\"xMidYMid meet\"><g transform=\"translate(0,332) scale(0.1,-0.1)\" fill=\"\" stroke=\"none\"><path d=\"M2394 3279 l-29 -30 -3 -207 c-2 -182 0 -211 15 -242 39 -76 157 -76 196 0 15 31 17 60 15 243 l-3 209 -33 29 c-26 23 -41 29 -80 29 -41 0 -53 -5 -78 -31z\"\/><path d=\"M3085 3251 c-45 -19 -58 -50 -96 -229 -47 -217 -49 -260 -13 -295 52 -53 146 -42 177 20 16 31 87 366 87 410 0 70 -86 122 -155 94z\"\/><path d=\"M1751 3234 c-13 -9 -29 -31 -37 -50 -12 -29 -10 -49 21 -204 19 -94 39 -189 45 -210 14 -50 54 -80 110 -80 34 0 48 6 76 34 21 21 34 44 34 59 0 14 -18 113 -40 219 -37 178 -43 195 -70 221 -36 32 -101 37 -139 11z\"\/><path d=\"M1163 3073 c-36 -7 -73 -59 -73 -102 0 -56 133 -378 171 -413 34 -32 83 -37 129 -13 70 36 67 87 -16 290 -86 209 -89 214 -129 231 -35 14 -42 15 -82 7z\"\/><path d=\"M3689 3066 c-15 -9 -33 -30 -42 -48 -48 -103 -147 -355 -147 -375 0 -98 131 -148 192 -74 13 15 57 108 97 206 80 196 84 226 37 273 -30 30 -99 39 -137 18z\"\/><path d=\"M583 2784 c-38 -19 -67 -74 -58 -113 9 -42 211 -354 242 -373 16 -10 45 -18 66 -18 51 0 107 52 107 100 0 39 -1 41 -124 234 -80 126 -108 162 -133 173 -41 17 -61 16 -100 -3z\"\/><path d=\"M4250 2784 c-14 -9 -74 -91 -133 -183 -95 -150 -107 -173 -107 -213 0 -55 33 -94 87 -104 67 -13 90 8 211 198 130 202 137 225 78 284 -27 27 -42 34 -72 34 -22 0 -50 -8 -64 -16z\"\/><path d=\"M2275 2693 c-553 -48 -1095 -270 -1585 -649 -135 -104 -459 -423 -483 -476 -23 -49 -22 -139 2 -186 73 -142 361 -457 571 -626 285 -228 642 -407 990 -497 242 -63 336 -73 660 -74 310 0 370 5 595 52 535 111 1045 392 1455 803 122 121 250 273 275 326 19 41 19 137 0 174 -41 79 -309 363 -465 492 -447 370 -946 591 -1479 653 -113 14 -422 18 -536 8z m395 -428 c171 -34 330 -124 456 -258 112 -119 167 -219 211 -378 27 -96 24 -300 -5 -401 -72 -255 -236 -447 -474 -557 -132 -62 -201 -76 -368 -76 -167 0 -236 14 -368 76 -213 98 -373 271 -451 485 -162 444 86 934 547 1084 153 49 292 57 452 25z m909 -232 c222 -123 408 -262 593 -441 76 -74 138 -139 138 -144 0 -16 -233 -242 -330 -319 -155 -123 -309 -223 -461 -299 l-81 -41 32 46 c18 26 49 83 70 128 143 306 141 649 -6 957 -25 52 -61 116 -79 142 l-34 47 45 -20 c26 -10 76 -36 113 -56z m-2057 25 c-40 -58 -105 -190 -130 -263 -110 -324 -59 -707 132 -981 25 -35 42 -64 37 -64 -19 0 -241 119 -326 174 -188 122 -406 314 -532 468 l-58 71 108 103 c185 178 428 349 672 473 66 33 121 60 123 61 2 0 -10 -19 -26 -42z\"\/><path d=\"M2375 1950 c-198 -44 -350 -190 -395 -379 -18 -76 -8 -221 19 -290 114 -284 457 -406 731 -260 98 52 188 154 231 260 27 69 37 214 19 290 -38 163 -166 304 -326 360 -67 23 -215 33 -279 19z\"\/><\/g><\/svg><\/i> <img decoding=\"async\" width=\"16\" height=\"16\" alt=\"Loading\" src=\"https:\/\/nguyenthanhvu.com\/wp-content\/plugins\/page-views-count\/ajax-loader-2x.gif\" border=0 \/><\/p>\n<div class=\"pvc_clear\"><\/div>\n<ul>\n<li><strong>Ch\u1ea5t li\u1ec7u:<\/strong>\u00a0S\u01a1n d\u1ea7u<\/li>\n<li><strong>K\u00edch th\u01b0\u1edbc:<\/strong> 140 cm x 240 cm<\/li>\n<li><strong>N\u0103m s\u00e1ng t\u00e1c:<\/strong>\u00a02024Bi\u1ec3n v\u00e0 m\u00e2y tr\u1eddi l\u00e0 2 \u0111\u1ec1 t\u00e0i m\u00ecnh lu\u00f4n s\u1eed d\u1ee5ng \u0111\u1ec3 khai th\u00e1c n\u1ed9i t\u00e2m con ng\u01b0\u1eddi, \u0111i\u1ec1u n\u00e0y ch\u1eb3ng c\u00f2n xa l\u1ea1 v\u1edbi c\u00e1i t\u00ean #nguyenthanhvu\n<p>Bi\u1ec3n \u0111\u1eb7c, tr\u1eddi r\u1ed7ng; 1 xoay chuy\u1ec3n tu\u1ea7n ho\u00e0n, 1 v\u1eefng v\u00e0ng h\u00e0i h\u00f2a thu\u1eadn theo c\u00e1i c\u00e1ch ng\u01b0\u1eddi ta xem con ng\u01b0\u1eddi l\u00e0 1 ti\u1ec3u v\u0169 tr\u1ee5, dung h\u00f2a \u00e2m \u2013 d\u01b0\u01a1ng; 1 t\u1ef1 do ph\u00f3ng kho\u00e1ng, 1 v\u1eefng ch\u00e3i b\u1ea5t t\u1eadn; m\u00ecnh th\u00ec nh\u1ecf b\u00e9, m\u1ecdi t\u00e2m t\u01b0, m\u1ecdi \u00fd ng\u1eabm, m\u1ecdi l\u00ed l\u1ebd \u0111\u1ec1u c\u00f3 th\u1ec3 c\u00f9ng bi\u1ec3n v\u00e0 m\u00e2y tr\u1eddi th\u1ee5 c\u1ea3m.<\/p>\n<p>S\u1ef1 s\u1ed1ng l\u00e0 1 \u0111i\u1ec1u phi th\u01b0\u1eddng, d\u1eabu v\u1eady \u201c b\u00ecnh th\u01b0\u1eddng\u201d l\u1ea1i l\u00e0 ph\u1ea9m c\u00e1ch m\u00e0 ph\u1ea3i phi ph\u01b0\u1eddng \u0111\u1ec3 \u0111\u1ea1t \u0111\u01b0\u1ee3c. M\u00e2y nhi\u1ec1u t\u1ea7ng, bi\u1ec3n nhi\u1ec1u l\u1edbp s\u00f3ng, c\u00e0ng b\u00f3c t\u00e1ch \u0111\u00e0o s\u00e2u l\u1ea1i c\u00e0ng th\u1ea9m th\u1ea5u gi\u1eefa bi\u1ec3n ng\u01b0\u1eddi m\u00eanh m\u00f4ng, c\u00f9ng 1 c\u1ea3nh \u00fd, nh\u00ecn xa tr\u00f4ng r\u1ed9ng hay nh\u00ecn g\u1ea7n s\u0103m soi \u0111\u00e3 th\u1ea5y kh\u00e1c nhau.<\/p>\n<p>Con ng\u01b0\u1eddi ngh\u0129 \u0111\u01a1n gi\u1ea3n th\u00ec \u0111\u01a1n gi\u1ea3n, ngh\u0129 ph\u1ee9c t\u1ea1p s\u1ebd ph\u1ee9c t\u1ea1p, v\u01b0\u1ee3t qua t\u1eebng l\u1edbp lang s\u00f3ng c\u0169ng nh\u01b0 s\u1ef1 tranh \u0111\u1ea5u \u1edf b\u00ean trong, trong l\u00f2ng, \u00a0\u0111\u1ec3 khi b\u01b0\u1edbc qua 1 \u1ea3i, \u0111\u00e3 th\u1ea5y tr\u1eddi cao bi\u1ec3n r\u1ed9ng, m\u00eanh m\u00f4ng, hi\u1ec1n h\u00f2a.<\/p>\n<p>Ch\u1ec9 mong \u0111\u1eebng ai b\u1ecf cu\u1ed9c, m\u1ecdi s\u1ef1 n\u1ed7 l\u1ef1c ch\u01b0a bao gi\u1edd v\u00f4 \u00edch. Ph\u1ea3i \u201ckh\u1ed5 t\u1eadn\u201d th\u00ec m\u1edbi\u00a0 \u201ccam lai\u201d.<\/p>\n<p>&nbsp;<\/li>\n<\/ul>\n","protected":false},"excerpt":{"rendered":"<p>Ch\u1ea5t li\u1ec7u:\u00a0S\u01a1n d\u1ea7u K\u00edch th\u01b0\u1edbc: 140 cm x 240 cm N\u0103m s\u00e1ng t\u00e1c:\u00a02024Bi\u1ec3n v\u00e0 m\u00e2y tr\u1eddi l\u00e0 2 \u0111\u1ec1 t\u00e0i m\u00ecnh lu\u00f4n s\u1eed d\u1ee5ng \u0111\u1ec3 khai th\u00e1c n\u1ed9i t\u00e2m con ng\u01b0\u1eddi, \u0111i\u1ec1u n\u00e0y ch\u1eb3ng c\u00f2n xa l\u1ea1 v\u1edbi c\u00e1i t\u00ean #nguyenthanhvu Bi\u1ec3n \u0111\u1eb7c, tr\u1eddi r\u1ed7ng; 1 xoay chuy\u1ec3n tu\u1ea7n ho\u00e0n, 1 v\u1eefng v\u00e0ng h\u00e0i h\u00f2a [&hellip;]<\/p>\n","protected":false},"featured_media":1610,"comment_status":"open","ping_status":"closed","template":"","meta":{"_eb_attr":""},"product_brand":[],"product_cat":[36],"product_tag":[],"class_list":{"0":"post-1609","1":"product","2":"type-product","3":"status-publish","4":"has-post-thumbnail","6":"product_cat-sunrise-and-sunset","8":"first","9":"outofstock","10":"shipping-taxable","11":"product-type-simple"},"jetpack_sharing_enabled":true,"_links":{"self":[{"href":"https:\/\/nguyenthanhvu.com\/vi\/wp-json\/wp\/v2\/product\/1609","targetHints":{"allow":["GET"]}}],"collection":[{"href":"https:\/\/nguyenthanhvu.com\/vi\/wp-json\/wp\/v2\/product"}],"about":[{"href":"https:\/\/nguyenthanhvu.com\/vi\/wp-json\/wp\/v2\/types\/product"}],"replies":[{"embeddable":true,"href":"https:\/\/nguyenthanhvu.com\/vi\/wp-json\/wp\/v2\/comments?post=1609"}],"wp:featuredmedia":[{"embeddable":true,"href":"https:\/\/nguyenthanhvu.com\/vi\/wp-json\/wp\/v2\/media\/1610"}],"wp:attachment":[{"href":"https:\/\/nguyenthanhvu.com\/vi\/wp-json\/wp\/v2\/media?parent=1609"}],"wp:term":[{"taxonomy":"product_brand","embeddable":true,"href":"https:\/\/nguyenthanhvu.com\/vi\/wp-json\/wp\/v2\/product_brand?post=1609"},{"taxonomy":"product_cat","embeddable":true,"href":"https:\/\/nguyenthanhvu.com\/vi\/wp-json\/wp\/v2\/product_cat?post=1609"},{"taxonomy":"product_tag","embeddable":true,"href":"https:\/\/nguyenthanhvu.com\/vi\/wp-json\/wp\/v2\/product_tag?post=1609"}],"curies":[{"name":"wp","href":"https:\/\/api.w.org\/{rel}","templated":true}]}}