{"id":1671,"date":"2025-08-07T23:03:35","date_gmt":"2025-08-07T16:03:35","guid":{"rendered":"https:\/\/nguyenthanhvu.com\/?post_type=product&#038;p=1671"},"modified":"2025-12-05T22:09:04","modified_gmt":"2025-12-05T15:09:04","slug":"hoang-sinh","status":"publish","type":"product","link":"https:\/\/nguyenthanhvu.com\/vi\/san-pham\/hoang-sinh\/","title":{"rendered":"Ho\u00e0ng Sinh"},"content":{"rendered":"<div class=\"pvc_clear\"><\/div>\n<p id=\"pvc_stats_1671\" class=\"pvc_stats total_only  \" data-element-id=\"1671\" style=\"\"><i class=\"pvc-stats-icon medium\" aria-hidden=\"true\"><svg xmlns=\"http:\/\/www.w3.org\/2000\/svg\" version=\"1.0\" viewBox=\"0 0 502 315\" preserveAspectRatio=\"xMidYMid meet\"><g transform=\"translate(0,332) scale(0.1,-0.1)\" fill=\"\" stroke=\"none\"><path d=\"M2394 3279 l-29 -30 -3 -207 c-2 -182 0 -211 15 -242 39 -76 157 -76 196 0 15 31 17 60 15 243 l-3 209 -33 29 c-26 23 -41 29 -80 29 -41 0 -53 -5 -78 -31z\"\/><path d=\"M3085 3251 c-45 -19 -58 -50 -96 -229 -47 -217 -49 -260 -13 -295 52 -53 146 -42 177 20 16 31 87 366 87 410 0 70 -86 122 -155 94z\"\/><path d=\"M1751 3234 c-13 -9 -29 -31 -37 -50 -12 -29 -10 -49 21 -204 19 -94 39 -189 45 -210 14 -50 54 -80 110 -80 34 0 48 6 76 34 21 21 34 44 34 59 0 14 -18 113 -40 219 -37 178 -43 195 -70 221 -36 32 -101 37 -139 11z\"\/><path d=\"M1163 3073 c-36 -7 -73 -59 -73 -102 0 -56 133 -378 171 -413 34 -32 83 -37 129 -13 70 36 67 87 -16 290 -86 209 -89 214 -129 231 -35 14 -42 15 -82 7z\"\/><path d=\"M3689 3066 c-15 -9 -33 -30 -42 -48 -48 -103 -147 -355 -147 -375 0 -98 131 -148 192 -74 13 15 57 108 97 206 80 196 84 226 37 273 -30 30 -99 39 -137 18z\"\/><path d=\"M583 2784 c-38 -19 -67 -74 -58 -113 9 -42 211 -354 242 -373 16 -10 45 -18 66 -18 51 0 107 52 107 100 0 39 -1 41 -124 234 -80 126 -108 162 -133 173 -41 17 -61 16 -100 -3z\"\/><path d=\"M4250 2784 c-14 -9 -74 -91 -133 -183 -95 -150 -107 -173 -107 -213 0 -55 33 -94 87 -104 67 -13 90 8 211 198 130 202 137 225 78 284 -27 27 -42 34 -72 34 -22 0 -50 -8 -64 -16z\"\/><path d=\"M2275 2693 c-553 -48 -1095 -270 -1585 -649 -135 -104 -459 -423 -483 -476 -23 -49 -22 -139 2 -186 73 -142 361 -457 571 -626 285 -228 642 -407 990 -497 242 -63 336 -73 660 -74 310 0 370 5 595 52 535 111 1045 392 1455 803 122 121 250 273 275 326 19 41 19 137 0 174 -41 79 -309 363 -465 492 -447 370 -946 591 -1479 653 -113 14 -422 18 -536 8z m395 -428 c171 -34 330 -124 456 -258 112 -119 167 -219 211 -378 27 -96 24 -300 -5 -401 -72 -255 -236 -447 -474 -557 -132 -62 -201 -76 -368 -76 -167 0 -236 14 -368 76 -213 98 -373 271 -451 485 -162 444 86 934 547 1084 153 49 292 57 452 25z m909 -232 c222 -123 408 -262 593 -441 76 -74 138 -139 138 -144 0 -16 -233 -242 -330 -319 -155 -123 -309 -223 -461 -299 l-81 -41 32 46 c18 26 49 83 70 128 143 306 141 649 -6 957 -25 52 -61 116 -79 142 l-34 47 45 -20 c26 -10 76 -36 113 -56z m-2057 25 c-40 -58 -105 -190 -130 -263 -110 -324 -59 -707 132 -981 25 -35 42 -64 37 -64 -19 0 -241 119 -326 174 -188 122 -406 314 -532 468 l-58 71 108 103 c185 178 428 349 672 473 66 33 121 60 123 61 2 0 -10 -19 -26 -42z\"\/><path d=\"M2375 1950 c-198 -44 -350 -190 -395 -379 -18 -76 -8 -221 19 -290 114 -284 457 -406 731 -260 98 52 188 154 231 260 27 69 37 214 19 290 -38 163 -166 304 -326 360 -67 23 -215 33 -279 19z\"\/><\/g><\/svg><\/i> <img decoding=\"async\" width=\"16\" height=\"16\" alt=\"Loading\" src=\"https:\/\/nguyenthanhvu.com\/wp-content\/plugins\/page-views-count\/ajax-loader-2x.gif\" border=0 \/><\/p>\n<div class=\"pvc_clear\"><\/div>\n<ul>\n<li><strong>T\u00e1c gi\u1ea3:<\/strong> Nguy\u1ec5n Thanh V\u0169<\/li>\n<li><strong>Ch\u1ea5t li\u1ec7u:<\/strong> S\u01a1n d\u1ea7u tr\u00ean v\u1ea3i<\/li>\n<li><strong>K\u00edch th\u01b0\u1edbc:<\/strong> 80 x 120cm<\/li>\n<li><strong>N\u0103m s\u00e1ng t\u00e1c:<\/strong> 2025<\/li>\n<\/ul>\n<p>C\u00f3 nh\u1eefng n\u1ed7i l\u00f2ng\u2026 kh\u00f4ng c\u1ea7n ph\u1ea3i k\u1ec3 cho c\u1ea3 th\u1ebf gi\u1edbi nghe.<br \/>\nNh\u01b0 ti\u1ebfng th\u1edf d\u00e0i m\u1eafc k\u1eb9t trong c\u1ed5 h\u1ecdng.<br \/>\nNh\u01b0 nh\u1eefng gi\u1ea5c m\u01a1 b\u1ecb v\u00f2 nh\u00e0u trong \u0111\u00eam khuya.<br \/>\nHay nh\u1eefng l\u1ea7n nu\u1ed1t ng\u01b0\u1ee3c v\u00e0o trong s\u1ef1 t\u1ee7i th\u00e2n, u\u1ea5t \u1ee9c, kh\u00f4ng cam l\u00f2ng<\/p>\n<p>M\u1ed9t cu\u1ed9c tu h\u00e0nh l\u1eb7ng l\u1ebd.<\/p>\n<p>Thay v\u00ec t\u00ecm ki\u1ebfm s\u1ef1 th\u1ea5u hi\u1ec3u n\u01a1i \u0111\u00e1m \u0111\u00f4ng \u1ed3n \u00e0o chi b\u1eb1ng h\u1ecdc c\u00e1ch \u0111\u1ed1i di\u1ec7n v\u1edbi ch\u00ednh m\u00ecnh trong nh\u1eefng kho\u1ea3ng l\u1eb7ng. V\u00e0 \u00f4m l\u1ea5y b\u1ea3n th\u00e2n m\u1ed9t c\u00e1ch th\u1eadt ch\u00e2n th\u00e0nh.<br \/>\nTr\u00ean \u0111\u1eddi n\u00e0y, ch\u1eb3ng c\u00f3 hai cu\u1ed9c \u0111\u1eddi n\u00e0o tr\u00f9ng kh\u1edbp ho\u00e0n to\u00e0n.<br \/>\nM\u1ed7i ng\u01b0\u1eddi l\u00e0 m\u1ed9t ng\u00f4i sao \u2013 v\u00e0 m\u1ed7i ng\u00f4i sao c\u00f3 qu\u1ef9 \u0111\u1ea1o ri\u00eang.<br \/>\nGi\u00e1 tr\u1ecb c\u1ee7a cu\u1ed9c \u0111\u1eddi kh\u00f4ng n\u1eb1m trong \u00e1nh m\u1eaft \u0111\u00e1nh gi\u00e1 c\u1ee7a ng\u01b0\u1eddi kh\u00e1c.<\/p>\n<p>Th\u00e0nh c\u00f4ng, ch\u01b0a bao gi\u1edd l\u00e0 chuy\u1ec7n \u201ct\u1ef1 nhi\u00ean m\u00e0 c\u00f3\u201d.<br \/>\nN\u00f3 l\u00e0 k\u1ebft tinh c\u1ee7a v\u00f4 s\u1ed1 \u0111\u00eam ng\u00e0y n\u1ed7 l\u1ef1c, l\u00e0 s\u1ef1 ki\u00ean tr\u00ec \u0111\u1ebfn t\u1eadn c\u00f9ng, v\u00e0 l\u00e0 l\u00f2ng tin kh\u00f4ng bao gi\u1edd t\u1eaft.<br \/>\nM\u00ecnh kh\u00f4ng th\u1ec3 ki\u1ec3m so\u00e1t m\u1ecdi th\u1ee9, nh\u01b0ng m\u00ecnh lu\u00f4n c\u00f3 th\u1ec3 ki\u1ec3m so\u00e1t:<br \/>\ns\u1ef1 ch\u0103m ch\u1ec9 v\u00e0 ni\u1ec1m tin c\u1ee7a b\u1ea3n th\u00e2n<\/p>\n<p>Kh\u00f4ng c\u1ea7n ph\u1ea3i r\u1ef1c r\u1ee1 nh\u01b0 ai, ch\u1ec9 c\u1ea7n t\u1eebng ch\u00fat, t\u1eebng ch\u00fat m\u1ed9t t\u1ecfa s\u00e1ng theo c\u00e1ch c\u1ee7a ch\u00ednh m\u00ecnh, c\u0169ng \u0111\u00e3 \u0111\u1ee7 \u0111\u1ec3 \u1ea5m c\u1ea3 m\u1ed9t kho\u1ea3ng tr\u1eddi r\u1ed3i.<\/p>\n","protected":false},"excerpt":{"rendered":"<p>T\u00e1c gi\u1ea3: Nguy\u1ec5n Thanh V\u0169 Ch\u1ea5t li\u1ec7u: S\u01a1n d\u1ea7u tr\u00ean v\u1ea3i K\u00edch th\u01b0\u1edbc: 80 x 120cm N\u0103m s\u00e1ng t\u00e1c: 2025 C\u00f3 nh\u1eefng n\u1ed7i l\u00f2ng\u2026 kh\u00f4ng c\u1ea7n ph\u1ea3i k\u1ec3 cho c\u1ea3 th\u1ebf gi\u1edbi nghe. Nh\u01b0 ti\u1ebfng th\u1edf d\u00e0i m\u1eafc k\u1eb9t trong c\u1ed5 h\u1ecdng. Nh\u01b0 nh\u1eefng gi\u1ea5c m\u01a1 b\u1ecb v\u00f2 nh\u00e0u trong \u0111\u00eam khuya. Hay nh\u1eefng l\u1ea7n [&hellip;]<\/p>\n","protected":false},"featured_media":1672,"comment_status":"open","ping_status":"closed","template":"","meta":{"_eb_attr":""},"product_brand":[],"product_cat":[42,37],"product_tag":[],"class_list":{"0":"post-1671","1":"product","2":"type-product","3":"status-publish","4":"has-post-thumbnail","6":"product_cat-hieu-canh","7":"product_cat-moonrise","9":"first","10":"outofstock","11":"shipping-taxable","12":"product-type-simple"},"jetpack_sharing_enabled":true,"_links":{"self":[{"href":"https:\/\/nguyenthanhvu.com\/vi\/wp-json\/wp\/v2\/product\/1671","targetHints":{"allow":["GET"]}}],"collection":[{"href":"https:\/\/nguyenthanhvu.com\/vi\/wp-json\/wp\/v2\/product"}],"about":[{"href":"https:\/\/nguyenthanhvu.com\/vi\/wp-json\/wp\/v2\/types\/product"}],"replies":[{"embeddable":true,"href":"https:\/\/nguyenthanhvu.com\/vi\/wp-json\/wp\/v2\/comments?post=1671"}],"wp:featuredmedia":[{"embeddable":true,"href":"https:\/\/nguyenthanhvu.com\/vi\/wp-json\/wp\/v2\/media\/1672"}],"wp:attachment":[{"href":"https:\/\/nguyenthanhvu.com\/vi\/wp-json\/wp\/v2\/media?parent=1671"}],"wp:term":[{"taxonomy":"product_brand","embeddable":true,"href":"https:\/\/nguyenthanhvu.com\/vi\/wp-json\/wp\/v2\/product_brand?post=1671"},{"taxonomy":"product_cat","embeddable":true,"href":"https:\/\/nguyenthanhvu.com\/vi\/wp-json\/wp\/v2\/product_cat?post=1671"},{"taxonomy":"product_tag","embeddable":true,"href":"https:\/\/nguyenthanhvu.com\/vi\/wp-json\/wp\/v2\/product_tag?post=1671"}],"curies":[{"name":"wp","href":"https:\/\/api.w.org\/{rel}","templated":true}]}}