{"id":1693,"date":"2025-08-07T23:25:37","date_gmt":"2025-08-07T16:25:37","guid":{"rendered":"https:\/\/nguyenthanhvu.com\/?post_type=product&#038;p=1693"},"modified":"2025-09-21T17:06:46","modified_gmt":"2025-09-21T10:06:46","slug":"hoang-minh","status":"publish","type":"product","link":"https:\/\/nguyenthanhvu.com\/vi\/san-pham\/hoang-minh\/","title":{"rendered":"Ho\u00e0ng minh"},"content":{"rendered":"<div class=\"pvc_clear\"><\/div>\n<p id=\"pvc_stats_1693\" class=\"pvc_stats total_only  \" data-element-id=\"1693\" style=\"\"><i class=\"pvc-stats-icon medium\" aria-hidden=\"true\"><svg xmlns=\"http:\/\/www.w3.org\/2000\/svg\" version=\"1.0\" viewBox=\"0 0 502 315\" preserveAspectRatio=\"xMidYMid meet\"><g transform=\"translate(0,332) scale(0.1,-0.1)\" fill=\"\" stroke=\"none\"><path d=\"M2394 3279 l-29 -30 -3 -207 c-2 -182 0 -211 15 -242 39 -76 157 -76 196 0 15 31 17 60 15 243 l-3 209 -33 29 c-26 23 -41 29 -80 29 -41 0 -53 -5 -78 -31z\"\/><path d=\"M3085 3251 c-45 -19 -58 -50 -96 -229 -47 -217 -49 -260 -13 -295 52 -53 146 -42 177 20 16 31 87 366 87 410 0 70 -86 122 -155 94z\"\/><path d=\"M1751 3234 c-13 -9 -29 -31 -37 -50 -12 -29 -10 -49 21 -204 19 -94 39 -189 45 -210 14 -50 54 -80 110 -80 34 0 48 6 76 34 21 21 34 44 34 59 0 14 -18 113 -40 219 -37 178 -43 195 -70 221 -36 32 -101 37 -139 11z\"\/><path d=\"M1163 3073 c-36 -7 -73 -59 -73 -102 0 -56 133 -378 171 -413 34 -32 83 -37 129 -13 70 36 67 87 -16 290 -86 209 -89 214 -129 231 -35 14 -42 15 -82 7z\"\/><path d=\"M3689 3066 c-15 -9 -33 -30 -42 -48 -48 -103 -147 -355 -147 -375 0 -98 131 -148 192 -74 13 15 57 108 97 206 80 196 84 226 37 273 -30 30 -99 39 -137 18z\"\/><path d=\"M583 2784 c-38 -19 -67 -74 -58 -113 9 -42 211 -354 242 -373 16 -10 45 -18 66 -18 51 0 107 52 107 100 0 39 -1 41 -124 234 -80 126 -108 162 -133 173 -41 17 -61 16 -100 -3z\"\/><path d=\"M4250 2784 c-14 -9 -74 -91 -133 -183 -95 -150 -107 -173 -107 -213 0 -55 33 -94 87 -104 67 -13 90 8 211 198 130 202 137 225 78 284 -27 27 -42 34 -72 34 -22 0 -50 -8 -64 -16z\"\/><path d=\"M2275 2693 c-553 -48 -1095 -270 -1585 -649 -135 -104 -459 -423 -483 -476 -23 -49 -22 -139 2 -186 73 -142 361 -457 571 -626 285 -228 642 -407 990 -497 242 -63 336 -73 660 -74 310 0 370 5 595 52 535 111 1045 392 1455 803 122 121 250 273 275 326 19 41 19 137 0 174 -41 79 -309 363 -465 492 -447 370 -946 591 -1479 653 -113 14 -422 18 -536 8z m395 -428 c171 -34 330 -124 456 -258 112 -119 167 -219 211 -378 27 -96 24 -300 -5 -401 -72 -255 -236 -447 -474 -557 -132 -62 -201 -76 -368 -76 -167 0 -236 14 -368 76 -213 98 -373 271 -451 485 -162 444 86 934 547 1084 153 49 292 57 452 25z m909 -232 c222 -123 408 -262 593 -441 76 -74 138 -139 138 -144 0 -16 -233 -242 -330 -319 -155 -123 -309 -223 -461 -299 l-81 -41 32 46 c18 26 49 83 70 128 143 306 141 649 -6 957 -25 52 -61 116 -79 142 l-34 47 45 -20 c26 -10 76 -36 113 -56z m-2057 25 c-40 -58 -105 -190 -130 -263 -110 -324 -59 -707 132 -981 25 -35 42 -64 37 -64 -19 0 -241 119 -326 174 -188 122 -406 314 -532 468 l-58 71 108 103 c185 178 428 349 672 473 66 33 121 60 123 61 2 0 -10 -19 -26 -42z\"\/><path d=\"M2375 1950 c-198 -44 -350 -190 -395 -379 -18 -76 -8 -221 19 -290 114 -284 457 -406 731 -260 98 52 188 154 231 260 27 69 37 214 19 290 -38 163 -166 304 -326 360 -67 23 -215 33 -279 19z\"\/><\/g><\/svg><\/i> <img decoding=\"async\" width=\"16\" height=\"16\" alt=\"Loading\" src=\"https:\/\/nguyenthanhvu.com\/wp-content\/plugins\/page-views-count\/ajax-loader-2x.gif\" border=0 \/><\/p>\n<div class=\"pvc_clear\"><\/div>\n<ul>\n<li><strong>T\u00e1c gi\u1ea3:<\/strong> Nguy\u1ec5n Thanh V\u0169<\/li>\n<li><strong>Ch\u1ea5t li\u1ec7u:<\/strong> S\u01a1n d\u1ea7u tranh v\u1ea3i<\/li>\n<li><strong>K\u00edch th\u01b0\u1edbc:<\/strong> 80 x 120cm<\/li>\n<li><strong>N\u0103m s\u00e1ng t\u00e1c:<\/strong> 2025<\/li>\n<\/ul>\n<p>Trong chu\u1ed7i t\u01b0\u01a1ng quan 1 ng\u00e0y \u2013 1 \u0111\u1eddi ng\u01b0\u1eddi, Ho\u00e0ng Minh l\u00e0 b\u1ee9c tranh \u0111\u1ea1i di\u1ec7n kho\u1ea3ng th\u1eddi gian s\u00e1ng s\u1edbm (5am \u2013 7am) \u1ee9ng v\u1edbi giai \u0111o\u1ea1n Tu\u1ed5i th\u01a1.<\/p>\n<p>\u0110\u00e2y l\u00e0 giai \u0111o\u1ea1n &#8220;b\u00ecnh minh&#8221; c\u1ee7a cu\u1ed9c \u0111\u1eddi. Tr\u1ebb em th\u1ee9c d\u1eady v\u1edbi s\u1ef1 t\u00f2 m\u00f2, kh\u00e1m ph\u00e1 th\u1ebf gi\u1edbi xung quanh. Th\u1eddi gian trong tu\u1ed5i th\u01a1 d\u01b0\u1eddng nh\u01b0 k\u00e9o d\u00e0i v\u00f4 t\u1eadn, m\u1ed7i ng\u00e0y l\u00e0 m\u1ed9t cu\u1ed9c phi\u00eau l\u01b0u m\u1edbi.<\/p>\n<p>B\u1ee9c tranh s\u1eed d\u1ee5ng h\u00ecnh \u1ea3nh Hi\u1ec7p ch\u01b0\u1edfng \u1ea5n \u0111\u1ea1i di\u1ec7n cho s\u1ef1 h\u1ecdc h\u1ecfi v\u1edbi t\u00e2m tr\u00ed \u0111\u1ea7y mong mu\u1ed1n kh\u00e1m ph\u00e1, ng\u00e0y qua ng\u00e0y, h\u01b0\u1edbng v\u1ec1 ph\u00eda tr\u01b0\u1edbc ( ngu\u1ed3n s\u00e1ng \u1ea9n hi\u1ec7n Th\u00ed nguy\u1ec7n th\u1ee7 \u1ea5n &#8211; bi\u1ec3u hi\u1ec7n c\u1ee7a l\u00f2ng t\u1eeb bi ).<\/p>\n<p>Ho\u00e0ng minh, ngh\u0129a l\u00e0 kh\u1edfi \u0111\u1ea7u b\u1eb1ng 1 b\u00ecnh minh huy ho\u00e0ng v\u00e0 c\u0169ng l\u00e0 mong \u01b0\u1edbc tr\u1edf th\u00e0nh m\u1ed9t ng\u01b0\u1eddi c\u00f3 tr\u00ed tu\u1ec7 v\u01b0\u1ee3t tr\u1ed9i v\u00e0 m\u1ed9t cu\u1ed9c \u0111\u1eddi th\u00e0nh c\u00f4ng, r\u1ea1ng r\u1ee1.<\/p>\n","protected":false},"excerpt":{"rendered":"<p>T\u00e1c gi\u1ea3: Nguy\u1ec5n Thanh V\u0169 Ch\u1ea5t li\u1ec7u: S\u01a1n d\u1ea7u tranh v\u1ea3i K\u00edch th\u01b0\u1edbc: 80 x 120cm N\u0103m s\u00e1ng t\u00e1c: 2025 Trong chu\u1ed7i t\u01b0\u01a1ng quan 1 ng\u00e0y \u2013 1 \u0111\u1eddi ng\u01b0\u1eddi, Ho\u00e0ng Minh l\u00e0 b\u1ee9c tranh \u0111\u1ea1i di\u1ec7n kho\u1ea3ng th\u1eddi gian s\u00e1ng s\u1edbm (5am \u2013 7am) \u1ee9ng v\u1edbi giai \u0111o\u1ea1n Tu\u1ed5i th\u01a1. \u0110\u00e2y l\u00e0 giai \u0111o\u1ea1n [&hellip;]<\/p>\n","protected":false},"featured_media":1694,"comment_status":"open","ping_status":"closed","template":"","meta":{"_eb_attr":""},"product_brand":[],"product_cat":[42],"product_tag":[],"class_list":{"0":"post-1693","1":"product","2":"type-product","3":"status-publish","4":"has-post-thumbnail","6":"product_cat-hieu-canh","8":"first","9":"instock","10":"shipping-taxable","11":"product-type-simple"},"jetpack_sharing_enabled":true,"_links":{"self":[{"href":"https:\/\/nguyenthanhvu.com\/vi\/wp-json\/wp\/v2\/product\/1693","targetHints":{"allow":["GET"]}}],"collection":[{"href":"https:\/\/nguyenthanhvu.com\/vi\/wp-json\/wp\/v2\/product"}],"about":[{"href":"https:\/\/nguyenthanhvu.com\/vi\/wp-json\/wp\/v2\/types\/product"}],"replies":[{"embeddable":true,"href":"https:\/\/nguyenthanhvu.com\/vi\/wp-json\/wp\/v2\/comments?post=1693"}],"wp:featuredmedia":[{"embeddable":true,"href":"https:\/\/nguyenthanhvu.com\/vi\/wp-json\/wp\/v2\/media\/1694"}],"wp:attachment":[{"href":"https:\/\/nguyenthanhvu.com\/vi\/wp-json\/wp\/v2\/media?parent=1693"}],"wp:term":[{"taxonomy":"product_brand","embeddable":true,"href":"https:\/\/nguyenthanhvu.com\/vi\/wp-json\/wp\/v2\/product_brand?post=1693"},{"taxonomy":"product_cat","embeddable":true,"href":"https:\/\/nguyenthanhvu.com\/vi\/wp-json\/wp\/v2\/product_cat?post=1693"},{"taxonomy":"product_tag","embeddable":true,"href":"https:\/\/nguyenthanhvu.com\/vi\/wp-json\/wp\/v2\/product_tag?post=1693"}],"curies":[{"name":"wp","href":"https:\/\/api.w.org\/{rel}","templated":true}]}}