{"id":1871,"date":"2026-01-10T21:22:14","date_gmt":"2026-01-10T14:22:14","guid":{"rendered":"https:\/\/nguyenthanhvu.com\/?post_type=product&#038;p=1871"},"modified":"2026-01-10T21:25:43","modified_gmt":"2026-01-10T14:25:43","slug":"mot-nha","status":"publish","type":"product","link":"https:\/\/nguyenthanhvu.com\/vi\/san-pham\/mot-nha\/","title":{"rendered":"M\u1ed9t Nh\u00e0"},"content":{"rendered":"<div class=\"pvc_clear\"><\/div>\n<p id=\"pvc_stats_1871\" class=\"pvc_stats total_only  \" data-element-id=\"1871\" style=\"\"><i class=\"pvc-stats-icon medium\" aria-hidden=\"true\"><svg xmlns=\"http:\/\/www.w3.org\/2000\/svg\" version=\"1.0\" viewBox=\"0 0 502 315\" preserveAspectRatio=\"xMidYMid meet\"><g transform=\"translate(0,332) scale(0.1,-0.1)\" fill=\"\" stroke=\"none\"><path d=\"M2394 3279 l-29 -30 -3 -207 c-2 -182 0 -211 15 -242 39 -76 157 -76 196 0 15 31 17 60 15 243 l-3 209 -33 29 c-26 23 -41 29 -80 29 -41 0 -53 -5 -78 -31z\"\/><path d=\"M3085 3251 c-45 -19 -58 -50 -96 -229 -47 -217 -49 -260 -13 -295 52 -53 146 -42 177 20 16 31 87 366 87 410 0 70 -86 122 -155 94z\"\/><path d=\"M1751 3234 c-13 -9 -29 -31 -37 -50 -12 -29 -10 -49 21 -204 19 -94 39 -189 45 -210 14 -50 54 -80 110 -80 34 0 48 6 76 34 21 21 34 44 34 59 0 14 -18 113 -40 219 -37 178 -43 195 -70 221 -36 32 -101 37 -139 11z\"\/><path d=\"M1163 3073 c-36 -7 -73 -59 -73 -102 0 -56 133 -378 171 -413 34 -32 83 -37 129 -13 70 36 67 87 -16 290 -86 209 -89 214 -129 231 -35 14 -42 15 -82 7z\"\/><path d=\"M3689 3066 c-15 -9 -33 -30 -42 -48 -48 -103 -147 -355 -147 -375 0 -98 131 -148 192 -74 13 15 57 108 97 206 80 196 84 226 37 273 -30 30 -99 39 -137 18z\"\/><path d=\"M583 2784 c-38 -19 -67 -74 -58 -113 9 -42 211 -354 242 -373 16 -10 45 -18 66 -18 51 0 107 52 107 100 0 39 -1 41 -124 234 -80 126 -108 162 -133 173 -41 17 -61 16 -100 -3z\"\/><path d=\"M4250 2784 c-14 -9 -74 -91 -133 -183 -95 -150 -107 -173 -107 -213 0 -55 33 -94 87 -104 67 -13 90 8 211 198 130 202 137 225 78 284 -27 27 -42 34 -72 34 -22 0 -50 -8 -64 -16z\"\/><path d=\"M2275 2693 c-553 -48 -1095 -270 -1585 -649 -135 -104 -459 -423 -483 -476 -23 -49 -22 -139 2 -186 73 -142 361 -457 571 -626 285 -228 642 -407 990 -497 242 -63 336 -73 660 -74 310 0 370 5 595 52 535 111 1045 392 1455 803 122 121 250 273 275 326 19 41 19 137 0 174 -41 79 -309 363 -465 492 -447 370 -946 591 -1479 653 -113 14 -422 18 -536 8z m395 -428 c171 -34 330 -124 456 -258 112 -119 167 -219 211 -378 27 -96 24 -300 -5 -401 -72 -255 -236 -447 -474 -557 -132 -62 -201 -76 -368 -76 -167 0 -236 14 -368 76 -213 98 -373 271 -451 485 -162 444 86 934 547 1084 153 49 292 57 452 25z m909 -232 c222 -123 408 -262 593 -441 76 -74 138 -139 138 -144 0 -16 -233 -242 -330 -319 -155 -123 -309 -223 -461 -299 l-81 -41 32 46 c18 26 49 83 70 128 143 306 141 649 -6 957 -25 52 -61 116 -79 142 l-34 47 45 -20 c26 -10 76 -36 113 -56z m-2057 25 c-40 -58 -105 -190 -130 -263 -110 -324 -59 -707 132 -981 25 -35 42 -64 37 -64 -19 0 -241 119 -326 174 -188 122 -406 314 -532 468 l-58 71 108 103 c185 178 428 349 672 473 66 33 121 60 123 61 2 0 -10 -19 -26 -42z\"\/><path d=\"M2375 1950 c-198 -44 -350 -190 -395 -379 -18 -76 -8 -221 19 -290 114 -284 457 -406 731 -260 98 52 188 154 231 260 27 69 37 214 19 290 -38 163 -166 304 -326 360 -67 23 -215 33 -279 19z\"\/><\/g><\/svg><\/i> <img decoding=\"async\" width=\"16\" height=\"16\" alt=\"Loading\" src=\"https:\/\/nguyenthanhvu.com\/wp-content\/plugins\/page-views-count\/ajax-loader-2x.gif\" border=0 \/><\/p>\n<div class=\"pvc_clear\"><\/div>\n<ul>\n<li><strong>Ch\u1ea5t li\u1ec7u:<\/strong>\u00a0S\u01a1n d\u1ea7u<\/li>\n<li><strong>K\u00edch th\u01b0\u1edbc:<\/strong> 100 cm x 150 cm<\/li>\n<li><strong>N\u0103m s\u00e1ng t\u00e1c:<\/strong> 2026<\/li>\n<\/ul>\n<p>Khi n\u00e0o th\u00ec m\u1edbi s\u1eb5n s\u00e0ng cho vi\u1ec7c c\u00f3 con ?<\/p>\n<p>B\u1ecf qua nh\u1eefng \u0111i\u1ec1u ki\u1ec7n c\u1ea7n th\u00ec\u2026<\/p>\n<p>C\u00f3 \u00fd ki\u1ebfn r\u1eb1ng \u0111\u00f3 ph\u1ea3i l\u00e0 khi m\u00ecnh \u0111\u00e3 tr\u1ea3i nghi\u1ec7m h\u1ebft v\u1ecb \u0111\u1eafng ng\u1ecdt c\u1ee7a cu\u1ed9c \u0111\u1eddi, bi\u1ebft r\u1eb1ng cu\u1ed9c s\u1ed1ng d\u00f9 c\u00f2n nhi\u1ec1u th\u1eed th\u00e1ch nh\u01b0ng v\u1eabn c\u00f2n \u0111\u00f3 r\u1ea5t nhi\u1ec1u ni\u1ec1m vui, bi\u1ebft r\u1eb1ng d\u1eabu th\u1ebf gi\u1edbi ngo\u00e0i kia \u0111\u1ea7y ph\u1ee9c t\u1ea1p \u1ed3n \u00e0o th\u00ec cu\u1ed9c \u0111\u1eddi n\u00e0y v\u1eabn x\u1ee9ng \u0111\u00e1ng \u0111\u1ec3 d\u1ea5n b\u01b0\u1edbc. V\u00ec v\u1eady m\u00ecnh quy\u1ebft t\u00e2m \u0111em th\u1ebf gi\u1edbi th\u00fa v\u1ecb n\u00e0y gi\u1edbi thi\u1ec7u cho 1 \u0111\u1ee9a tr\u1ebb.<\/p>\n<p>M\u1ed9t nh\u00e0 l\u00e0 b\u1ee9c tranh v\u1ebd l\u1ea1i c\u1ea3nh \u00fd \u0111\u00f3, t\u1eeb s\u1ef1 k\u1ebft h\u1ee3p c\u1ee7a 3 h\u00ecnh th\u00e1i ( ch\u1eef nh\u1eadt c\u1ee7a tranh, tam gi\u00e1c c\u1ee7a ch\u1ee7 th\u1ec3 ch\u00ednh, xo\u1eafc \u1ed1c c\u1ee7a hoa tay &#8211; mang \u00fd ngh\u0129a v\u1ec1 s\u1ef1 v\u1eefng b\u1ec1n &#8211; \u1ea9n hi\u1ec7n l\u00e0m n\u1ec1n ) \u0111\u1ec3 t\u1ea1o k\u1ebft c\u1ea5u ch\u1eb7t ch\u1ebd cho \u0111\u1ebfn tinh th\u1ea7n c\u1ee7a r\u1ed3ng v\u00e0 r\u1eafn \u0111\u1ed1i \u0111\u00e1p trong tranh ( 1 b\u00ean h\u01b0\u1edbng l\u00ean l\u1eafng nghe \u2013 \u0111\u01b0\u1ee3c \u0111i\u1ec3m s\u00e1ng, 1 b\u00ean h\u01b0\u1edbng xu\u1ed1ng tr\u1ea7m \u1ed5n b\u1ea3o ban ) c\u00f9ng h\u00ecnh \u1ea3nh m\u1eb7t tr\u0103ng \u1edf gi\u1eefa t\u01b0\u1ee3ng tr\u01b0ng cho s\u1ef1 bao dung v\u00e0 l\u00f2ng tr\u1eafc \u1ea9n \u2013 nh\u1eefng \u0111i\u1ec1u c\u1ea7n c\u00f3, lu\u00f4n hi\u1ec7n h\u1eefu trong m\u1ed7i m\u00e1i nh\u00e0.<\/p>\n<p>V\u1edbi m\u00ecnh \u0111\u00e2y s\u1ebd l\u00e0 b\u1ea7u kh\u00f4ng kh\u00ed \u0111\u1ea7y \u1eafp t\u00ecnh y\u00eau th\u01b0\u01a1ng v\u00e0 s\u1ef1 l\u1eafng nghe l\u1eabn nhau, con tr\u1ebb c\u00f9ng nhau l\u1edbn l\u00ean d\u01b0\u1edbi s\u1ef1 d\u1eabn d\u1eaft v\u00e0 d\u00f5i theo c\u1ee7a ng\u01b0\u1eddi l\u1edbn. Mong r\u1eb1ng ngo\u00e0i kia ai c\u0169ng c\u00f3 1 ch\u1ed1n \u0111\u1ec3 v\u1ec1, 1 ni\u1ec1m tin \u0111\u1ec3 d\u1eabn l\u1ed1i; m\u00e1i nh\u00e0 \u0111\u00f4i khi h\u1eefu h\u00ecnh nh\u01b0ng ch\u1ec9 c\u1ea7n trong l\u00f2ng c\u00f2n c\u00f3, d\u1eabu l\u00e0 1 \u00fd ngh\u0129 c\u0169ng \u0111\u1ee7 \u0111\u1ec3 m\u00ecnh v\u1eefng b\u01b0\u1edbc tr\u00ean v\u1ea1n n\u1ebbo \u0111\u01b0\u1eddng \u0111\u1eddi, d\u00f9 ch\u00f4ng gai hay b\u1eb1ng ph\u1eb3ng.<\/p>\n","protected":false},"excerpt":{"rendered":"<p>Ch\u1ea5t li\u1ec7u:\u00a0S\u01a1n d\u1ea7u K\u00edch th\u01b0\u1edbc: 100 cm x 150 cm N\u0103m s\u00e1ng t\u00e1c: 2026 Khi n\u00e0o th\u00ec m\u1edbi s\u1eb5n s\u00e0ng cho vi\u1ec7c c\u00f3 con ? B\u1ecf qua nh\u1eefng \u0111i\u1ec1u ki\u1ec7n c\u1ea7n th\u00ec\u2026 C\u00f3 \u00fd ki\u1ebfn r\u1eb1ng \u0111\u00f3 ph\u1ea3i l\u00e0 khi m\u00ecnh \u0111\u00e3 tr\u1ea3i nghi\u1ec7m h\u1ebft v\u1ecb \u0111\u1eafng ng\u1ecdt c\u1ee7a cu\u1ed9c \u0111\u1eddi, bi\u1ebft r\u1eb1ng cu\u1ed9c s\u1ed1ng [&hellip;]<\/p>\n","protected":false},"featured_media":1872,"comment_status":"open","ping_status":"closed","template":"","meta":{"_eb_attr":""},"product_brand":[],"product_cat":[38],"product_tag":[],"class_list":{"0":"post-1871","1":"product","2":"type-product","3":"status-publish","4":"has-post-thumbnail","6":"product_cat-phat-ngu-tu-linh","8":"first","9":"outofstock","10":"shipping-taxable","11":"product-type-simple"},"jetpack_sharing_enabled":true,"_links":{"self":[{"href":"https:\/\/nguyenthanhvu.com\/vi\/wp-json\/wp\/v2\/product\/1871","targetHints":{"allow":["GET"]}}],"collection":[{"href":"https:\/\/nguyenthanhvu.com\/vi\/wp-json\/wp\/v2\/product"}],"about":[{"href":"https:\/\/nguyenthanhvu.com\/vi\/wp-json\/wp\/v2\/types\/product"}],"replies":[{"embeddable":true,"href":"https:\/\/nguyenthanhvu.com\/vi\/wp-json\/wp\/v2\/comments?post=1871"}],"wp:featuredmedia":[{"embeddable":true,"href":"https:\/\/nguyenthanhvu.com\/vi\/wp-json\/wp\/v2\/media\/1872"}],"wp:attachment":[{"href":"https:\/\/nguyenthanhvu.com\/vi\/wp-json\/wp\/v2\/media?parent=1871"}],"wp:term":[{"taxonomy":"product_brand","embeddable":true,"href":"https:\/\/nguyenthanhvu.com\/vi\/wp-json\/wp\/v2\/product_brand?post=1871"},{"taxonomy":"product_cat","embeddable":true,"href":"https:\/\/nguyenthanhvu.com\/vi\/wp-json\/wp\/v2\/product_cat?post=1871"},{"taxonomy":"product_tag","embeddable":true,"href":"https:\/\/nguyenthanhvu.com\/vi\/wp-json\/wp\/v2\/product_tag?post=1871"}],"curies":[{"name":"wp","href":"https:\/\/api.w.org\/{rel}","templated":true}]}}